{"id":188,"date":"2025-03-11T04:42:45","date_gmt":"2025-03-11T09:42:45","guid":{"rendered":"https:\/\/www.sonidohiphop.com\/?page_id=188"},"modified":"2026-04-17T13:35:54","modified_gmt":"2026-04-17T18:35:54","slug":"eventos","status":"publish","type":"page","link":"https:\/\/www.sonidohiphop.com\/?page_id=188","title":{"rendered":"Eventos"},"content":{"rendered":"\n\n\n\n<p><font style=\"vertical-align: inherit;\"><font style=\"vertical-align: inherit;\">eventos<\/font><\/font><\/p>\n\n\n\n\n\n\n\n\n\n\n\n\n\n\n\n\n\n\n\n\n\n\n\n\n\n\n<p style=\"text-align: right; \"><span style=\"font-size: 20px; color: rgb(255, 255, 255);\"><strong style=\"line-height: 1;\">LOREM CORPORATE CEO<\/strong><\/span><\/p><p style=\"text-align: center;\"><span style=\"color: rgb(255, 255, 255);\">Duis aute irure dolor in reprehenderit in voluptate velit esse cillum dolore eu fugiat nulla pariatur. Excepteur sint occaecat cupidatat non proident, sunt in culpa qui officia deserunt mollit anim id est laborum.<\/span><\/p><p style=\"text-align: left;\"><sign>\u00a0 \u00a0 \u00a0 <span style=\"line-height: 2.0;\">Benn Marshall<\/span><\/sign><\/p>\n\n\n<h1><p class=\"MsoNormal\" style=\"mso-margin-top-alt:auto;mso-margin-bottom-alt:auto;\ntext-align:justify;line-height:normal;mso-outline-level:1\"><b><span style=\"font-size:14.0pt;font-family:&quot;Arial&quot;,sans-serif;mso-fareast-font-family:\n&quot;Times New Roman&quot;;mso-font-kerning:18.0pt;mso-fareast-language:ES-CO\">Font\nMaster presenta \u201cLa Realidad Detr\u00e1s de Mis Canciones\u201d: un lanzamiento cargado\nde esencia y mensaje<o:p><\/o:p><\/span><\/b><\/p><\/h1>\n<p class=\"MsoNormal\" style=\"mso-margin-top-alt:auto;mso-margin-bottom-alt:auto;\ntext-align:justify;line-height:normal\"><span style=\"font-size:14.0pt;\nfont-family:&quot;Arial&quot;,sans-serif;mso-fareast-font-family:&quot;Times New Roman&quot;;\nmso-fareast-language:ES-CO\">La escena Hip Hop en la Sabana Occidente se sigue\nfortaleci\u00e9ndose con propuestas aut\u00e9nticas y cargadas de contenido. Este <b>1 de\nmayo<\/b>, el artista Font Master El Rompe Cr\u00e1neos realizar\u00e1 el lanzamiento\noficial de su nueva producci\u00f3n musical titulada <b>\u201cLa Realidad Detr\u00e1s de Mis\nCanciones\u201d<\/b>, un trabajo que promete conectar desde la vivencia, la cr\u00edtica\nsocial y la identidad del Rap conciencia.<o:p><\/o:p><\/span><\/p><p class=\"MsoNoSpacing\" style=\"text-align:justify\">\n\n<\/p><p class=\"MsoNormal\" style=\"mso-margin-top-alt:auto;mso-margin-bottom-alt:auto;\ntext-align:justify;line-height:normal\"><span style=\"font-size:14.0pt;\nfont-family:&quot;Arial&quot;,sans-serif;mso-fareast-font-family:&quot;Times New Roman&quot;;\nmso-fareast-language:ES-CO\">El evento se llevar\u00e1 a cabo en el emblem\u00e1tico\nTeatro Caf\u00e9 Bar Macondo, un espacio reconocido por abrir sus puertas a la\ncultura alternativa y a los sonidos que nacen desde el barrio.<o:p><\/o:p><\/span><\/p>\n\n\n\n\n\n\n\n\n\n\n\n\n\n\n\n\n\n\n\n\n\n\n\n\n\n\n\n\n<p style=\"text-align: right; \"><span style=\"font-size: 20px; color: rgb(255, 255, 255);\"><strong style=\"line-height: 1;\">LOREM CORPORATE CEO<\/strong><\/span><\/p><p style=\"text-align: center;\"><span style=\"color: rgb(255, 255, 255);\">Duis aute irure dolor in reprehenderit in voluptate velit esse cillum dolore eu fugiat nulla pariatur. Excepteur sint occaecat cupidatat non proident, sunt in culpa qui officia deserunt mollit anim id est laborum.<\/span><\/p><p style=\"text-align: left;\"><sign>\u00a0 \u00a0 \u00a0 <span style=\"line-height: 2.0;\">Benn Marshall<\/span><\/sign><\/p>\n\n\n<h1><p class=\"MsoNoSpacing\"><span style=\"font-size: 21.3333px;\"><strong>IV Encuentro Internacional &#8211; Repensar El Hip Hop<\/strong><\/span><\/p><\/h1>\n<p class=\"MsoNormal\" style=\"text-align:justify\">De manera oficial, el IV\nEncuentro Internacional Repensar el Hip Hop comenzar\u00e1 de manera virtual. Del 18\nal 20 de marzo, desde Facebook, tendremos el gusto de compartir varias mesas de\ndi\u00e1logo, foros bibliogr\u00e1ficos y m\u00e1s conversatorios.<o:p><\/o:p><\/p><p>\n\n<\/p><p class=\"MsoNoSpacing\" style=\"text-align:justify\"><span style=\"font-size:16.0pt\">&nbsp;<\/span><\/p>\n\n\n\n\n\n\n\n\n\n\n\n\n\n\n\n\n\n\n\n\n\n\n\n\n\n\n\n\n<p style=\"text-align: right; \"><span style=\"font-size: 20px; color: rgb(255, 255, 255);\"><strong style=\"line-height: 1;\">LOREM CORPORATE CEO<\/strong><\/span><\/p><p style=\"text-align: center;\"><span style=\"color: rgb(255, 255, 255);\">Duis aute irure dolor in reprehenderit in voluptate velit esse cillum dolore eu fugiat nulla pariatur. Excepteur sint occaecat cupidatat non proident, sunt in culpa qui officia deserunt mollit anim id est laborum.<\/span><\/p><p style=\"text-align: left;\"><sign>\u00a0 \u00a0 \u00a0 <span style=\"line-height: 2.0;\">Benn Marshall<\/span><\/sign><\/p>\n\n\n<h1><p class=\"MsoNoSpacing\"><b><span style=\"font-size:16.0pt;font-family:&quot;Arial&quot;,sans-serif\">Festival Muestras Para\nNo Delikir 13 llega a La Media Torta este 21 de febrero<o:p><\/o:p><\/span><\/b><\/p><\/h1>\n<p class=\"MsoNoSpacing\" style=\"text-align:justify\"><span style=\"font-size:14.0pt;\nfont-family:&quot;Arial&quot;,sans-serif\">Bogot\u00e1 D.C. \u2013 La cultura Hip Hop vuelve a\ntomarse uno de los escenarios m\u00e1s emblem\u00e1ticos de la capital con la edici\u00f3n\nn\u00famero 13 del Festival Muestras Para No Delikir, un encuentro que celebra el\narte urbano como herramienta de resistencia, conciencia y transformaci\u00f3n\nsocial.<o:p><\/o:p><\/span><\/p><p class=\"MsoNoSpacing\" style=\"text-align:justify\"><span style=\"font-size:14.0pt;\nfont-family:&quot;Arial&quot;,sans-serif\">El pr\u00f3ximo 21 de febrero, el hist\u00f3rico\nescenario de la La Media Torta ser\u00e1 el punto de encuentro para artistas,\ncolectivos y amantes del movimiento que durante a\u00f1os han construido escena\ndesde la independencia y el trabajo comunitario.<o:p><\/o:p><\/span><\/p><p class=\"MsoNoSpacing\" style=\"text-align:justify\">\n\n\n\n<\/p><p class=\"MsoNoSpacing\" style=\"text-align:justify\"><span style=\"font-size:14.0pt;\nfont-family:&quot;Arial&quot;,sans-serif\">13 ediciones fortaleciendo la cultura<o:p><\/o:p><\/span><\/p>\n\n\n\n\n\n\n\n\n\n\n\n\n\n\n\n\n\n\n\n\n\n\n\n\n\n\n\n\n<p style=\"text-align: right; \"><span style=\"font-size: 20px; color: rgb(255, 255, 255);\"><strong style=\"line-height: 1;\">LOREM CORPORATE CEO<\/strong><\/span><\/p><p style=\"text-align: center;\"><span style=\"color: rgb(255, 255, 255);\">Duis aute irure dolor in reprehenderit in voluptate velit esse cillum dolore eu fugiat nulla pariatur. Excepteur sint occaecat cupidatat non proident, sunt in culpa qui officia deserunt mollit anim id est laborum.<\/span><\/p><p style=\"text-align: left;\"><sign>\u00a0 \u00a0 \u00a0 <span style=\"line-height: 2.0;\">Benn Marshall<\/span><\/sign><\/p>\n\n\n<h1><p class=\"MsoNoSpacing\"><span style=\"font-size: 21.3333px;\"><b>Festival Cuida Natura<\/b><\/span><\/p><\/h1>\n<p class=\"MsoNoSpacing\" style=\"text-align:justify\"><span lang=\"ES\" style=\"font-size:14.0pt;font-family:&quot;Arial&quot;,sans-serif;mso-ansi-language:ES\">La\ncapital se alista para vivir una de esas fechas donde la cultura deja de ser\nsolo espect\u00e1culo y se transforma en motor de cambio. El 14 de febrero de 2026,\ndesde las 10:00 a.m., el Parque Renacimiento abrir\u00e1 sus puertas a una nueva\nedici\u00f3n del Festival Cuida Natura, un encuentro que ya suma 14 versiones\nuniendo m\u00fasica, arte y conciencia ambiental en Bogot\u00e1.<o:p><\/o:p><\/span><\/p><p>\n\n<\/p><p class=\"MsoNoSpacing\" style=\"text-align:justify\"><span style=\"font-size:16.0pt\">&nbsp;<\/span><\/p>\n\n\n\n\n\n\n\n\n\n\n\n\n\n\n\n\n\n\n\n\n\n\n\n\n\n\n\n\n<p style=\"text-align: right; \"><span style=\"font-size: 20px; color: rgb(255, 255, 255);\"><strong style=\"line-height: 1;\">LOREM CORPORATE CEO<\/strong><\/span><\/p><p style=\"text-align: center;\"><span style=\"color: rgb(255, 255, 255);\">Duis aute irure dolor in reprehenderit in voluptate velit esse cillum dolore eu fugiat nulla pariatur. Excepteur sint occaecat cupidatat non proident, sunt in culpa qui officia deserunt mollit anim id est laborum.<\/span><\/p><p style=\"text-align: left;\"><sign>\u00a0 \u00a0 \u00a0 <span style=\"line-height: 2.0;\">Benn Marshall<\/span><\/sign><\/p>\n\n\n<h1><p class=\"MsoNoSpacing\"><span style=\"font-size:16.0pt\"><b>Vagos\nFest 2026: La Media Torta vibr\u00f3 al ritmo del Hip Hop<o:p><\/o:p><\/b><\/span><\/p><\/h1>\n<p class=\"MsoNoSpacing\" style=\"text-align:justify\"><span style=\"font-size:16.0pt\">La\nMedia Torta volvi\u00f3 a convertirse en un templo de la cultura Hip Hop con la\nrealizaci\u00f3n del Vagos Fest 2026 \u2013 Edici\u00f3n Especial, un evento que reuni\u00f3 a\nartistas, colectivos, gestores culturales y p\u00fablico de distintas localidades de\nla ciudad en torno al Hip Hop como expresi\u00f3n art\u00edstica, social y comunitaria.<o:p><\/o:p><\/span><\/p><p>\n\n<\/p><p class=\"MsoNoSpacing\" style=\"text-align:justify\"><span style=\"font-size:16.0pt\">&nbsp;<\/span><\/p>\n\n\n\n\n\n\n\n\n\n\n\n\n\n\n\n\n\n\n\n\n\n\n\n\n\n\n\n\n<p style=\"text-align: right; \"><span style=\"font-size: 20px; color: rgb(255, 255, 255);\"><strong style=\"line-height: 1;\">LOREM CORPORATE CEO<\/strong><\/span><\/p><p style=\"text-align: center;\"><span style=\"color: rgb(255, 255, 255);\">Duis aute irure dolor in reprehenderit in voluptate velit esse cillum dolore eu fugiat nulla pariatur. Excepteur sint occaecat cupidatat non proident, sunt in culpa qui officia deserunt mollit anim id est laborum.<\/span><\/p><p style=\"text-align: left;\"><sign>\u00a0 \u00a0 \u00a0 <span style=\"line-height: 2.0;\">Benn Marshall<\/span><\/sign><\/p>\n\n\n<h1><p class=\"MsoNoSpacing\"><span style=\"font-size:16.0pt\"><strong>Vagos\nFest 2026<o:p><\/o:p><\/strong><\/span><\/p><\/h1>\n<div class=\"pagelayer-heading-holder\"><p class=\"MsoNoSpacing\"><span style=\"font-size:16.0pt\">Se inician los grandes\neventos en la ciudad de Bogot\u00e1 con la llegada de la edici\u00f3n m\u00e1s grande del\nVagos Fest, que este 2026 llega a uno de los escenarios m\u00e1s emblem\u00e1ticos de\nBogot\u00e1: La Media Torta.<o:p><\/o:p><\/span><\/p><p class=\"MsoNoSpacing\"><span style=\"font-size:16.0pt\">Rap, cultura urbana,\nnuevas voces, leyendas, barrio y ciudad reunidos en una sola experiencia.<\/span><\/p><p class=\"MsoNoSpacing\"><span style=\"font-size:16.0pt\">7 de febrero de 2026<o:p><\/o:p><\/span><\/p><p class=\"MsoNoSpacing\"><span style=\"font-size:16.0pt\">Desde las 11:00 a.m.<o:p><\/o:p><\/span><\/p><p class=\"MsoNoSpacing\"><span style=\"font-size:16.0pt\">Entrada libre \u00b7 Aforo\nlimitado<\/span><\/p><\/div>\n\n\n\n\n\n\n\n\n\n\n\n\n\n\n\n\n\n\n\n\n\n\n\n\n\n\n\n\n<p style=\"text-align: right; \"><span style=\"font-size: 20px; color: rgb(255, 255, 255);\"><strong style=\"line-height: 1;\">LOREM CORPORATE CEO<\/strong><\/span><\/p><p style=\"text-align: center;\"><span style=\"color: rgb(255, 255, 255);\">Duis aute irure dolor in reprehenderit in voluptate velit esse cillum dolore eu fugiat nulla pariatur. Excepteur sint occaecat cupidatat non proident, sunt in culpa qui officia deserunt mollit anim id est laborum.<\/span><\/p><p style=\"text-align: left;\"><sign>\u00a0 \u00a0 \u00a0 <span style=\"line-height: 2.0;\">Benn Marshall<\/span><\/sign><\/p>\n\n\n<h1><font style=\"vertical-align: inherit;\"><font style=\"vertical-align: inherit;\"><font style=\"vertical-align: inherit;\"><font style=\"vertical-align: inherit;\"><font dir=\"auto\" style=\"vertical-align: inherit;\"><font dir=\"auto\" style=\"vertical-align: inherit;\">Festival Revoluci\u00f3n Con Sentido<\/font><\/font><\/font><\/font><\/font><\/font><\/h1>\n<p class=\"MsoNoSpacing\"><span lang=\"ES\" style=\"font-size:14.0pt;mso-ansi-language:\nES\">\u00a1Se viene el Festival Hip Hop Revoluci\u00f3n con Sentido! <o:p><\/o:p><\/span><\/p><p class=\"MsoNoSpacing\"><span lang=\"ES\" style=\"font-size:14.0pt;mso-ansi-language:\nES\">Una experiencia donde el arte urbano se convierte en voz, fuerza y\ntransformaci\u00f3n.<o:p><\/o:p><\/span><\/p><p class=\"MsoNoSpacing\"><span lang=\"ES\" style=\"font-size:14.0pt;mso-ansi-language:\nES\">En esta ocasi\u00f3n a trav\u00e9s del Breaking, el Rap y el emprendimiento.<o:p><\/o:p><\/span><\/p><p class=\"MsoNoSpacing\"><span lang=\"ES\" style=\"font-size:14.0pt;mso-ansi-language:\nES\">Desde el equipo del Festival Hip Hop Revoluci\u00f3n con Sentido nos complace\ncompartir con ustedes <o:p><\/o:p><\/span><\/p><p class=\"MsoNoSpacing\">\n\n\n\n\n\n\n\n<\/p><p class=\"MsoNoSpacing\"><span lang=\"ES\" style=\"font-size:14.0pt;mso-ansi-language:\nES\">el listado de agrupaciones y artistas solistas de m\u00fasica Rap que pasan al\nsiguiente filtro \u2013 jornada clasificatoria que se realizar\u00e1 el d\u00eda 21 de\nseptiembre en el Centro Cultural Casa Turquesa Carrera 101 # 23 b 43 desde la 1\npm.&nbsp;<o:p><\/o:p><\/span><\/p>\n\n\n\n\n\n\n\n\n\n\n\n\n\n\n\n\n\n\n\n\n\n\n\n\n\n\n\n\n<p style=\"text-align: right; \"><span style=\"font-size: 20px; color: rgb(255, 255, 255);\"><strong style=\"line-height: 1;\">LOREM CORPORATE CEO<\/strong><\/span><\/p><p style=\"text-align: center;\"><span style=\"color: rgb(255, 255, 255);\">Duis aute irure dolor in reprehenderit in voluptate velit esse cillum dolore eu fugiat nulla pariatur. Excepteur sint occaecat cupidatat non proident, sunt in culpa qui officia deserunt mollit anim id est laborum.<\/span><\/p><p style=\"text-align: left;\"><sign>\u00a0 \u00a0 \u00a0 <span style=\"line-height: 2.0;\">Benn Marshall<\/span><\/sign><\/p>\n\n\n<h1>VAGOS FEST 2025<\/h1>\n<p><span lang=\"ES\" style=\"font-size:11.5pt;line-height:\n107%;font-family:&quot;Segoe UI Historic&quot;,sans-serif;mso-fareast-font-family:Calibri;\nmso-fareast-theme-font:minor-latin;color:#080809;mso-ansi-language:ES;\nmso-fareast-language:EN-US;mso-bidi-language:AR-SA\"><span style=\"background-image: initial; background-position: initial; background-size: initial; background-repeat: initial; background-attachment: initial; background-origin: initial; background-clip: initial;\"><span style=\"text-decoration-style: initial;\"><font style=\"vertical-align: inherit;\"><font style=\"vertical-align: inherit;\">\u00a1Gracias totales a todas las agrupaciones y emprendedores que se inscribieron!<\/font><\/font><\/span><\/span><br style=\"text-decoration-style: initial;\">\n<span style=\"background-image: initial; background-position: initial; background-size: initial; background-repeat: initial; background-attachment: initial; background-origin: initial; background-clip: initial;\"><font style=\"vertical-align: inherit;\"><font style=\"vertical-align: inherit;\"> Desde el equipo del Vagos Fest 2025 queremos expresar nuestro m\u00e1s profundo agradecimiento a cada artista de RAP y a cada emprendimiento del sector cultural que decidi\u00f3 sumarse a esta gran convocatoria.<\/font><\/font><\/span><\/span><br style=\"text-decoration-style: initial;\">\n<span style=\"background-image: initial; background-position: initial; background-size: initial; background-repeat: initial; background-attachment: initial; background-origin: initial; background-clip: initial;\"><font style=\"vertical-align: inherit;\"><font style=\"vertical-align: inherit;\"> Recibimos 55 propuestas de agrupaciones y solistas de RAP, y 18 propuestas de emprendimientos creativos comprometidos con la cultura Hip Hop y el crecimiento del barrio.<\/font><\/font><\/span><br style=\"text-decoration-style: initial;\">\n<span style=\"background-image: initial; background-position: initial; background-size: initial; background-repeat: initial; background-attachment: initial; background-origin: initial; background-clip: initial;\"><font style=\"vertical-align: inherit;\"><font style=\"vertical-align: inherit;\">\u00a1Una respuesta incre\u00edble que demuestra que Kennedy vibra con talento, fuerza y \u200b\u200bresistencia!<\/font><\/font><\/span><\/p>\n\n\n\n\n\n\n\n\n\n\n\n\n\n\n\n\n\n\n\n\n\n\n\n\n\n\n\n\n<p style=\"text-align: right; \"><span style=\"font-size: 20px; color: rgb(255, 255, 255);\"><strong style=\"line-height: 1;\">LOREM CORPORATE CEO<\/strong><\/span><\/p><p style=\"text-align: center;\"><span style=\"color: rgb(255, 255, 255);\">Duis aute irure dolor in reprehenderit in voluptate velit esse cillum dolore eu fugiat nulla pariatur. Excepteur sint occaecat cupidatat non proident, sunt in culpa qui officia deserunt mollit anim id est laborum.<\/span><\/p><p style=\"text-align: left;\"><sign>\u00a0 \u00a0 \u00a0 <span style=\"line-height: 2.0;\">Benn Marshall<\/span><\/sign><\/p>\n\n\n<h1><font style=\"vertical-align: inherit;\"><font style=\"vertical-align: inherit;\">Festival Hip Hop Al Parque 2025<\/font><\/font><\/h1>\n<p class=\"MsoNormal\" style=\"text-align:justify\"><span lang=\"ES\" style=\"font-size:\n12.0pt;line-height:107%;mso-ansi-language:ES\">Se avecina el festival Hip Hop m\u00e1s\nimportante de Latinoam\u00e9rica y ya tiene una fecha confirmada, los d\u00edas 23 y 24\nde agosto en el Parque Metropolitano Sim\u00f3n Bol\u00edvar en la ciudad de Bogot\u00e1,\ntodos los elementos de la cultura Hip Hop reunidos en un gran festival.<o:p><\/o:p><\/span><\/p><p class=\"MsoNormal\" style=\"margin-bottom: 0.0001pt; text-align: justify; line-height: normal; background-image: initial; background-position: initial; background-size: initial; background-repeat: initial; background-attachment: initial; background-origin: initial; background-clip: initial;\">\n\n<\/p><p class=\"MsoNormal\" style=\"text-align:justify\"><span lang=\"ES\" style=\"font-size:\n12.0pt;line-height:107%;mso-ansi-language:ES\">Ya se conoci\u00f3 la lista de Mc\u00b4s\nclasificados para audicionar para lograr un espacio en el Hip Hop Al Parque\n2025, estos son los seleccionados:<o:p><\/o:p><\/span><\/p>\n<p><font style=\"vertical-align: inherit;\"><font style=\"vertical-align: inherit;\">,<\/font><\/font><\/p>\n\n\n\n\n\n\n\n\n\n\n\n\n\n\n\n\n\n\n\n\n\n\n\n\n\n\n\n\n<p style=\"text-align: right; \"><span style=\"font-size: 20px; color: rgb(255, 255, 255);\"><strong style=\"line-height: 1;\">LOREM CORPORATE CEO<\/strong><\/span><\/p><p style=\"text-align: center;\"><span style=\"color: rgb(255, 255, 255);\">Duis aute irure dolor in reprehenderit in voluptate velit esse cillum dolore eu fugiat nulla pariatur. Excepteur sint occaecat cupidatat non proident, sunt in culpa qui officia deserunt mollit anim id est laborum.<\/span><\/p><p style=\"text-align: left;\"><sign>\u00a0 \u00a0 \u00a0 <span style=\"line-height: 2.0;\">Benn Marshall<\/span><\/sign><\/p>\n\n\n<h1><font style=\"vertical-align: inherit;\"><font style=\"vertical-align: inherit;\"><font style=\"vertical-align: inherit;\"><font style=\"vertical-align: inherit;\">Festival De Arte Callejero<\/font><\/font><\/font><\/font><\/h1>\n\n\n\n\n\n\n\n\n\n\n\n\n\n\n\n\n\n\n\n\n\n\n\n\n\n<p>Lorem ipsum dolor sit amet, consectetur adipiscing elit, sed do eiusmod tempor incididunt ut labore et dolore magna aliqua. Ut enim ad minim veniam, quis nostrud exercitation ullamco laboris nisi ut aliquip ex ea commodo consequat.<\/p>\n\n\n\n\n\n\n\n\n\n\n\n\n\n\n\n\n\n\n\n\n\n\n\n\n\n<p>Lorem ipsum dolor sit amet, consectetur adipiscing elit, sed do eiusmod tempor incididunt ut labore et dolore magna aliqua. Ut enim ad minim veniam,<\/p>\n\n\n\n\n\n\n\n\n\n\n\n\n\n\n\n\n\n\n\n\n\n\n\n\n\n\n\n<p style=\"text-align: right; \"><span style=\"font-size: 20px; color: rgb(255, 255, 255);\"><strong style=\"line-height: 1;\">LOREM CORPORATE CEO<\/strong><\/span><\/p><p style=\"text-align: center;\"><span style=\"color: rgb(255, 255, 255);\">Duis aute irure dolor in reprehenderit in voluptate velit esse cillum dolore eu fugiat nulla pariatur. Excepteur sint occaecat cupidatat non proident, sunt in culpa qui officia deserunt mollit anim id est laborum.<\/span><\/p><p style=\"text-align: left;\"><sign>\u00a0 \u00a0 \u00a0 <span style=\"line-height: 2.0;\">Benn Marshall<\/span><\/sign><\/p>\n\n\n<h1><font style=\"vertical-align: inherit;\"><font style=\"vertical-align: inherit;\"><font style=\"vertical-align: inherit;\"><font style=\"vertical-align: inherit;\">Fiesta de los Vagos 2023<\/font><\/font><\/font><\/font><\/h1>\n<p class=\"MsoNormal\" style=\"margin-bottom: 0.0001pt; text-align: justify; line-height: normal; background-image: initial; background-position: initial; background-size: initial; background-repeat: initial; background-attachment: initial; background-origin: initial; background-clip: initial;\"><span lang=\"ES\" style=\"font-size:\n14.0pt;font-family:&quot;Helvetica&quot;,sans-serif;mso-fareast-font-family:&quot;Times New Roman&quot;;\ncolor:black;mso-themecolor:text1;mso-fareast-language:ES\">El Vagos Fest est\u00e1 a\npunto de estallar! Prep\u00e1rate para la feria art\u00edstica y comercial de Hip Hop m\u00e1s\nesperada del a\u00f1o. Aqu\u00ed tienes el cartel completo con una incre\u00edble variedad de\nartistas que te har\u00e1n vibrar al ritmo del rap.&nbsp;<o:p><\/o:p><\/span><\/p><p>\n\n<\/p><p class=\"MsoNormal\" style=\"margin-bottom: 0.0001pt; text-align: justify; line-height: normal; background-image: initial; background-position: initial; background-size: initial; background-repeat: initial; background-attachment: initial; background-origin: initial; background-clip: initial;\"><span lang=\"ES\" style=\"font-size:\n14.0pt;font-family:&quot;Helvetica&quot;,sans-serif;mso-fareast-font-family:&quot;Times New Roman&quot;;\ncolor:black;mso-themecolor:text1;mso-fareast-language:ES\">Artistas destacados:\nSolitario Soldado, Jason de la Yawar Cru, YBNT, Los Onabru, El Alfarero, Almas\nVerbales, Desorden Social, Electra, Impacto Creciente, Balacera, El Nolan, La\nMisma Esencia, Sanchez CMA, Raiman Corp, DJ Lock Dog, Montenegro FJ y muchos\nm\u00e1s. Cada uno con su estilo \u00fanico, lleno de energ\u00eda y mensajes poderosos.<o:p><\/o:p><\/span><\/p>\n<p><font style=\"vertical-align: inherit;\"><font style=\"vertical-align: inherit;\">,<\/font><\/font><\/p>\n\n\n\n\n\n\n<h1><span style=\"background-color: rgb(255, 255, 255);\"><font style=\"vertical-align: inherit;\"><font style=\"vertical-align: inherit;\">Contenido relacionado<\/font><\/font><\/span><\/h1>\n\n\n\n\n\n<p>Lorem Ipsum has been the industry&#8217;s standard dummy text ever since the 1500s.<\/p>\n\n\n<p [object NamedNodeMap]><span style=\"font-size: 14pt; font-family: Tahoma; color: rgb(255, 255, 255);\">El<br>pasado 3 de mayo, como antesala a la celebraci\u00f3n de los 25 a\u00f1os del festival<br>Hip hop al parque el IDARTES presento el documental Bogot\u00e1 capital Del rap,<br>Real A Mi Manera.<\/span><span style=\"font-size:10.5pt;font-family:&quot;Helvetica&quot;,&quot;sans-serif&quot;;\ncolor:#333333\"><\/span><\/p>\n\n\n\n\n<p>Lorem Ipsum has been the industry&#8217;s standard dummy text ever since the 1500s.<\/p>\n\n<p [object=\"\" namednodemap]=\"\"><span style=\"color: rgb(255, 255, 255); font-family: &quot;Open Sans&quot;, sans-serif; font-size: 18px; text-align: left;\">El Instituto Distrital de las Artes &#8211; Idartes, convoca a los proyectos musicales de Bogot\u00e1 a postular sus propuestas para ser parte de la programaci\u00f3n art\u00edstica en el componente MC del Festival Hip Hop al Parque 2025.<\/span><\/p>\n\n\n\n<p>Lorem Ipsum has been the industry&#8217;s standard dummy text ever since the 1500s.<\/p>\n\n<p [object=\"\" namednodemap]=\"\"><strong style=\"text-align: justify;\"><span style=\"font-size: 14pt; color: rgb(255, 255, 255);\">Muy\n buenas noticias para la escena del Rap nacional y sobre todo para los \nseguidores de Joes Yawar Cru y el RedCode, debido a que a trav\u00e9s de sus \nredes confirmaron que ya terminaron su nuevo trabajo en conjunto \ntitulado \u201cInfamia 2.0\u201d y que estar\u00e1 disponible para la edici\u00f3n n\u00famero 26\n del Festival Hip Hop Al Parque que se realizar\u00e1 los d\u00edas 13 y 14 de \nJulio.<\/span><\/strong><\/p>\n\n\n","protected":false},"excerpt":{"rendered":"","protected":false},"author":1,"featured_media":0,"parent":0,"menu_order":4,"comment_status":"closed","ping_status":"closed","template":"","meta":{"pagelayer_contact_templates":[],"_pagelayer_content":"","h5ap_radio_sources":[],"footnotes":""},"class_list":["post-188","page","type-page","status-publish","hentry"],"_links":{"self":[{"href":"https:\/\/www.sonidohiphop.com\/index.php?rest_route=\/wp\/v2\/pages\/188","targetHints":{"allow":["GET"]}}],"collection":[{"href":"https:\/\/www.sonidohiphop.com\/index.php?rest_route=\/wp\/v2\/pages"}],"about":[{"href":"https:\/\/www.sonidohiphop.com\/index.php?rest_route=\/wp\/v2\/types\/page"}],"author":[{"embeddable":true,"href":"https:\/\/www.sonidohiphop.com\/index.php?rest_route=\/wp\/v2\/users\/1"}],"replies":[{"embeddable":true,"href":"https:\/\/www.sonidohiphop.com\/index.php?rest_route=%2Fwp%2Fv2%2Fcomments&post=188"}],"version-history":[{"count":41,"href":"https:\/\/www.sonidohiphop.com\/index.php?rest_route=\/wp\/v2\/pages\/188\/revisions"}],"predecessor-version":[{"id":5773,"href":"https:\/\/www.sonidohiphop.com\/index.php?rest_route=\/wp\/v2\/pages\/188\/revisions\/5773"}],"wp:attachment":[{"href":"https:\/\/www.sonidohiphop.com\/index.php?rest_route=%2Fwp%2Fv2%2Fmedia&parent=188"}],"curies":[{"name":"wp","href":"https:\/\/api.w.org\/{rel}","templated":true}]}}