{"id":235,"date":"2025-05-23T16:30:38","date_gmt":"2025-05-23T21:30:38","guid":{"rendered":"https:\/\/www.sonidohiphop.com\/?page_id=235"},"modified":"2025-09-24T14:56:14","modified_gmt":"2025-09-24T19:56:14","slug":"artistas","status":"publish","type":"page","link":"https:\/\/www.sonidohiphop.com\/?page_id=235","title":{"rendered":"Artistas"},"content":{"rendered":"\n\n\n\n<p><font style=\"vertical-align: inherit;\"><font style=\"vertical-align: inherit;\">artistas<\/font><\/font><\/p>\n\n\n\n\n\nNATALICIO\n<p class=\"MsoNoSpacing\" style=\"text-align:justify\"><span lang=\"ES\" style=\"font-size:14.0pt;font-family:&quot;Arial&quot;,sans-serif;mso-ansi-language:ES\">El\nrap colombiano sigue siendo una escuela de vida, un canal de expresi\u00f3n y un\ncamino de resistencia para quienes creen en el poder de la palabra. En esa l\u00ednea\nse encuentra Natalicio, Mc bogotano que desde el 2002 ha construido un proyecto\ns\u00f3lido enfocado en promover el arte y aportar a la sociedad a trav\u00e9s del Hip\nHop.<o:p><\/o:p><\/span><\/p><p class=\"MsoNoSpacing\" style=\"text-align:justify\">\n\n<\/p><p class=\"MsoNoSpacing\" style=\"text-align:justify\"><span lang=\"ES\" style=\"font-size:14.0pt;font-family:&quot;Arial&quot;,sans-serif;mso-ansi-language:ES\">&nbsp;<\/span><\/p><span style=\"font-size: 14px;\"><\/span><span style=\"font-size: large; font-family: Arial, Helvetica, sans-serif;\"><font color=\"#737373\"><\/font><\/span>\n\n\n\n\n\n\n\n\n\n\n\n\n\n\n\n<font dir=\"auto\" style=\"vertical-align: inherit;\"><font dir=\"auto\" style=\"vertical-align: inherit;\">LA URBAN DC<\/font><\/font>\n<p class=\"MsoNoSpacing\" style=\"text-align:justify\"><span lang=\"ES\" style=\"font-size:12.0pt;font-family:&quot;Arial&quot;,sans-serif;mso-ansi-language:ES\">En\nel 2005, entre grafitis, rimas y beats, naci\u00f3 en el sur de Bogot\u00e1 un colectivo\nque hoy es referente del Hip Hop distrital: La Urban DC. Sus ra\u00edces est\u00e1n en\nlas localidades de Bosa y Kennedy, territorios que han visto crecer a MCs,\ngrafiteros, DJs y bailarines que, con talento y disciplina, han tejido un\nproyecto art\u00edstico integral. Pero m\u00e1s all\u00e1 del rap, este colectivo ha sabido\nvincular la gesti\u00f3n cultural, la producci\u00f3n musical, el sector manufacturero,\nel marketing y la publicidad, convirti\u00e9ndose en un motor cultural con impacto social.<o:p><\/o:p><\/span><\/p><span style=\"font-size: 14px;\"><\/span><span style=\"font-size: large; font-family: Arial, Helvetica, sans-serif;\"><font color=\"#737373\"><\/font><\/span>\n\n\n\n\n\n\n\n\n\n\n\n\n\n\n\nTATIANA G\u00d3MEZ\n<p class=\"MsoNoSpacing\" style=\"text-align:justify\"><span lang=\"ES\"><font style=\"vertical-align: inherit;\"><font style=\"vertical-align: inherit;\">Tras un a\u00f1o inolvidable donde se consolid\u00f3 como una de las voces m\u00e1s<\/font><\/font><o:p><\/o:p><\/span><\/p><p class=\"MsoNoSpacing\" style=\"text-align:justify\"><span lang=\"ES\"><font style=\"vertical-align: inherit;\"><font style=\"vertical-align: inherit;\">importantes del rap colombiano \u2014siendo la artistan\u00famero1 en Hip Hop al Parque&nbsp;<\/font><\/font><\/span><font style=\"vertical-align: inherit;\"><font style=\"vertical-align: inherit;\"> 2024, recorriendo M\u00e9xico con su m\u00fasica y representando a Colombia en el BIME&nbsp;<\/font><\/font>2025.<\/p><p class=\"MsoNoSpacing\" style=\"text-align:justify\"><span lang=\"ES\"><font style=\"vertical-align: inherit;\"><font style=\"vertical-align: inherit;\">Su logro m\u00e1s significativo hasta la fecha fue la hist\u00f3rica victoria en la convocatoria&nbsp;<\/font><\/font><\/span>Hip Hop al Parque, donde obtuvo el primer lugar, un hito nunca antes alcanzado por una mujer solista en los a\u00f1os de existencia del festival. Este triunfo no solo marc\u00f3 un precedente, sino que tambi\u00e9n reafirm\u00f3 su lugar como una de las artistas m\u00e1s innovadores y potentes del g\u00e9nero.<\/p><span style=\"font-size: 14px;\"><\/span><span style=\"font-size: large; font-family: Arial, Helvetica, sans-serif;\"><font color=\"#737373\"><\/font><\/span>\n\n\n\n\n\n\n\n\n\n\n\n\n\n\n\n<font style=\"vertical-align: inherit;\"><font style=\"vertical-align: inherit;\"><font style=\"vertical-align: inherit;\"><font style=\"vertical-align: inherit;\">\n\n\n\n\n\n\nYAWAR CRU<\/font><\/font><\/font><\/font>\n<p class=\"MsoNoSpacing\" style=\"text-align:justify\"><span lang=\"ES-CO\" style=\"font-size:12.0pt\">La agrupaci\u00f3n YAWAR CRU, se funda en el 2008 por Dj\nNegus y Jason (primeval en ese entonces), con la idea de ser un grupo de culto\nen la escena local, sin importar que se cambiara de elenco, tomando esta idea\nde conjuntos como La Fania All Stars, La Sonora Matancera y Binomio de Oro de\nAm\u00e9rica, entre otros. Fundado en el barrio Carimagua, situado en la localidad\noctava (Kennedy), influenciados principalmente por el rap hecho en la d\u00e9cada de\nlos 90, que empez\u00f3 a tomar fuerza entre los j\u00f3venes de Bogot\u00e1 y otras ciudades\nprincipales, con la llegada de Youtube en 2005. En el 2008 lanzan su demo\npromocional llamado OPERA PRIMA, contaba con un intro y cuatro canciones hechas\nen pistas de rap de la d\u00e9cada de los 90. En los a\u00f1os siguientes deciden\nincorporar en la agrupaci\u00f3n otros raperos, SirJam, Little D, A.k.a Mantastic,\ndando como resultado los sencillos \u201cHip Hop life style\u201d, \u201cEsclavos del sonido\u201d\ny \u201cPhenomenon\u201d.&nbsp;<o:p><\/o:p><\/span><\/p><span style=\"font-size: 14px;\"><\/span><span style=\"font-size: large; font-family: Arial, Helvetica, sans-serif;\"><font color=\"#737373\"><\/font><\/span>\n\n\n\n\n\n\n\n\n\n\n\n\n\n\n\nDJ KM1KC\n<p class=\"MsoNoSpacing\" style=\"text-align:justify\"><b><span lang=\"ES\" style=\"font-size:16.0pt;mso-ansi-language:ES\">Leonardo Hern\u00e1ndez<\/span><\/b><span lang=\"ES\" style=\"font-size:16.0pt;mso-ansi-language:ES\">, conocido como DJ KM1KC,\nha consolidado su carrera en la ciudad de Bogot\u00e1, se desempe\u00f1a como Tornamesista\npara la escena del Hip-hop desde el 2012, en su carrera como Dejaay<o:p><\/o:p><\/span><\/p><p class=\"MsoNoSpacing\" style=\"text-align:justify\">\n\n<\/p><p class=\"MsoNoSpacing\" style=\"text-align:justify\"><span lang=\"ES\" style=\"font-size:16.0pt;mso-ansi-language:ES\">tornamesista ha logrado dominar\nla t\u00e9cnica de scratch en un nivel profesional, adem\u00e1s de ser campe\u00f3n de scratch\nen m\u00faltiples campeonatos y reconocido docente deejay, actualmente DJ KM1KC toca\nen formato abierto lo que le ha permitido experimentar con diferentes g\u00e9neros\nmusicales, siempre sin perder su esencia y haciendo scratch en todos los\nritmos.<o:p><\/o:p><\/span><\/p><span style=\"font-size: 14px;\"><\/span><span style=\"font-size: large; font-family: Arial, Helvetica, sans-serif;\"><font color=\"#737373\"><\/font><\/span>\n\n\n\n\n\n\n\n\n\n\n\n\n\n\n\n<font style=\"vertical-align: inherit;\"><font style=\"vertical-align: inherit;\"><font dir=\"auto\" style=\"vertical-align: inherit;\"><font dir=\"auto\" style=\"vertical-align: inherit;\">LORD MC<\/font><\/font><\/font><\/font>\n<p style=\"text-align:justify\"><span class=\"wb-stl-highlight\"><span lang=\"ES\" style=\"font-size:14.0pt;font-family:&quot;Arial&quot;,sans-serif\">Artista profesional e\nintegral de la cultura Hip Hop, con un enfoque principalmente en el elemento Mc\nProductor, con capacidades de trabajar en equipo, con amplio conocimiento en el\ntrabajo cultural y comunitario principalmente con j\u00f3venes y ni\u00f1os, en\nsituaciones de vulnerabilidad, su experiencia se centra en \u00e1reas art\u00edsticas y\npedag\u00f3gicas, alrededor del arte urbano principalmente en el Hip Hop, lectura y\nescritura de m\u00fasica Rap, t\u00e9cnicas de interpretaci\u00f3n y conocimiento de la\ncultura Hip Hop y sus cinco elementos, con amplias capacidades en comunicaci\u00f3n\nsocial, manejo de grupos , capacitaci\u00f3n y atenci\u00f3n en prevenci\u00f3n y mitigaci\u00f3n\nde consumo de sustancias psicoactivas.<\/span><\/span><span lang=\"ES\" style=\"font-size:14.0pt\"><o:p><\/o:p><\/span><\/p><span style=\"font-size: 14px;\"><\/span><span style=\"font-size: large; font-family: Arial, Helvetica, sans-serif;\"><font color=\"#737373\"><\/font><\/span>\n\n\n\n\n\n\n\n\n\n\n\n\n\n\n\n<font style=\"vertical-align: inherit;\"><font style=\"vertical-align: inherit;\"><font style=\"vertical-align: inherit;\"><font style=\"vertical-align: inherit;\">\n\n\n\n\n\n\nB &#8211; GIRL LUMA<\/font><\/font><\/font><\/font>\n<p class=\"MsoNormal\" style=\"margin-bottom:8.0pt;text-align:justify;line-height:\nnormal\"><span lang=\"ES\" style=\"font-size:14.0pt;font-family:&quot;Arial&quot;,sans-serif;\nmso-fareast-font-family:&quot;Times New Roman&quot;;mso-fareast-language:ES\">Luisa\nFernanda Tejada, conocida como B-girl Luma, encontr\u00f3 en las calles de Medell\u00edn,\nColombia, una v\u00eda de escape de su dura realidad y, eventualmente, su pasi\u00f3n por\nel breaking. A pesar de la violencia y los peligros de su barrio, Manrique\nOriental, las calles le proporcionaron una comunidad y el impulso para\nperseguir su sue\u00f1o de competir en los Juegos Ol\u00edmpicos de Par\u00eds 2024.<\/span><span lang=\"ES\" style=\"font-size:12.0pt;font-family:&quot;Times New Roman&quot;,serif;mso-fareast-font-family:\n&quot;Times New Roman&quot;;mso-fareast-language:ES\"><o:p><\/o:p><\/span><\/p><span style=\"font-size: 14px;\"><\/span><span style=\"font-size: large; font-family: Arial, Helvetica, sans-serif;\"><font color=\"#737373\"><\/font><\/span>\n\n\n\n\n\n\n\n\n\n\n\n\n\n\n\n<font style=\"vertical-align: inherit;\"><font style=\"vertical-align: inherit;\"><font style=\"vertical-align: inherit;\"><font style=\"vertical-align: inherit;\">\n\n\n\n\n\n\nB &#8211; BOY ALVIN<\/font><\/font><\/font><\/font>\n<p class=\"MsoNormal\" style=\"margin-bottom:0cm;margin-bottom:.0001pt;text-align:\njustify;line-height:21.0pt\"><span lang=\"ES\" style=\"font-size: 12pt; font-family: Roboto;\">B-boy Alvin, nacido en Colombia pero\ncriado en Venezuela, destaca en el breaking (una forma de baile urbano) y sue\u00f1a\ncon participar en los Juegos Ol\u00edmpicos de Par\u00eds 2024. En las Series de\nClasificaci\u00f3n Ol\u00edmpica en Shangh\u00e1i, \u00e9l y B-girl Luma fueron los \u00fanicos latinos\nen llegar al round robin, ubic\u00e1ndose entre los 16 mejores. Alvin atribuye su\n\u00e9xito a la valent\u00eda de perseguir metas sin l\u00edmites mentales y el apoyo recibido\ntanto en Colombia como en Venezuela.<o:p><\/o:p><\/span><\/p><span style=\"font-size: 14px;\"><\/span><span style=\"font-size: large; font-family: Arial, Helvetica, sans-serif;\"><font color=\"#737373\"><\/font><\/span>\n\n\n\n\n\n\n\n\n\n\n\n\n\n\n\n\n\n\n\n\n\n","protected":false},"excerpt":{"rendered":"","protected":false},"author":1,"featured_media":0,"parent":0,"menu_order":3,"comment_status":"closed","ping_status":"closed","template":"","meta":{"pagelayer_contact_templates":[],"_pagelayer_content":"","h5ap_radio_sources":[],"footnotes":""},"class_list":["post-235","page","type-page","status-publish","hentry"],"_links":{"self":[{"href":"https:\/\/www.sonidohiphop.com\/index.php?rest_route=\/wp\/v2\/pages\/235","targetHints":{"allow":["GET"]}}],"collection":[{"href":"https:\/\/www.sonidohiphop.com\/index.php?rest_route=\/wp\/v2\/pages"}],"about":[{"href":"https:\/\/www.sonidohiphop.com\/index.php?rest_route=\/wp\/v2\/types\/page"}],"author":[{"embeddable":true,"href":"https:\/\/www.sonidohiphop.com\/index.php?rest_route=\/wp\/v2\/users\/1"}],"replies":[{"embeddable":true,"href":"https:\/\/www.sonidohiphop.com\/index.php?rest_route=%2Fwp%2Fv2%2Fcomments&post=235"}],"version-history":[{"count":26,"href":"https:\/\/www.sonidohiphop.com\/index.php?rest_route=\/wp\/v2\/pages\/235\/revisions"}],"predecessor-version":[{"id":725,"href":"https:\/\/www.sonidohiphop.com\/index.php?rest_route=\/wp\/v2\/pages\/235\/revisions\/725"}],"wp:attachment":[{"href":"https:\/\/www.sonidohiphop.com\/index.php?rest_route=%2Fwp%2Fv2%2Fmedia&parent=235"}],"curies":[{"name":"wp","href":"https:\/\/api.w.org\/{rel}","templated":true}]}}