{"id":238,"date":"2025-05-23T23:03:55","date_gmt":"2025-05-24T04:03:55","guid":{"rendered":"https:\/\/www.sonidohiphop.com\/?page_id=238"},"modified":"2026-02-09T23:20:44","modified_gmt":"2026-02-10T04:20:44","slug":"videos","status":"publish","type":"page","link":"https:\/\/www.sonidohiphop.com\/?page_id=238","title":{"rendered":"Videos"},"content":{"rendered":"\n\n\n\n<p><font style=\"vertical-align: inherit;\"><font style=\"vertical-align: inherit;\">v\u00eddeos<\/font><\/font><\/p>\n\n\n\n\n\n<h1 class=\"style-scope ytd-watch-metadata\" style=\"border-style: initial; background: rgb(255, 255, 255); word-break: break-word; font-family: Roboto, Arial, sans-serif; font-size: 2rem; line-height: 2.8rem; overflow: hidden; max-height: 5.6rem; -webkit-line-clamp: 2; display: -webkit-box; -webkit-box-orient: vertical; text-overflow: ellipsis; text-decoration-style: initial;\"><font style=\"vertical-align: inherit;\"><font style=\"vertical-align: inherit;\">&nbsp;Mc Kno &#8211; Carta Al Cielo<\/font><\/font><\/h1>\n<p class=\"MsoNoSpacing\" style=\"text-align:justify\"><span style=\"font-size:14.0pt\">Una\ncanci\u00f3n que marc\u00f3 la historia del Hip Hop colombiano.<o:p><\/o:p><\/span><\/p><p class=\"MsoNoSpacing\" style=\"text-align:justify\"><span style=\"font-size:14.0pt\">\u201cCarta\nal Cielo\u201d naci\u00f3 de una historia real: la p\u00e9rdida del mejor amigo de infancia de\nMc Kno.<o:p><\/o:p><\/span><\/p><p class=\"MsoNormal\">\n\n\n\n<\/p><p class=\"MsoNoSpacing\" style=\"text-align:justify\"><span style=\"font-size:14.0pt\">Escrita\nen 2005 y lanzada por primera vez en la producci\u00f3n musical titulada \u201c<b>En Honor a Mi Lenguaje\u201d<\/b> (2006), este\nvideoclip se convierte en un homenaje a su memoria y a todo lo que vivieron\njuntos.<o:p><\/o:p><\/span><\/p>\n\n\n\n\n\n\n\n\n\n\n\n\n\n\n\n<h1 class=\"style-scope ytd-watch-metadata\" style=\"border-style: initial; background: rgb(255, 255, 255); word-break: break-word; font-family: Roboto, Arial, sans-serif; font-size: 2rem; line-height: 2.8rem; overflow: hidden; max-height: 5.6rem; -webkit-line-clamp: 2; display: -webkit-box; -webkit-box-orient: vertical; text-overflow: ellipsis; text-decoration-style: initial;\"><font style=\"vertical-align: inherit;\"><font style=\"vertical-align: inherit;\">Lord Mc &#8211; Mafia Boom Bap<\/font><\/font><\/h1>\n<p class=\"MsoNormal\"><span lang=\"ES\">El nuevo trabajo\nde Lord Mc El Le\u00f3n Del occidente, acompa\u00f1ado de grandes exponentes,\nrecord\u00e1ndonos el estilo y el flow de los 90.<o:p><\/o:p><\/span><\/p>\n<p class=\"MsoNormal\"><span lang=\"ES\" style=\"font-size:14.0pt;line-height:107%;\nmso-ansi-language:ES\"><o:p><\/o:p><\/span><\/p><p><br><\/p><span style=\"font-size: 14px;\"><\/span><span style=\"font-size: large; font-family: Arial, Helvetica, sans-serif;\"><font color=\"#737373\"><\/font><\/span>\n\n\n\n\n\n\n\n\n\n\n\n\n\n\n\n<h1 class=\"style-scope ytd-watch-metadata\" style=\"border-style: initial; background: rgb(255, 255, 255); word-break: break-word; font-family: Roboto, Arial, sans-serif; font-size: 2rem; line-height: 2.8rem; overflow: hidden; max-height: 5.6rem; -webkit-line-clamp: 2; display: -webkit-box; -webkit-box-orient: vertical; text-overflow: ellipsis; text-decoration-style: initial;\">Golden &#8211; Desorden social<\/h1>\n<p class=\"MsoNoSpacing\"><span style=\"color: rgb(19, 19, 19); font-family: Roboto, Arial, sans-serif; font-size: 14px; white-space-collapse: preserve; background-color: rgba(0, 0, 0, 0.05);\"><font style=\"vertical-align: inherit;\"><font style=\"vertical-align: inherit; font-family: &quot;Arial Black&quot;; font-size: large;\">\u201cGOLDEN\u201d no es solo una canci\u00f3n. Es una declaraci\u00f3n. Un homenaje a la era dorada del Hip Hop, a las ra\u00edces que nos formaron, al c\u00f3digo, el respeto, la cultura y la familia que nos dieron voz cuando nadie m\u00e1s escuchaba.<\/font><\/font><\/span><\/p>\n<p class=\"MsoNormal\"><span lang=\"ES\" style=\"font-size:14.0pt;line-height:107%;\nmso-ansi-language:ES\"><o:p><\/o:p><\/span><\/p><p><br><\/p><span style=\"font-size: 14px;\"><\/span><span style=\"font-size: large; font-family: Arial, Helvetica, sans-serif;\"><font color=\"#737373\"><\/font><\/span>\n\n\n\n\n\n\n\n\n\n\n\n\n\n\n\n<h1 class=\"style-scope ytd-watch-metadata\" style=\"border-style: initial; background: rgb(255, 255, 255); word-break: break-word; font-family: Roboto, Arial, sans-serif; font-size: 2rem; line-height: 2.8rem; overflow: hidden; max-height: 5.6rem; -webkit-line-clamp: 2; display: -webkit-box; -webkit-box-orient: vertical; text-overflow: ellipsis; color: rgb(15, 15, 15); text-decoration-style: initial;\"><yt-formatted-string force-default-style=\"\" class=\"style-scope ytd-watch-metadata\" title=\"ALI AKA MIND - Como un im\u00e1n Ft. @nachofficial\"><span dir=\"auto\" class=\"style-scope yt-formatted-string\" style=\"border-style: initial; background: transparent;\"><font style=\"vertical-align: inherit;\"><font style=\"vertical-align: inherit;\">ALI AKA MIND FT NACH &#8211; Como un im\u00e1n&nbsp;<\/font><\/font><\/span><\/yt-formatted-string><\/h1>\n<p class=\"MsoNoSpacing\"><span lang=\"ES\" style=\"font-size:14.0pt;mso-ansi-language:\nES\"><font style=\"vertical-align: inherit;\"><font style=\"vertical-align: inherit;\">Ali aka Mind lanza su Nuevo video acompa\u00f1ado por uno de los grandes referentes del Rap en espa\u00f1ol el se\u00f1or Nach, Colombia y Espa\u00f1a se unen en un tema cargado de vivencias y versos profundos<\/font><\/font><\/span><\/p>\n\n<p class=\"MsoNormal\"><span lang=\"ES\" style=\"font-size:14.0pt;line-height:107%;\nmso-ansi-language:ES\"><font style=\"vertical-align: inherit;\"><font style=\"vertical-align: inherit;\"><span style=\"font-size: 14pt;\">Este nuevo sencillo del rapero Ali A.K.A. Mind feat Nach har\u00e1 parte del pr\u00f3ximo\n\u00e1lbum del artista colombiano que se titular\u00e1 Honesty.<\/span>.<\/font><\/font><\/span><\/p>\n<p class=\"MsoNormal\"><span lang=\"ES\" style=\"font-size:14.0pt;line-height:107%;\nmso-ansi-language:ES\"><o:p><\/o:p><\/span><\/p><p><br><\/p><span style=\"font-size: 14px;\"><\/span><span style=\"font-size: large; font-family: Arial, Helvetica, sans-serif;\"><font color=\"#737373\"><\/font><\/span>\n\n\n\n\n\n\n\n\n\n\n\n\n\n\n\n<h1><font style=\"vertical-align: inherit;\"><font style=\"vertical-align: inherit;\"><font style=\"vertical-align: inherit;\"><font style=\"vertical-align: inherit;\">\u00daltimos V\u00edDEOS<\/font><\/font><\/font><\/font><\/h1>\n\n\n\n\n\n\n\n\n\n\n\n\n\n\n\n\n\n\n\n\n\n\n\n\n\n\n\n\n\n\n\n\n\n\n\n\n\n\n\n\n\n\n\n\n\n\n\n\n\n\n\n\n\n\n\n\n\n\n\n\n\n","protected":false},"excerpt":{"rendered":"","protected":false},"author":1,"featured_media":0,"parent":0,"menu_order":5,"comment_status":"closed","ping_status":"closed","template":"","meta":{"pagelayer_contact_templates":[],"_pagelayer_content":"","h5ap_radio_sources":[],"footnotes":""},"class_list":["post-238","page","type-page","status-publish","hentry"],"_links":{"self":[{"href":"https:\/\/www.sonidohiphop.com\/index.php?rest_route=\/wp\/v2\/pages\/238","targetHints":{"allow":["GET"]}}],"collection":[{"href":"https:\/\/www.sonidohiphop.com\/index.php?rest_route=\/wp\/v2\/pages"}],"about":[{"href":"https:\/\/www.sonidohiphop.com\/index.php?rest_route=\/wp\/v2\/types\/page"}],"author":[{"embeddable":true,"href":"https:\/\/www.sonidohiphop.com\/index.php?rest_route=\/wp\/v2\/users\/1"}],"replies":[{"embeddable":true,"href":"https:\/\/www.sonidohiphop.com\/index.php?rest_route=%2Fwp%2Fv2%2Fcomments&post=238"}],"version-history":[{"count":18,"href":"https:\/\/www.sonidohiphop.com\/index.php?rest_route=\/wp\/v2\/pages\/238\/revisions"}],"predecessor-version":[{"id":5639,"href":"https:\/\/www.sonidohiphop.com\/index.php?rest_route=\/wp\/v2\/pages\/238\/revisions\/5639"}],"wp:attachment":[{"href":"https:\/\/www.sonidohiphop.com\/index.php?rest_route=%2Fwp%2Fv2%2Fmedia&parent=238"}],"curies":[{"name":"wp","href":"https:\/\/api.w.org\/{rel}","templated":true}]}}