{"id":36,"date":"2025-02-17T03:41:42","date_gmt":"2025-02-17T08:41:42","guid":{"rendered":"https:\/\/www.sonidohiphop.com\/home\/"},"modified":"2026-04-17T14:03:23","modified_gmt":"2026-04-17T19:03:23","slug":"home","status":"publish","type":"page","link":"https:\/\/www.sonidohiphop.com\/","title":{"rendered":"Inicio"},"content":{"rendered":"\n\n\n\n\n\n<p style=\"text-align: right; \"><span style=\"font-size: 20px; color: rgb(255, 255, 255);\"><strong style=\"line-height: 1;\">LOREM CORPORATE CEO<\/strong><\/span><\/p><p style=\"text-align: center;\"><span style=\"color: rgb(255, 255, 255);\">Duis aute irure dolor in reprehenderit in voluptate velit esse cillum dolore eu fugiat nulla pariatur. Excepteur sint occaecat cupidatat non proident, sunt in culpa qui officia deserunt mollit anim id est laborum.<\/span><\/p><p style=\"text-align: left;\"><sign>&nbsp; &nbsp; &nbsp; <span style=\"line-height: 2.0;\">Benn Marshall<\/span><\/sign><\/p>\n\n\n\n<h2 class=\"MsoNormal\" align=\"center\" style=\"text-align: justify; line-height: 8.25pt; background-image: initial; background-position: initial; background-size: initial; background-repeat: initial; background-attachment: initial; background-origin: initial; background-clip: initial;\"><\/h2><h6 style=\"line-height: normal;\"><strong>Font\nMaster presenta \u201cLa Realidad Detr\u00e1s de Mis Canciones\u201d<\/strong><\/h6><p class=\"MsoNormal\" style=\"text-align:justify\"><span lang=\"ES\" style=\"font-size:\n12.0pt;line-height:107%;mso-ansi-language:ES\"><o:p><\/o:p><\/span><\/p>\n<p class=\"MsoNormal\" style=\"mso-margin-top-alt:auto;mso-margin-bottom-alt:auto;\ntext-align:justify;line-height:normal\"><span style=\"font-size:14.0pt;\nfont-family:&quot;Arial&quot;,sans-serif;mso-fareast-font-family:&quot;Times New Roman&quot;;\nmso-fareast-language:ES-CO\">La escena Hip Hop en la Sabana Occidente se sigue\nfortaleci\u00e9ndose con propuestas aut\u00e9nticas y cargadas de contenido. Este <b>1 de\nmayo<\/b>, el artista Font Master El Rompe Cr\u00e1neos realizar\u00e1 el lanzamiento\noficial de su nueva producci\u00f3n musical titulada <b>\u201cLa Realidad Detr\u00e1s de Mis\nCanciones\u201d<\/b>, un trabajo que promete conectar desde la vivencia, la cr\u00edtica\nsocial y la identidad del Rap conciencia.<o:p><\/o:p><\/span><\/p><p>\n\n<\/p><p class=\"MsoNormal\" style=\"mso-margin-top-alt:auto;mso-margin-bottom-alt:auto;\ntext-align:justify;line-height:normal\"><br><\/p>\n\n\n\n\n\n\n<p style=\"text-align: right; \"><span style=\"font-size: 20px; color: rgb(255, 255, 255);\"><strong style=\"line-height: 1;\">LOREM CORPORATE CEO<\/strong><\/span><\/p><p style=\"text-align: center;\"><span style=\"color: rgb(255, 255, 255);\">Duis aute irure dolor in reprehenderit in voluptate velit esse cillum dolore eu fugiat nulla pariatur. Excepteur sint occaecat cupidatat non proident, sunt in culpa qui officia deserunt mollit anim id est laborum.<\/span><\/p><p style=\"text-align: left;\"><sign>&nbsp; &nbsp; &nbsp; <span style=\"line-height: 2.0;\">Benn Marshall<\/span><\/sign><\/p>\n\n\n\n\n<h6 class=\"MsoNormal\" align=\"center\" style=\"text-align: justify; line-height: 17.25pt; background-image: initial; background-position: initial; background-size: initial; background-repeat: initial; background-attachment: initial; background-origin: initial; background-clip: initial;\"><p class=\"MsoNoSpacing\">IV Encuentro Internacional &#8211; Repensar El Hip Hop<\/p><\/h6><p class=\"MsoNormal\" style=\"text-align:justify\"><span lang=\"ES\" style=\"font-size:\n12.0pt;line-height:107%;mso-ansi-language:ES\"><o:p><\/o:p><\/span><\/p>\n\n\n<p [object NamedNodeMap]>De manera oficial, el IV<br>Encuentro Internacional Repensar el Hip Hop comenzar\u00e1 de manera virtual. Del 18<br>al 20 de marzo, desde Facebook, tendremos el gusto de compartir varias mesas de<br>di\u00e1logo, foros bibliogr\u00e1ficos y m\u00e1s conversatorios.<\/p>\n\n\n\n\n\n\n\n<p style=\"text-align: right; \"><span style=\"font-size: 20px; color: rgb(255, 255, 255);\"><strong style=\"line-height: 1;\">LOREM CORPORATE CEO<\/strong><\/span><\/p><p style=\"text-align: center;\"><span style=\"color: rgb(255, 255, 255);\">Duis aute irure dolor in reprehenderit in voluptate velit esse cillum dolore eu fugiat nulla pariatur. Excepteur sint occaecat cupidatat non proident, sunt in culpa qui officia deserunt mollit anim id est laborum.<\/span><\/p><p style=\"text-align: left;\"><sign>&nbsp; &nbsp; &nbsp; <span style=\"line-height: 2.0;\">Benn Marshall<\/span><\/sign><\/p>\n\n\n\n\n<h6 class=\"MsoNormal\" align=\"center\" style=\"text-align: justify; line-height: 17.25pt; background-image: initial; background-position: initial; background-size: initial; background-repeat: initial; background-attachment: initial; background-origin: initial; background-clip: initial;\"><p class=\"MsoNoSpacing\"><b>Abren Convocatoria para el Hip Hop Al Parque<\/b><\/p><\/h6><p class=\"MsoNormal\" style=\"text-align:justify\"><span lang=\"ES\" style=\"font-size:\n12.0pt;line-height:107%;mso-ansi-language:ES\"><o:p><\/o:p><\/span><\/p>\n\n\n<p [object NamedNodeMap]><span lang=\"ES\">Los proyectos<br>musicales de rap de la capital ya pueden prepararse para uno de los escenarios<br>m\u00e1s importantes de la cultura urbana en Latinoam\u00e9rica. El Instituto Distrital<br>de las Artes anunci\u00f3 la apertura de la convocatoria para que agrupaciones y<br>artistas se postulen al componente MC y DJ del festival Hip Hop al Parque 2026.<\/span><\/p>\n\n\n\n\n\n\n\n<p style=\"text-align: right; \"><span style=\"font-size: 20px; color: rgb(255, 255, 255);\"><strong style=\"line-height: 1;\">LOREM CORPORATE CEO<\/strong><\/span><\/p><p style=\"text-align: center;\"><span style=\"color: rgb(255, 255, 255);\">Duis aute irure dolor in reprehenderit in voluptate velit esse cillum dolore eu fugiat nulla pariatur. Excepteur sint occaecat cupidatat non proident, sunt in culpa qui officia deserunt mollit anim id est laborum.<\/span><\/p><p style=\"text-align: left;\"><sign>&nbsp; &nbsp; &nbsp; <span style=\"line-height: 2.0;\">Benn Marshall<\/span><\/sign><\/p>\n\n\n\n\n<h6 class=\"MsoNormal\" align=\"center\" style=\"text-align: justify; line-height: 17.25pt; background-image: initial; background-position: initial; background-size: initial; background-repeat: initial; background-attachment: initial; background-origin: initial; background-clip: initial;\"><p class=\"MsoNoSpacing\"><b>Festival Muestras Para\nNo Delikir 13<o:p><\/o:p><\/b><\/p><\/h6><p class=\"MsoNormal\" style=\"text-align:justify\"><span lang=\"ES\" style=\"font-size:\n12.0pt;line-height:107%;mso-ansi-language:ES\"><o:p><\/o:p><\/span><\/p>\n\n\n<p [object NamedNodeMap]><span style=\"font-size:14.0pt;\nfont-family:&quot;Arial&quot;,sans-serif\">Bogot\u00e1 D.C. \u2013 La cultura Hip Hop vuelve a<br>tomarse uno de los escenarios m\u00e1s emblem\u00e1ticos de la capital con la edici\u00f3n<br>n\u00famero 13 del Festival Muestras Para No Delikir, un encuentro que celebra el<br>arte urbano como herramienta de resistencia, conciencia y transformaci\u00f3n<br>social.<\/span><\/p>\n\n\n\n\n\n\n\n<p style=\"text-align: right; \"><span style=\"font-size: 20px; color: rgb(255, 255, 255);\"><strong style=\"line-height: 1;\">LOREM CORPORATE CEO<\/strong><\/span><\/p><p style=\"text-align: center;\"><span style=\"color: rgb(255, 255, 255);\">Duis aute irure dolor in reprehenderit in voluptate velit esse cillum dolore eu fugiat nulla pariatur. Excepteur sint occaecat cupidatat non proident, sunt in culpa qui officia deserunt mollit anim id est laborum.<\/span><\/p><p style=\"text-align: left;\"><sign>&nbsp; &nbsp; &nbsp; <span style=\"line-height: 2.0;\">Benn Marshall<\/span><\/sign><\/p>\n\n\n\n\n<h6 class=\"MsoNormal\" align=\"center\" style=\"text-align: justify; line-height: 17.25pt; background-image: initial; background-position: initial; background-size: initial; background-repeat: initial; background-attachment: initial; background-origin: initial; background-clip: initial;\">Festival Cuida Natura 2026<\/h6><p class=\"MsoNormal\" style=\"text-align:justify\"><span lang=\"ES\" style=\"font-size:\n12.0pt;line-height:107%;mso-ansi-language:ES\"><o:p><\/o:p><\/span><\/p>\n\n\n<p class=\"MsoNoSpacing\" style=\"text-align:justify\"><span lang=\"ES\" style=\"font-size:14.0pt;font-family:&quot;Arial&quot;,sans-serif;mso-ansi-language:ES\">La\ncapital se alista para vivir una de esas fechas donde la cultura deja de ser\nsolo espect\u00e1culo y se transforma en motor de cambio. El 14 de febrero de 2026,\ndesde las 10:00 a.m., el Parque Renacimiento abrir\u00e1 sus puertas a una nueva\nedici\u00f3n del Festival Cuida Natura, un encuentro que ya suma 14 versiones\nuniendo m\u00fasica, arte y conciencia ambiental en Bogot\u00e1.<o:p><\/o:p><\/span><\/p><p class=\"MsoNoSpacing\">\n\n<\/p><p class=\"MsoNoSpacing\" style=\"text-align:justify\"><span style=\"font-size:16.0pt\">&nbsp;<\/span><\/p>\n\n\n\n\n\n\n\n<p style=\"text-align: right; \"><span style=\"font-size: 20px; color: rgb(255, 255, 255);\"><strong style=\"line-height: 1;\">LOREM CORPORATE CEO<\/strong><\/span><\/p><p style=\"text-align: center;\"><span style=\"color: rgb(255, 255, 255);\">Duis aute irure dolor in reprehenderit in voluptate velit esse cillum dolore eu fugiat nulla pariatur. Excepteur sint occaecat cupidatat non proident, sunt in culpa qui officia deserunt mollit anim id est laborum.<\/span><\/p><p style=\"text-align: left;\"><sign>&nbsp; &nbsp; &nbsp; <span style=\"line-height: 2.0;\">Benn Marshall<\/span><\/sign><\/p>\n\n\n\n\n<h6 class=\"MsoNormal\" align=\"center\" style=\"text-align: justify; line-height: 17.25pt; background-image: initial; background-position: initial; background-size: initial; background-repeat: initial; background-attachment: initial; background-origin: initial; background-clip: initial;\"><b>Vagos Fest 2026: La Media Torta vibr\u00f3 al ritmo\ndel Hip Hop<\/b><\/h6><p class=\"MsoNormal\" style=\"text-align:justify\"><span lang=\"ES\" style=\"font-size:\n12.0pt;line-height:107%;mso-ansi-language:ES\"><o:p><\/o:p><\/span><\/p>\n\n\n<p class=\"MsoNoSpacing\" style=\"text-align:justify\"><span style=\"font-size:16.0pt\">La\nMedia Torta volvi\u00f3 a convertirse en un templo de la cultura Hip Hop con la\nrealizaci\u00f3n del Vagos Fest 2026 \u2013 Edici\u00f3n Especial, un evento que reuni\u00f3 a\nartistas, colectivos, gestores culturales y p\u00fablico de distintas localidades de\nla ciudad en torno al Hip Hop como expresi\u00f3n art\u00edstica, social y comunitaria.<o:p><\/o:p><\/span><\/p><p class=\"MsoNoSpacing\">\n\n<\/p><p class=\"MsoNoSpacing\" style=\"text-align:justify\"><span style=\"font-size:16.0pt\">&nbsp;<\/span><\/p>\n\n\n\n\n\n\n\n<p style=\"text-align: right; \"><span style=\"font-size: 20px; color: rgb(255, 255, 255);\"><strong style=\"line-height: 1;\">LOREM CORPORATE CEO<\/strong><\/span><\/p><p style=\"text-align: center;\"><span style=\"color: rgb(255, 255, 255);\">Duis aute irure dolor in reprehenderit in voluptate velit esse cillum dolore eu fugiat nulla pariatur. Excepteur sint occaecat cupidatat non proident, sunt in culpa qui officia deserunt mollit anim id est laborum.<\/span><\/p><p style=\"text-align: left;\"><sign>&nbsp; &nbsp; &nbsp; <span style=\"line-height: 2.0;\">Benn Marshall<\/span><\/sign><\/p>\n\n\n\n\n<h6 class=\"MsoNormal\" align=\"center\" style=\"text-align: justify; line-height: 17.25pt; background-image: initial; background-position: initial; background-size: initial; background-repeat: initial; background-attachment: initial; background-origin: initial; background-clip: initial;\"><font dir=\"auto\" style=\"vertical-align: inherit;\"><font dir=\"auto\" style=\"vertical-align: inherit;\"><font dir=\"auto\" style=\"vertical-align: inherit;\"><font dir=\"auto\" style=\"vertical-align: inherit;\">VAGOS FEST 2026<\/font><\/font><\/font><\/font><\/h6><p class=\"MsoNormal\" style=\"text-align:justify\"><span lang=\"ES\" style=\"font-size:\n12.0pt;line-height:107%;mso-ansi-language:ES\"><o:p><\/o:p><\/span><\/p>\n\n\n<p class=\"MsoNoSpacing\"><span style=\"font-size:16.0pt\">Se inician los grandes\neventos en la ciudad de Bogot\u00e1 con la llegada de la edici\u00f3n m\u00e1s grande del\nVagos Fest, que este 2026 llega a uno de los escenarios m\u00e1s emblem\u00e1ticos de\nBogot\u00e1: La Media Torta.<o:p><\/o:p><\/span><\/p><p class=\"MsoNoSpacing\"><span style=\"font-size:16.0pt\">Rap, cultura urbana,\nnuevas voces, leyendas, barrio y ciudad reunidos en una sola experiencia.<\/span><\/p><p class=\"MsoNoSpacing\"><span style=\"font-size:16.0pt\">7 de febrero de 2026<o:p><\/o:p><\/span><\/p><p class=\"MsoNoSpacing\"><span style=\"font-size:16.0pt\">Desde las 11:00 a.m.<o:p><\/o:p><\/span><\/p><p class=\"MsoNoSpacing\"><span style=\"font-size:16.0pt\">Entrada libre \u00b7 Aforo\nlimitado<\/span><\/p>\n\n\n\n\n\n\n\n<p style=\"text-align: right; \"><span style=\"font-size: 20px; color: rgb(255, 255, 255);\"><strong style=\"line-height: 1;\">LOREM CORPORATE CEO<\/strong><\/span><\/p><p style=\"text-align: center;\"><span style=\"color: rgb(255, 255, 255);\">Duis aute irure dolor in reprehenderit in voluptate velit esse cillum dolore eu fugiat nulla pariatur. Excepteur sint occaecat cupidatat non proident, sunt in culpa qui officia deserunt mollit anim id est laborum.<\/span><\/p><p style=\"text-align: left;\"><sign>&nbsp; &nbsp; &nbsp; <span style=\"line-height: 2.0;\">Benn Marshall<\/span><\/sign><\/p>\n\n\n\n\n<h6 class=\"MsoNormal\" align=\"center\" style=\"text-align: justify; line-height: 17.25pt; background-image: initial; background-position: initial; background-size: initial; background-repeat: initial; background-attachment: initial; background-origin: initial; background-clip: initial;\"><font dir=\"auto\" style=\"vertical-align: inherit;\"><font dir=\"auto\" style=\"vertical-align: inherit;\"><font dir=\"auto\" style=\"vertical-align: inherit;\"><font dir=\"auto\" style=\"vertical-align: inherit;\">MICR\u00d3FONO ABIERTO<\/font><\/font><\/font><\/font><\/h6><p class=\"MsoNormal\" style=\"text-align:justify\"><span lang=\"ES\" style=\"font-size:\n12.0pt;line-height:107%;mso-ansi-language:ES\"><o:p><\/o:p><\/span><\/p>\n\n\n<p [object NamedNodeMap]><span lang=\"ES\">El equipo de Micr\u00f3fono Abierto Podcast se complace en anunciar que, a<br>partir de este mes, el programa ser\u00e1 transmitido tambi\u00e9n a trav\u00e9s de<br>SonidoHipHop.com, una de las plataformas digitales m\u00e1s representativas de la<br>cultura hip hop en Latinoam\u00e9rica.Con esta incorporaci\u00f3n, Micr\u00f3fono Abierto<br>Podcast suma su tercera emisora aliada, consolidando una red de difusi\u00f3n que<br>contin\u00faa creciendo y fortaleciendo el movimiento hiphopero independiente.<\/span><\/p>\n\n\n\n\n\n\n\n<p style=\"text-align: right; \"><span style=\"font-size: 20px; color: rgb(255, 255, 255);\"><strong style=\"line-height: 1;\">LOREM CORPORATE CEO<\/strong><\/span><\/p><p style=\"text-align: center;\"><span style=\"color: rgb(255, 255, 255);\">Duis aute irure dolor in reprehenderit in voluptate velit esse cillum dolore eu fugiat nulla pariatur. Excepteur sint occaecat cupidatat non proident, sunt in culpa qui officia deserunt mollit anim id est laborum.<\/span><\/p><p style=\"text-align: left;\"><sign>&nbsp; &nbsp; &nbsp; <span style=\"line-height: 2.0;\">Benn Marshall<\/span><\/sign><\/p>\n\n\n\n\n<h6 class=\"MsoNormal\" align=\"center\" style=\"text-align: center; line-height: 17.25pt; background-image: initial; background-position: initial; background-size: initial; background-repeat: initial; background-attachment: initial; background-origin: initial; background-clip: initial;\"><span style=\"font-size: 12pt; text-align: justify;\"><font style=\"vertical-align: inherit;\"><font style=\"vertical-align: inherit;\"><font style=\"vertical-align: inherit;\"><font style=\"vertical-align: inherit;\"><font style=\"vertical-align: inherit;\"><font style=\"vertical-align: inherit;\">TaxiRap, llega a la televisi\u00f3n nacional<\/font><\/font><\/font><\/font><\/font><\/font><\/span><\/h6><p class=\"MsoNormal\" style=\"text-align:justify\"><span lang=\"ES\" style=\"font-size:\n12.0pt;line-height:107%;mso-ansi-language:ES\"><o:p><\/o:p><\/span><\/p>\n\n\n<p [object NamedNodeMap]><span lang=\"ES\" style=\"font-size:12.0pt;mso-ansi-language:ES\"><font style=\"vertical-align: inherit;\"><font style=\"vertical-align: inherit;\">Este jueves 26 de junio a las 10:00 p.m. se estren\u00f3 TaxiRap, a trav\u00e9s de Se\u00f1al Colombia, canal que abre sus puertas a la m\u00fasica Rap con el estreno de este programa que combina el talento emergente del Hip Hop colombiano con un mensaje poderoso de transformaci\u00f3n social. El programa tambi\u00e9n tendr\u00e1 repetici\u00f3n los domingos a la 1:30 p.m.\u00a0<\/font><\/font><\/span><\/p>\n\n\n\n\n\nARTISTAS\n\n\n\n\n\n<p><font style=\"vertical-align: inherit;\"><font style=\"vertical-align: inherit;\"><font style=\"vertical-align: inherit;\"><font style=\"vertical-align: inherit;\"><font dir=\"auto\" style=\"vertical-align: inherit;\"><font dir=\"auto\" style=\"vertical-align: inherit;\">Agrupaci\u00f3n Bogotana\u00a0<\/font><\/font><\/font><\/font><\/font><\/font><\/p>\n\n\n\n\n\n\n\n\n\n\n<p><font style=\"vertical-align: inherit;\"><font style=\"vertical-align: inherit;\"><font style=\"vertical-align: inherit;\"><font style=\"vertical-align: inherit;\"><font dir=\"auto\" style=\"vertical-align: inherit;\"><font dir=\"auto\" style=\"vertical-align: inherit;\">Mc Bogotana<\/font><\/font><\/font><\/font><\/font><\/font><\/p>\n\n\n\n\n\n\n\n\n\n\n<p><font style=\"vertical-align: inherit;\"><font style=\"vertical-align: inherit;\"><font dir=\"auto\" style=\"vertical-align: inherit;\"><font dir=\"auto\" style=\"vertical-align: inherit;\">DJ Bogotano<\/font><\/font><\/font><\/font><\/p>\n\n\n\n\n\n\n\n\n\n\n<p><font style=\"vertical-align: inherit;\"><font style=\"vertical-align: inherit;\"><font style=\"vertical-align: inherit;\"><font style=\"vertical-align: inherit;\"><font dir=\"auto\" style=\"vertical-align: inherit;\"><font dir=\"auto\" style=\"vertical-align: inherit;\"><font dir=\"auto\" style=\"vertical-align: inherit;\"><font dir=\"auto\" style=\"vertical-align: inherit;\">Agrupaci\u00f3n Bogotana<\/font><\/font><\/font><\/font><\/font><\/font><\/font><\/font><\/p>\n\n\n\n\n\n\n\n\n\n\n<p [object NamedNodeMap]><font style=\"vertical-align: inherit;\"><font style=\"vertical-align: inherit;\"><font style=\"vertical-align: inherit;\"><font style=\"vertical-align: inherit;\"><font dir=\"auto\" style=\"vertical-align: inherit;\"><font dir=\"auto\" style=\"vertical-align: inherit;\"><font dir=\"auto\" style=\"vertical-align: inherit;\"><font dir=\"auto\" style=\"vertical-align: inherit;\">Mc Bogotano<\/font><\/font><\/font><\/font><\/font><\/font><\/font><\/font><\/p>\n\n\n\n\n\n\n\n\n\n\n<p [object NamedNodeMap]><font style=\"vertical-align: inherit;\"><font style=\"vertical-align: inherit;\"><font dir=\"auto\" style=\"vertical-align: inherit;\"><font dir=\"auto\" style=\"vertical-align: inherit;\">Mc Bogotano<\/font><\/font><\/font><\/font><\/p>\n\n\n\n\n\n\n\n\n\n\n\n\n\n\n<h2><font style=\"vertical-align: inherit;\"><font style=\"vertical-align: inherit;\"><font style=\"vertical-align: inherit;\"><font style=\"vertical-align: inherit; background-color: rgb(255, 255, 255);\">eventos<\/font><\/font><\/font><\/font><\/h2>\n\n\n\n\n\n\n\n\n\n<p>Lorem Ipsum has been the industry&#8217;s standard dummy text ever since the 1500s.<\/p>\n\n\n\n\n<p>Lorem Ipsum has been the industry&#8217;s standard dummy text ever since the 1500s.<\/p>\n\n\n\n\n<p>Lorem Ipsum has been the industry&#8217;s standard dummy text ever since the 1500s.<\/p>\n\n\n\n\n\n\n\n\n<p>Lorem Ipsum has been the industry&#8217;s standard dummy text ever since the 1500s.<\/p>\n\n\n\n\n<h2>Temas De Interes<\/h2>\n\n\n<p [object NamedNodeMap]><span style=\"color: rgba(255, 255, 255, 0.604);\"><span style=\"font-family:Arial Black;\">Convocatoria para los artistas colombianos del genero Rap, invitados a que nos envien sus temas para que suenen en nuestra emisora, solamente hay que cumplir los requisitos exigidos ytendran la oportunidad de representar a su ciudad o regi\u00f3n<\/span>.<\/span><\/p>\n\n\n\n\n\n\n<p>Lorem Ipsum has been the industry&#8217;s standard dummy text ever since the 1500s.<\/p>\n\n\n<p [object NamedNodeMap]><span style=\"font-size: 14pt; font-family: Tahoma; color: rgb(255, 255, 255);\">El<br>pasado 3 de mayo, como antesala a la celebraci\u00f3n de los 25 a\u00f1os del festival<br>Hip hop al parque el IDARTES presento el documental Bogot\u00e1 capital Del rap,<br>Real A Mi Manera.<\/span><span style=\"font-size:10.5pt;font-family:&quot;Helvetica&quot;,&quot;sans-serif&quot;;\ncolor:#333333\"><\/span><\/p>\n\n\n\n\n<p>Lorem Ipsum has been the industry&#8217;s standard dummy text ever since the 1500s.<\/p>\n\n\n<p [object NamedNodeMap]><span style=\"color: rgb(255, 255, 255); font-family: &quot;Open Sans&quot;, sans-serif; font-size: 18px; text-align: left;\">El Instituto Distrital de las Artes &#8211; Idartes, convoca a los proyectos musicales de Bogot\u00e1 a postular sus propuestas para ser parte de la programaci\u00f3n art\u00edstica en el componente MC del Festival Hip Hop al Parque 2025.<\/span><\/p>\n\n\n\n\n<p>Lorem Ipsum has been the industry&#8217;s standard dummy text ever since the 1500s.<\/p>\n\n\n<p [object NamedNodeMap]><strong style=\"text-align: justify;\"><span style=\"font-size: 14pt; color: rgb(255, 255, 255);\">Muy<br> buenas noticias para la escena del Rap nacional y sobre todo para los <br>seguidores de Joes Yawar Cru y el RedCode, debido a que a trav\u00e9s de sus <br>redes confirmaron que ya terminaron su nuevo trabajo en conjunto <br>titulado \u201cInfamia 2.0\u201d y que estar\u00e1 disponible para la edici\u00f3n n\u00famero 26<br> del Festival Hip Hop Al Parque que se realizar\u00e1 los d\u00edas 13 y 14 de <br>Julio.<\/span><\/strong><\/p>\n\n\n\n\n\n\n<h2><font style=\"vertical-align: inherit;\"><font style=\"vertical-align: inherit;\">Sonido Hip Hop<\/font><\/font><\/h2>\n\n\n\n\n\n\n\n\n\n<h2><font style=\"vertical-align: inherit;\"><font style=\"vertical-align: inherit;\">NUEVOS VIDEOS<\/font><\/font><\/h2>\n\n\n\n\n\n\n\n\n\n\n\n\n\n\n\n\n\n\n\n\n\n\n\n\n\n\n\n\n\n\n\n\n\n\n\n\n\n\n\n\n\n\n\n\n\n\n\n\n\n\n\n\n\n\n\n\n\n\n\n\n\n\n\n\n\n\n\n\n\n\n\n\n\n\n\n","protected":false},"excerpt":{"rendered":"","protected":false},"author":1,"featured_media":0,"parent":184,"menu_order":1,"comment_status":"closed","ping_status":"closed","template":"","meta":{"pagelayer_contact_templates":[],"_pagelayer_content":"","h5ap_radio_sources":[],"footnotes":""},"class_list":["post-36","page","type-page","status-publish","hentry"],"_links":{"self":[{"href":"https:\/\/www.sonidohiphop.com\/index.php?rest_route=\/wp\/v2\/pages\/36","targetHints":{"allow":["GET"]}}],"collection":[{"href":"https:\/\/www.sonidohiphop.com\/index.php?rest_route=\/wp\/v2\/pages"}],"about":[{"href":"https:\/\/www.sonidohiphop.com\/index.php?rest_route=\/wp\/v2\/types\/page"}],"author":[{"embeddable":true,"href":"https:\/\/www.sonidohiphop.com\/index.php?rest_route=\/wp\/v2\/users\/1"}],"replies":[{"embeddable":true,"href":"https:\/\/www.sonidohiphop.com\/index.php?rest_route=%2Fwp%2Fv2%2Fcomments&post=36"}],"version-history":[{"count":140,"href":"https:\/\/www.sonidohiphop.com\/index.php?rest_route=\/wp\/v2\/pages\/36\/revisions"}],"predecessor-version":[{"id":5782,"href":"https:\/\/www.sonidohiphop.com\/index.php?rest_route=\/wp\/v2\/pages\/36\/revisions\/5782"}],"up":[{"embeddable":true,"href":"https:\/\/www.sonidohiphop.com\/index.php?rest_route=\/wp\/v2\/pages\/184"}],"wp:attachment":[{"href":"https:\/\/www.sonidohiphop.com\/index.php?rest_route=%2Fwp%2Fv2%2Fmedia&parent=36"}],"curies":[{"name":"wp","href":"https:\/\/api.w.org\/{rel}","templated":true}]}}