{"id":472,"date":"2025-06-19T11:17:41","date_gmt":"2025-06-19T16:17:41","guid":{"rendered":"https:\/\/www.sonidohiphop.com\/?page_id=472"},"modified":"2025-06-25T09:51:52","modified_gmt":"2025-06-25T14:51:52","slug":"golden-desorden-social","status":"publish","type":"page","link":"https:\/\/www.sonidohiphop.com\/?page_id=472","title":{"rendered":"Golden &#8211; Desorden Social"},"content":{"rendered":"\n\n\n\n<h1><font style=\"vertical-align: inherit;\"><font style=\"vertical-align: inherit;\"><font style=\"vertical-align: inherit;\"><font style=\"vertical-align: inherit;\"><font style=\"vertical-align: inherit;\"><font style=\"vertical-align: inherit;\"><font style=\"vertical-align: inherit;\"><font style=\"vertical-align: inherit;\"><font style=\"vertical-align: inherit;\"><font style=\"vertical-align: inherit;\"><font style=\"vertical-align: inherit;\"><font style=\"vertical-align: inherit;\"><font style=\"vertical-align: inherit;\"><font style=\"vertical-align: inherit;\"><font style=\"vertical-align: inherit;\"><font style=\"vertical-align: inherit;\"><font style=\"vertical-align: inherit;\"><font style=\"vertical-align: inherit;\">Desorden social &#8211; Golden<\/font><\/font><\/font><\/font><\/font><\/font><\/font><\/font><\/font><\/font><\/font><\/font><\/font><\/font><\/font><\/font><\/font><\/font><\/h1>\n\n<p>Lorem Ipsum has been the industry&#8217;s standard dummy text ever since the 1500s.<\/p>\n\n\n<h1><span style=\"color: rgb(19, 19, 19); font-family: Roboto, Arial, sans-serif; font-size: 14px; font-weight: 400; letter-spacing: normal; text-transform: none; white-space-collapse: preserve; background-color: rgba(0, 0, 0, 0.05); text-decoration-style: initial;\">25 a\u00f1os de resistencia. 25 a\u00f1os de RAP REAL. <\/span><\/h1>\n\n\n<h1><font style=\"vertical-align: inherit;\"><font style=\"vertical-align: inherit;\"><font style=\"vertical-align: inherit;\"><font style=\"vertical-align: inherit;\"><font style=\"vertical-align: inherit;\"><font style=\"vertical-align: inherit;\"><font style=\"vertical-align: inherit;\"><font style=\"vertical-align: inherit;\"><font style=\"vertical-align: inherit;\"><font style=\"vertical-align: inherit;\">Sonido Hip Hop, 19 de Junio \u200b\u200bde 2025<\/font><\/font><\/font><\/font><\/font><\/font><\/font><\/font><\/font><\/font><\/h1>\n\n\n<h1><p class=\"pagelayer-heading-holder pagelayer-pen pagelayer-pen-focused\" pagelayer-editable=\"text\" contenteditable=\"true\"><\/p><p class=\"xdj266r x14z9mp xat24cr x1lziwak x1vvkbs x126k92a\" style=\"white-space-collapse: preserve; font-family: &quot;Segoe UI Historic&quot;, &quot;Segoe UI&quot;, Helvetica, Arial, sans-serif; color: rgb(8, 8, 9); text-decoration-style: initial;\"><\/p><p class=\"MsoNoSpacing\"><span style=\"color: rgb(19, 19, 19); font-family: Roboto, Arial, sans-serif; font-size: 14px; white-space-collapse: preserve; background-color: rgba(0, 0, 0, 0.05); text-decoration-style: initial;\">\u201cGOLDEN\u201d no es solo una canci\u00f3n.<br>Es una declaraci\u00f3n.<br>Un homenaje a la era dorada del hip hop,<br>a las ra\u00edces que nos formaron,<br>al c\u00f3digo, el respeto, la cultura y la familia<br>que nos dieron voz cuando nadie m\u00e1s escuchaba.<br> En tiempos de n\u00fameros, algoritmos y fama vac\u00eda,<br>recordamos por qu\u00e9 hacemos esto:<br>por amor al barrio, a la palabra y al beat que nos salv\u00f3.<br>Este tema da t\u00edtulo a nuestro nuevo \u00e1lbum,<br>y es la pieza central de un viaje sonoro<br>que une pasado, presente y futuro.<br>El oro no est\u00e1 en las cadenas,<br>est\u00e1 en la verdad que llevamos en el pecho.<br>Esto es Desorden Social. Esto es GOLDEN.<\/span><\/p><\/h1>\n\n\n<p><br><\/p>\n\n\n\n\n\n\n\n\n\n\n\n\n","protected":false},"excerpt":{"rendered":"","protected":false},"author":1,"featured_media":0,"parent":238,"menu_order":0,"comment_status":"closed","ping_status":"closed","template":"","meta":{"pagelayer_contact_templates":[],"_pagelayer_content":"","h5ap_radio_sources":[],"footnotes":""},"class_list":["post-472","page","type-page","status-publish","hentry"],"_links":{"self":[{"href":"https:\/\/www.sonidohiphop.com\/index.php?rest_route=\/wp\/v2\/pages\/472","targetHints":{"allow":["GET"]}}],"collection":[{"href":"https:\/\/www.sonidohiphop.com\/index.php?rest_route=\/wp\/v2\/pages"}],"about":[{"href":"https:\/\/www.sonidohiphop.com\/index.php?rest_route=\/wp\/v2\/types\/page"}],"author":[{"embeddable":true,"href":"https:\/\/www.sonidohiphop.com\/index.php?rest_route=\/wp\/v2\/users\/1"}],"replies":[{"embeddable":true,"href":"https:\/\/www.sonidohiphop.com\/index.php?rest_route=%2Fwp%2Fv2%2Fcomments&post=472"}],"version-history":[{"count":5,"href":"https:\/\/www.sonidohiphop.com\/index.php?rest_route=\/wp\/v2\/pages\/472\/revisions"}],"predecessor-version":[{"id":493,"href":"https:\/\/www.sonidohiphop.com\/index.php?rest_route=\/wp\/v2\/pages\/472\/revisions\/493"}],"up":[{"embeddable":true,"href":"https:\/\/www.sonidohiphop.com\/index.php?rest_route=\/wp\/v2\/pages\/238"}],"wp:attachment":[{"href":"https:\/\/www.sonidohiphop.com\/index.php?rest_route=%2Fwp%2Fv2%2Fmedia&parent=472"}],"curies":[{"name":"wp","href":"https:\/\/api.w.org\/{rel}","templated":true}]}}