{"id":495,"date":"2025-06-25T10:51:23","date_gmt":"2025-06-25T15:51:23","guid":{"rendered":"https:\/\/www.sonidohiphop.com\/?page_id=495"},"modified":"2025-06-25T11:15:32","modified_gmt":"2025-06-25T16:15:32","slug":"lord-mc-leon-del-occidente-mafia-boom-bap-ft-dj-west-x-bless-k-demente-x-fugaz-mc-x-nativo-lince","status":"publish","type":"page","link":"https:\/\/www.sonidohiphop.com\/?page_id=495","title":{"rendered":"LORD MC LEON DEL OCCIDENTE &#8211; MAFIA BOOM BAP FT DJ WEST x BLESS K-DEMENTE x FUGAZ MC x NATIVO LINCE"},"content":{"rendered":"\n\n\n\n\n\n\n<h1 [object NamedNodeMap]><yt-formatted-string force-default-style=\"\" class=\"style-scope ytd-watch-metadata\" title=\"LORD MC LEON DEL OCCIDENTE - MAFIA BOOM BAP FT DJ WEST x BLESS K-DEMENTE x FUGAZ MC x NATIVO LINCE\"><font style=\"vertical-align: inherit;\"><font style=\"vertical-align: inherit;\">lo nuevo de lord mc<\/font><\/font><\/yt-formatted-string><\/h1>\n\n\n\n<h1\u00a0class=\"style-scope ytd-watch-metadata\"=\"\" style=\"border-style: initial; background: rgb(255, 255, 255); word-break: break-word; font-family: Roboto, Arial, sans-serif; font-size: 2rem; line-height: 2.8rem; font-weight: 700; overflow: hidden; max-height: 5.6rem; -webkit-line-clamp: 2; display: -webkit-box; -webkit-box-orient: vertical; text-overflow: ellipsis; color: rgb(15, 15, 15); letter-spacing: normal; text-align: start; text-transform: none; text-decoration-style: initial;\"><yt-formatted-string force-default-style=\"\" class=\"style-scope ytd-watch-metadata\" title=\"LORD MC LEON DEL OCCIDENTE - MAFIA BOOM BAP FT DJ WEST x BLESS K-DEMENTE x FUGAZ MC x NATIVO LINCE\"><\/yt-formatted-string>\n<\/h1\u00a0class=\"style-scope>\n\n\n\n<p>Lorem Ipsum has been the industry&#8217;s standard dummy text ever since the 1500s.<\/p>\n\n\n\n<h1><span style=\"color: rgb(7, 6, 11); font-weight: 500; background-color: rgb(255, 255, 255);\">LORD MC LEON DEL OCCIDENTE &#8211; MAFIA BOOM BAP FT DJ WEST x BLESS K-DEMENTE x FUGAZ MC x NATIVO LINCE<\/span><span style=\"font-family: inherit; white-space-collapse: preserve;\"><font style=\"vertical-align: inherit;\"><font style=\"vertical-align: inherit;\"><font style=\"vertical-align: inherit;\"><font style=\"vertical-align: inherit;\"><font style=\"vertical-align: inherit;\">S<\/font><\/font><\/font><\/font><\/font><\/span><\/h1>\n\n\n\n<h1><font style=\"vertical-align: inherit;\"><font style=\"vertical-align: inherit;\"><font style=\"vertical-align: inherit;\"><font style=\"vertical-align: inherit;\"><font style=\"vertical-align: inherit;\"><font style=\"vertical-align: inherit;\"><font style=\"vertical-align: inherit;\"><font style=\"vertical-align: inherit;\"><font style=\"vertical-align: inherit;\"><font style=\"vertical-align: inherit;\">Sonido Hip Hop, 24 de Junio \u200b\u200bde 2025<\/font><\/font><\/font><\/font><\/font><\/font><\/font><\/font><\/font><\/font><\/h1>\n\n\n\n<h1><p class=\"pagelayer-heading-holder pagelayer-pen pagelayer-pen-focused\" pagelayer-editable=\"text\" contenteditable=\"true\"><\/p><p class=\"xdj266r x14z9mp xat24cr x1lziwak x1vvkbs x126k92a\" style=\"white-space-collapse: preserve; font-family: &quot;Segoe UI Historic&quot;, &quot;Segoe UI&quot;, Helvetica, Arial, sans-serif; color: rgb(8, 8, 9); text-decoration-style: initial;\"><\/p><p class=\"MsoNoSpacing\"><span style=\"color: rgb(19, 19, 19); font-family: Roboto, Arial, sans-serif; font-size: 14px; white-space-collapse: preserve; background-color: rgba(0, 0, 0, 0.05); text-decoration-style: initial;\">Video: Toga Films<br>Direcci\u00f3n y fotograf\u00eda: Toga <br>Producci\u00f3n musical: Lord Mc (Eternal Music)<br>Grabado en Estudio Turquesa<br>Masterizaci\u00f3n: Magnum 357<br>Scratch: Dj West<br>Instagram: www.instagram.com\/lord.mc1\/?hl=es-la<br>Fan Page: www.facebook.com\/leondeloccidente\/<br>Instagram: www.instagram.com\/fugaz.mc\/?hl=es-la<br>Fan Page: www.facebook.com\/fugaz.mc<br>Instagram: www.instagram.com\/bless_kdemente_oficial\/?hl=es-la<br>Fan Page: www.facebook.com\/mrbless.armadura<br><\/span><\/p><div><span style=\"color: rgb(19, 19, 19); font-family: Roboto, Arial, sans-serif; font-size: 14px; white-space-collapse: preserve; background-color: rgba(0, 0, 0, 0.05); text-decoration-style: initial;\"><br><\/span><\/div><\/h1>\n\n\n\n<p><br><\/p>\n\n\n\n\n\n\n\n\n\n\n\n\n\n\n\n\n\n\n\n<p><\/p>\n","protected":false},"excerpt":{"rendered":"","protected":false},"author":1,"featured_media":0,"parent":238,"menu_order":0,"comment_status":"closed","ping_status":"closed","template":"","meta":{"pagelayer_contact_templates":[],"_pagelayer_content":"","h5ap_radio_sources":[],"footnotes":""},"class_list":["post-495","page","type-page","status-publish","hentry"],"_links":{"self":[{"href":"https:\/\/www.sonidohiphop.com\/index.php?rest_route=\/wp\/v2\/pages\/495","targetHints":{"allow":["GET"]}}],"collection":[{"href":"https:\/\/www.sonidohiphop.com\/index.php?rest_route=\/wp\/v2\/pages"}],"about":[{"href":"https:\/\/www.sonidohiphop.com\/index.php?rest_route=\/wp\/v2\/types\/page"}],"author":[{"embeddable":true,"href":"https:\/\/www.sonidohiphop.com\/index.php?rest_route=\/wp\/v2\/users\/1"}],"replies":[{"embeddable":true,"href":"https:\/\/www.sonidohiphop.com\/index.php?rest_route=%2Fwp%2Fv2%2Fcomments&post=495"}],"version-history":[{"count":4,"href":"https:\/\/www.sonidohiphop.com\/index.php?rest_route=\/wp\/v2\/pages\/495\/revisions"}],"predecessor-version":[{"id":504,"href":"https:\/\/www.sonidohiphop.com\/index.php?rest_route=\/wp\/v2\/pages\/495\/revisions\/504"}],"up":[{"embeddable":true,"href":"https:\/\/www.sonidohiphop.com\/index.php?rest_route=\/wp\/v2\/pages\/238"}],"wp:attachment":[{"href":"https:\/\/www.sonidohiphop.com\/index.php?rest_route=%2Fwp%2Fv2%2Fmedia&parent=495"}],"curies":[{"name":"wp","href":"https:\/\/api.w.org\/{rel}","templated":true}]}}