{"id":508,"date":"2025-06-28T11:05:49","date_gmt":"2025-06-28T16:05:49","guid":{"rendered":"https:\/\/www.sonidohiphop.com\/?page_id=508"},"modified":"2025-07-17T00:02:16","modified_gmt":"2025-07-17T05:02:16","slug":"hip-hop-al-parque-2025-3","status":"publish","type":"page","link":"https:\/\/www.sonidohiphop.com\/?page_id=508","title":{"rendered":"Hip Hop Al Parque 2025"},"content":{"rendered":"\n\n\n\n\n<h1><font style=\"vertical-align: inherit;\"><font style=\"vertical-align: inherit;\"><font style=\"vertical-align: inherit;\"><font style=\"vertical-align: inherit;\"><font style=\"vertical-align: inherit;\"><font style=\"vertical-align: inherit;\"><font style=\"vertical-align: inherit;\"><font style=\"vertical-align: inherit;\"><font style=\"vertical-align: inherit;\"><font style=\"vertical-align: inherit;\">HIP HOP AL PARQUE 2025<\/font><\/font><\/font><\/font><\/font><\/font><\/font><\/font><\/font><\/font><\/h1>\n\n\n<p>Lorem Ipsum has been the industry&#8217;s standard dummy text ever since the 1500s.<\/p>\n\n\n<h1><span style=\"color: rgb(8, 8, 9); font-family: &quot;Segoe UI Historic&quot;, &quot;Segoe UI&quot;, Helvetica, Arial, sans-serif; font-size: 15px; font-weight: 400; letter-spacing: normal; text-transform: none; background-color: rgb(255, 255, 255); text-decoration-style: initial;\"><font style=\"vertical-align: inherit;\"><font style=\"vertical-align: inherit;\">CONOCE AQUI TODOS LOS DETALLES<\/font><\/font><\/span><\/h1>\n\n\n<h1><font style=\"vertical-align: inherit;\"><font style=\"vertical-align: inherit;\"><font style=\"vertical-align: inherit;\"><font style=\"vertical-align: inherit;\"><font style=\"vertical-align: inherit;\"><font style=\"vertical-align: inherit;\">Sonido Hip Hop, 25 de junio de 2025<\/font><\/font><\/font><\/font><\/font><\/font><\/h1>\n\n\n<h1><p class=\"MsoNormal\" style=\"text-align:justify\"><span lang=\"ES\" style=\"font-size:\n12.0pt;line-height:107%;mso-ansi-language:ES\"><font style=\"vertical-align: inherit;\"><font style=\"vertical-align: inherit;\">Se avecina el festival Hip Hop m\u00e1s importante de Latinoam\u00e9rica y ya tiene una fecha confirmada, los d\u00edas 23 y 24 de agosto en el Parque Metropolitano Sim\u00f3n Bol\u00edvar en la ciudad de Bogot\u00e1, todos los elementos de la cultura Hip Hop reunidos en un gran festival.<\/font><\/font><\/span><\/p><\/h1>\n\n<h1><p class=\"MsoNormal\" style=\"text-align:justify\"><span lang=\"ES\" style=\"font-size:\n12.0pt;line-height:107%;mso-ansi-language:ES\"><font style=\"vertical-align: inherit;\"><font style=\"vertical-align: inherit;\"><font style=\"vertical-align: inherit;\"><font style=\"vertical-align: inherit;\">Ya se conoci\u00f3 la lista de Mc\u00b4s clasificados para audicionar y lograr un espacio en el Hip Hop Al Parque 2025, estos son los seleccionados<\/font><\/font><\/font><\/font><\/span><\/p><p class=\"MsoNoSpacing\"><span lang=\"ES\"><font style=\"vertical-align: inherit;\"><font style=\"vertical-align: inherit;\"><font style=\"vertical-align: inherit;\"><font style=\"vertical-align: inherit;\">JAMBLOCK JR<\/font><\/font><\/font><\/font><\/span><\/p><p class=\"MsoNoSpacing\"><span lang=\"ES\"><font style=\"vertical-align: inherit;\"><font style=\"vertical-align: inherit;\"><font style=\"vertical-align: inherit;\"><font style=\"vertical-align: inherit;\">H-ICO EL SE\u00d1OR DEL FUNK<\/font><\/font><\/font><\/font><\/span><\/p><p class=\"MsoNoSpacing\"><span lang=\"ES\"><font style=\"vertical-align: inherit;\"><font style=\"vertical-align: inherit;\"><font style=\"vertical-align: inherit;\"><font style=\"vertical-align: inherit;\">CANUS<\/font><\/font><\/font><\/font><\/span><\/p><p class=\"MsoNoSpacing\"><span lang=\"ES\"><font style=\"vertical-align: inherit;\"><font style=\"vertical-align: inherit;\"><font style=\"vertical-align: inherit;\"><font style=\"vertical-align: inherit;\">AROS GARC\u00cdA<\/font><\/font><\/font><\/font><\/span><\/p><p class=\"MsoNoSpacing\">M.A.D.FELLAS<\/p><p class=\"MsoNoSpacing\">FREE STAYLA<\/p><p class=\"MsoNoSpacing\"><span lang=\"ES\"><font style=\"vertical-align: inherit;\"><font style=\"vertical-align: inherit;\"><font style=\"vertical-align: inherit;\"><font style=\"vertical-align: inherit;\">MONFU YWC<\/font><\/font><\/font><\/font><\/span><\/p><p class=\"MsoNoSpacing\"><span lang=\"ES\"><font style=\"vertical-align: inherit;\"><font style=\"vertical-align: inherit;\"><font style=\"vertical-align: inherit;\"><font style=\"vertical-align: inherit;\">ALMANEGRA<\/font><\/font><\/font><\/font><\/span><\/p><p class=\"MsoNoSpacing\"><span lang=\"ES\"><font style=\"vertical-align: inherit;\"><font style=\"vertical-align: inherit;\"><font style=\"vertical-align: inherit;\"><font style=\"vertical-align: inherit;\">MALINCHE<\/font><\/font><\/font><\/font><\/span><\/p><p class=\"MsoNoSpacing\"><span lang=\"ES\"><font style=\"vertical-align: inherit;\"><font style=\"vertical-align: inherit;\"><font style=\"vertical-align: inherit;\"><font style=\"vertical-align: inherit;\">EL NOLAN<\/font><\/font><\/font><\/font><\/span><\/p><p class=\"MsoNoSpacing\"><span lang=\"ES\"><font style=\"vertical-align: inherit;\"><font style=\"vertical-align: inherit;\"><font style=\"vertical-align: inherit;\"><font style=\"vertical-align: inherit;\">ALFA GAMA<\/font><\/font><\/font><\/font><\/span><\/p><p class=\"MsoNoSpacing\"><span lang=\"ES\"><font style=\"vertical-align: inherit;\"><font style=\"vertical-align: inherit;\"><font style=\"vertical-align: inherit;\"><font style=\"vertical-align: inherit;\">HERMANOS SIN YUGO<\/font><\/font><\/font><\/font><\/span><\/p><p class=\"MsoNoSpacing\"><span lang=\"ES\"><font style=\"vertical-align: inherit;\"><font style=\"vertical-align: inherit;\"><font style=\"vertical-align: inherit;\"><font style=\"vertical-align: inherit;\">MC NETO<\/font><\/font><\/font><\/font><\/span><\/p><p class=\"MsoNoSpacing\"><span lang=\"ES\"><font style=\"vertical-align: inherit;\"><font style=\"vertical-align: inherit;\"><font style=\"vertical-align: inherit;\"><font style=\"vertical-align: inherit;\">ESPECTRO DE LA RIMA<\/font><\/font><\/font><\/font><\/span><\/p><p class=\"MsoNoSpacing\"><span lang=\"ES\"><font style=\"vertical-align: inherit;\"><font style=\"vertical-align: inherit;\"><font style=\"vertical-align: inherit;\"><font style=\"vertical-align: inherit;\">DOGGY FRESH<\/font><\/font><\/font><\/font><\/span><\/p><p class=\"MsoNormal\" style=\"text-align:justify\"><font style=\"vertical-align: inherit;\"><font style=\"vertical-align: inherit;\">UC DE CLASE BAJA<\/font><\/font><\/p><\/h1>\n\n<h1><p\u00a0class=\"msonormal\" style=\"text-align:justify\"><span lang=\"ES\" style=\"font-size:\n12.0pt;line-height:107%;mso-ansi-language:ES\"><o:p><\/o:p><\/span><\/p\u00a0class=\"msonormal\"><\/h1><h1 class=\"MsoNormal\"><span lang=\"ES\" style=\"font-size:14.0pt;line-height:115%;\nfont-family:&quot;Arial&quot;,sans-serif\"><o:p><\/o:p><\/span><\/h1>\n\n\n<p>Lorem Ipsum has been the industry&#8217;s standard dummy text ever since the 1500s.<\/p>\n\n\n\n\n\n\n\n\n\n\n\n","protected":false},"excerpt":{"rendered":"","protected":false},"author":1,"featured_media":0,"parent":188,"menu_order":0,"comment_status":"closed","ping_status":"closed","template":"","meta":{"pagelayer_contact_templates":[],"_pagelayer_content":"","h5ap_radio_sources":[],"footnotes":""},"class_list":["post-508","page","type-page","status-publish","hentry"],"_links":{"self":[{"href":"https:\/\/www.sonidohiphop.com\/index.php?rest_route=\/wp\/v2\/pages\/508","targetHints":{"allow":["GET"]}}],"collection":[{"href":"https:\/\/www.sonidohiphop.com\/index.php?rest_route=\/wp\/v2\/pages"}],"about":[{"href":"https:\/\/www.sonidohiphop.com\/index.php?rest_route=\/wp\/v2\/types\/page"}],"author":[{"embeddable":true,"href":"https:\/\/www.sonidohiphop.com\/index.php?rest_route=\/wp\/v2\/users\/1"}],"replies":[{"embeddable":true,"href":"https:\/\/www.sonidohiphop.com\/index.php?rest_route=%2Fwp%2Fv2%2Fcomments&post=508"}],"version-history":[{"count":5,"href":"https:\/\/www.sonidohiphop.com\/index.php?rest_route=\/wp\/v2\/pages\/508\/revisions"}],"predecessor-version":[{"id":541,"href":"https:\/\/www.sonidohiphop.com\/index.php?rest_route=\/wp\/v2\/pages\/508\/revisions\/541"}],"up":[{"embeddable":true,"href":"https:\/\/www.sonidohiphop.com\/index.php?rest_route=\/wp\/v2\/pages\/188"}],"wp:attachment":[{"href":"https:\/\/www.sonidohiphop.com\/index.php?rest_route=%2Fwp%2Fv2%2Fmedia&parent=508"}],"curies":[{"name":"wp","href":"https:\/\/api.w.org\/{rel}","templated":true}]}}