{"id":521,"date":"2025-06-28T12:20:29","date_gmt":"2025-06-28T17:20:29","guid":{"rendered":"https:\/\/www.sonidohiphop.com\/?page_id=521"},"modified":"2025-09-24T15:21:49","modified_gmt":"2025-09-24T20:21:49","slug":"taxirap-2","status":"publish","type":"page","link":"https:\/\/www.sonidohiphop.com\/?page_id=521","title":{"rendered":"Yawar Cru"},"content":{"rendered":"\n\n\n\n<h1><font style=\"vertical-align: inherit;\"><font style=\"vertical-align: inherit;\"><font style=\"vertical-align: inherit;\"><font style=\"vertical-align: inherit;\"><font style=\"vertical-align: inherit;\"><font style=\"vertical-align: inherit;\"><font style=\"vertical-align: inherit;\"><font style=\"vertical-align: inherit;\">YAWAR CRU<\/font><\/font><\/font><\/font><\/font><\/font><\/font><\/font><\/h1>\n\n\n\n\n\n\n\n\n\n\n\n\n\n\n\n\n\n\n\n\n\n\n\n\n<h1><font style=\"vertical-align: inherit;\"><font style=\"vertical-align: inherit;\"><font style=\"vertical-align: inherit;\"><font style=\"vertical-align: inherit;\">Sonido Hip Hop, viernes 08 de agosto de 2025<\/font><\/font><\/font><\/font><\/h1>\n<p class=\"MsoNoSpacing\" style=\"text-align:justify\"><span lang=\"ES-CO\" style=\"font-size:12.0pt\"><font style=\"vertical-align: inherit;\"><font style=\"vertical-align: inherit;\"><strong>YAWAR CRU<\/strong><\/font><\/font><o:p><\/o:p><\/span><\/p><p class=\"MsoNoSpacing\" style=\"text-align:justify\"><span lang=\"ES-CO\" style=\"font-size:12.0pt\"><font style=\"vertical-align: inherit;\"><font style=\"vertical-align: inherit;\">\u00bfQu\u00e9 es lo \u00fanico que fluye en todos los seres humanos sin importar sexo, raza ni color? LA SANGRE, esa misma que representa la uni\u00f3n, la guerra, la humildad y la nobleza.<\/font><\/font><o:p><\/o:p><\/span><\/p><p class=\"MsoNoSpacing\" style=\"text-align:justify\"><span lang=\"ES-CO\" style=\"font-size:12.0pt\">&nbsp;<\/span><\/p><p class=\"MsoNoSpacing\" style=\"text-align:justify\"><span lang=\"ES-CO\"><font style=\"vertical-align: inherit;\"><font style=\"vertical-align: inherit;\"><strong>ETIMOLOGIA DEL NOMBRE YAWAR CRU<\/strong><\/font><\/font><o:p><\/o:p><\/span><\/p><p class=\"MsoNoSpacing\" style=\"text-align:justify\"><span lang=\"ES-CO\" style=\"font-size:12.0pt\"><font style=\"vertical-align: inherit;\"><font style=\"vertical-align: inherit;\">YAWAR es una palabra en quechua (dialecto de los muiscas que habitaban el altiplano cundiboyacense), significa SANGRE, lo que representa un linaje, sentimiento de universalidad, uni\u00f3n y fuerza. La palabra CRU significa dos cosas, la primera: forma callejera de decir \u201cCREW\u201d. La segunda es el acr\u00f3nimo de \u201cRaperos Colombianos Unidos\u201d<\/font><\/font><o:p><\/o:p><\/span><\/p><p class=\"MsoNoSpacing\" style=\"text-align:justify\"><span lang=\"ES-CO\" style=\"font-size:12.0pt\">&nbsp;<\/span><\/p><p class=\"MsoNoSpacing\" style=\"text-align:justify\"><span lang=\"ES-CO\"><font style=\"vertical-align: inherit;\"><font style=\"vertical-align: inherit;\"><strong>DESCRIPCI\u00d3N GENERAL<\/strong><\/font><\/font><o:p><\/o:p><\/span><\/p><p class=\"MsoNoSpacing\" style=\"text-align:justify\"><span lang=\"ES-CO\" style=\"font-size:12.0pt\">&nbsp;<font style=\"vertical-align: inherit;\"><font style=\"vertical-align: inherit;\">La agrupaci\u00f3n YAWAR CRU, se fund\u00f3 en el 2008 por Dj Negus y Jason (primeval en ese entonces), con la idea de ser un grupo de culto en la escena local, sin importar que se cambiara de elenco, tomando esta idea de conjuntos como La Fania All Stars, La Sonora Matancera y Binomio de Oro de Am\u00e9rica, entre otros. Fundado en el barrio Carimagua, situado en la localidad octava (Kennedy), influenciados principalmente por el rap hecho en la d\u00e9cada de los 90, que comenz\u00f3 a tomar fuerza entre los j\u00f3venes de Bogot\u00e1 y otras ciudades principales, con la llegada de Youtube en 2005. En el 2008 lanzan su demo promocional llamado OPERA PRIMA, contaba con una intro y cuatro canciones hechas en pistas de rap de la d\u00e9cada de los 90. En los a\u00f1os siguientes deciden incorporarse en la agrupaci\u00f3n otros raperos, SirJam, Little D, Aka Mantastic, dando como resultado los sencillos \u201cHip Hop life style\u201d, \u201cEsclavos del sonido\u201d y \u201cPhenomenon\u201d.<\/font><\/font><o:p><\/o:p><\/span><\/p><p class=\"MsoNoSpacing\" style=\"text-align:justify\"><span lang=\"ES-CO\" style=\"font-size:12.0pt\">&nbsp;<\/span><\/p><p class=\"MsoNoSpacing\" style=\"text-align:justify\"><span lang=\"ES-CO\" style=\"font-size:12.0pt\"><font style=\"vertical-align: inherit;\"><font style=\"vertical-align: inherit;\"><strong>LA ERA ENSAMBLE<\/strong><\/font><\/font><o:p><\/o:p><\/span><\/p><p>\n\n\n\n\n\n\n\n\n\n\n\n\n\n\n\n\n\n\n\n<\/p><p class=\"MsoNoSpacing\" style=\"text-align:justify\"><span lang=\"ES-CO\" style=\"font-size:12.0pt\"><font style=\"vertical-align: inherit;\"><font style=\"vertical-align: inherit;\">Esta nueva plantilla se convertir\u00eda en el Yawar cl\u00e1sico, conformada por B CLASS, JOES, JASON y MONFU. Con el viaje de B CLASS a los Estados Unidos por razones econ\u00f3micas y en b\u00fasqueda de un mejor futuro, con la posible internacionalizaci\u00f3n del CRU, el grupo necesitaba una persona en los controles, para la cual ya hab\u00eda un disc\u00edpulo en formaci\u00f3n para ello: JERU en el beat, quien se hab\u00eda formado parte con JOES de la agrupaci\u00f3n infantil de rap \u201cMentes de colores\u201d. El proceso de empalme no fue dif\u00edcil, JERU ven\u00eda trabajando con el grupo y con el resto de artistas del ENSAMBLE RECORDS. En este punto, y por intermedio de JERU se integra al grupo DA SANE, dejando como contribuci\u00f3n y legado el primer tema lanzado por el grupo hecho en m\u00e1quina \u201cLA AMENAZA\u201d, cuyo video estuvo a cargo de JAHSHERU producciones. Ahora, en su etapa m\u00e1s reciente con el reto de conquistar los oyentes de la actualidad con sonidos de antes, con aportes en solitario sin los que la historia estar\u00eda incompleta, como los 5 \u00e1lbumes de JOES en los que reposan temas cl\u00e1sicos del grupo tales como: INFANCIA y AL RITMO DE LA VIDA del \u00e1lbum RESPETOS Y LAS MEJORES y uno de los prensados de la casa Ensamble Records.<\/font><\/font><o:p><\/o:p><\/span><\/p>\n<p><iframe data-testid=\"embed-iframe\" style=\"border-radius:12px\" src=\"https:\/\/open.spotify.com\/embed\/artist\/0SG7CdC0TCeJO6TjBdZ8PX?utm_source=generator\" width=\"100%\" height=\"352\" frameBorder=\"0\" allowfullscreen=\"\" allow=\"autoplay; clipboard-write; encrypted-media; fullscreen; picture-in-picture\" loading=\"lazy\"><\/iframe><\/p>\n\n\n\n\n\n\n\n\n\n\n","protected":false},"excerpt":{"rendered":"","protected":false},"author":1,"featured_media":0,"parent":184,"menu_order":0,"comment_status":"closed","ping_status":"closed","template":"","meta":{"pagelayer_contact_templates":[],"_pagelayer_content":"","h5ap_radio_sources":[],"footnotes":""},"class_list":["post-521","page","type-page","status-publish","hentry"],"_links":{"self":[{"href":"https:\/\/www.sonidohiphop.com\/index.php?rest_route=\/wp\/v2\/pages\/521","targetHints":{"allow":["GET"]}}],"collection":[{"href":"https:\/\/www.sonidohiphop.com\/index.php?rest_route=\/wp\/v2\/pages"}],"about":[{"href":"https:\/\/www.sonidohiphop.com\/index.php?rest_route=\/wp\/v2\/types\/page"}],"author":[{"embeddable":true,"href":"https:\/\/www.sonidohiphop.com\/index.php?rest_route=\/wp\/v2\/users\/1"}],"replies":[{"embeddable":true,"href":"https:\/\/www.sonidohiphop.com\/index.php?rest_route=%2Fwp%2Fv2%2Fcomments&post=521"}],"version-history":[{"count":6,"href":"https:\/\/www.sonidohiphop.com\/index.php?rest_route=\/wp\/v2\/pages\/521\/revisions"}],"predecessor-version":[{"id":735,"href":"https:\/\/www.sonidohiphop.com\/index.php?rest_route=\/wp\/v2\/pages\/521\/revisions\/735"}],"up":[{"embeddable":true,"href":"https:\/\/www.sonidohiphop.com\/index.php?rest_route=\/wp\/v2\/pages\/184"}],"wp:attachment":[{"href":"https:\/\/www.sonidohiphop.com\/index.php?rest_route=%2Fwp%2Fv2%2Fmedia&parent=521"}],"curies":[{"name":"wp","href":"https:\/\/api.w.org\/{rel}","templated":true}]}}