{"id":5608,"date":"2026-01-22T00:22:16","date_gmt":"2026-01-22T05:22:16","guid":{"rendered":"https:\/\/www.sonidohiphop.com\/?page_id=5608"},"modified":"2026-02-14T05:34:55","modified_gmt":"2026-02-14T10:34:55","slug":"vagos-fest-2026","status":"publish","type":"page","link":"https:\/\/www.sonidohiphop.com\/?page_id=5608","title":{"rendered":"Vagos Fest 2026"},"content":{"rendered":"\n\n\n\n<h1><font style=\"vertical-align: inherit;\"><font style=\"vertical-align: inherit;\"><font style=\"vertical-align: inherit;\"><font style=\"vertical-align: inherit;\"><font style=\"vertical-align: inherit;\"><font style=\"vertical-align: inherit;\"><font style=\"vertical-align: inherit;\"><font style=\"vertical-align: inherit;\">vagos fest 2026<\/font><\/font><\/font><\/font><\/font><\/font><\/font><\/font><\/h1>\n\n<p>Lorem Ipsum has been the industry&#8217;s standard dummy text ever since the 1500s.<\/p>\n\n<h1><p class=\"MsoNoSpacing\"><b><span style=\"font-size:16.0pt\">Vagos Fest 2026 llega a La Media Torta: Hip Hop,\ncultura urbana y resistencia en Bogot\u00e1<span style=\"color:#000000;\"><span style=\"\"><\/span><\/span><o:p><\/o:p><\/span><\/b><\/p><\/h1>\n<h1><font style=\"vertical-align: inherit;\"><font style=\"vertical-align: inherit;\"><font style=\"vertical-align: inherit;\"><font style=\"vertical-align: inherit;\">Sonido Hip Hop, 03 de enero 2026<\/font><\/font><\/font><\/font><\/h1>\n<h2 data-start=\"192\" data-end=\"294\"><p class=\"MsoNoSpacing\"><span style=\"font-size:16.0pt\">El Hip Hop vuelve a\ntomarse La Media Torta. Este 7 de febrero de 2026, Bogot\u00e1 ser\u00e1 escenario del\nVagos Fest 2026 \u2013 Edici\u00f3n Especial, un evento que confirma por qu\u00e9 este espacio\nhist\u00f3rico sigue siendo clave para la cultura urbana y el rap en la ciudad.<o:p><\/o:p><\/span><\/p>\n\n<p class=\"MsoNoSpacing\"><span style=\"font-size: 16pt;\">El festival, organizado\npor el colectivo Vagos, se ha posicionado como uno de los encuentros\nindependientes m\u00e1s importantes del circuito hip hop en Bogot\u00e1, apost\u00e1ndole a la\nmemoria, la resistencia cultural y la apropiaci\u00f3n del espacio p\u00fablico desde los\nbarrios.<\/span><\/p>\n\n<p class=\"MsoNoSpacing\"><span style=\"font-size: 16pt;\">Hip Hop hecho desde la\ncomunidad<\/span><\/p>\n\n<p class=\"MsoNoSpacing\"><span style=\"font-size: 16pt;\">El Vagos Fest no es solo\ntarima y sonido: es un punto de encuentro para artistas, colectivos y p\u00fablicos\nque entienden el hip hop como cultura, identidad y territorio. Desde sus\ninicios, el festival ha abierto espacio tanto a proyectos con trayectoria como\na nuevas voces que hoy est\u00e1n marcando el pulso del rap colombiano y\nlatinoamericano.<\/span><\/p>\n\n<p class=\"MsoNoSpacing\"><span style=\"font-size: 16pt;\">Esta edici\u00f3n especial\nrefuerza ese esp\u00edritu comunitario, mostrando la diversidad de estilos,\ndiscursos y realidades que conviven dentro del movimiento urbano.<\/span><\/p>\n\n<p class=\"MsoNoSpacing\"><span style=\"font-size: 16pt;\">Un cartel que une generaciones\ndel rap<\/span><\/p>\n\n<p class=\"MsoNoSpacing\"><span style=\"font-size:16.0pt\">&nbsp;<\/span><span style=\"font-size: 16pt;\">El cartel del Vagos Fest\n2026 re\u00fane artistas que han dejado huella en la historia del hip hop con\npropuestas emergentes que est\u00e1n renovando el sonido y el mensaje del g\u00e9nero.\nUna mezcla intergeneracional que demuestra que el rap sigue evolucionando sin\nperder sus ra\u00edces.<\/span><\/p>\n\n<p class=\"MsoNoSpacing\"><span style=\"font-size: 16pt;\">Para la escena local, este\ntipo de espacios son fundamentales: conectan pasado, presente y futuro del hip\nhop, y fortalecen los procesos culturales que nacen desde las calles.<\/span><\/p>\n\n<p class=\"MsoNoSpacing\"><span style=\"font-size: 16pt;\">Cultura libre, rap y\nespacio p\u00fablico<\/span><\/p>\n\n<p class=\"MsoNoSpacing\"><span style=\"font-size: 16pt;\">El festival mantiene una\napuesta clara por el acceso libre a la cultura, defendiendo valores esenciales\npara el movimiento hip hop:<\/span><\/p>\n\n<p class=\"MsoNoSpacing\"><span style=\"font-size: 16pt;\">Entrada gratuita en un\nescenario p\u00fablico emblem\u00e1tico.<\/span><\/p>\n\n<p class=\"MsoNoSpacing\"><span style=\"font-size:16.0pt\">Circulaci\u00f3n de artistas\nindependientes y comunitarios.<o:p><\/o:p><\/span><\/p>\n\n<p class=\"MsoNoSpacing\"><span style=\"font-size:16.0pt\">Construcci\u00f3n de audiencias\nconscientes y participativas.<o:p><\/o:p><\/span><\/p>\n\n<p class=\"MsoNoSpacing\"><span style=\"font-size:16.0pt\">El hip hop como\nherramienta de expresi\u00f3n, resistencia y transformaci\u00f3n social.<o:p><\/o:p><\/span><\/p>\n\n<p class=\"MsoNoSpacing\"><span style=\"font-size:16.0pt\">La Media Torta vuelve a\nconvertirse en territorio hip hop, donde el rap suena como voz de ciudad.<o:p><\/o:p><\/span><\/p>\n\n<p class=\"MsoNoSpacing\"><span style=\"font-size:16.0pt\">Reconocimiento de IDARTES\nal Vagos Fest 2026<o:p><\/o:p><\/span><\/p>\n\n<p class=\"MsoNoSpacing\"><span style=\"font-size: 16pt;\">Esta edici\u00f3n tiene un peso\nespecial al ser ganadora de la invitaci\u00f3n cultural \u201cArma tu Festival\u201d de\nIDARTES, un reconocimiento que respalda el impacto, la trayectoria y el aporte\ndel Vagos Fest al ecosistema cultural de Bogot\u00e1.<\/span><\/p>\n\n<p class=\"MsoNoSpacing\"><span style=\"font-size: 16pt;\">Un logro que demuestra que\nlos procesos independientes y comunitarios siguen abri\u00e9ndose espacio dentro de\nla agenda cultural de la ciudad.<\/span><\/p>\n\n<p class=\"MsoNoSpacing\"><span style=\"font-size: 16pt;\">Informaci\u00f3n del evento<\/span><\/p>\n\n<p class=\"MsoNoSpacing\"><span style=\"font-size: 16pt;\">Evento: Vagos Fest 2026 \u2013\nEdici\u00f3n Especial<\/span><\/p>\n\n<p class=\"MsoNoSpacing\"><span style=\"font-size:16.0pt\">Fecha: 7 de febrero de\n2026<o:p><\/o:p><\/span><\/p>\n\n<p class=\"MsoNoSpacing\"><span style=\"font-size:16.0pt\">Lugar: La Media Torta \u2013\nBogot\u00e1<o:p><\/o:p><\/span><\/p>\n\n<p class=\"MsoNoSpacing\"><span style=\"font-size:16.0pt\">Entrada: Libre hasta\ncompletar aforo<o:p><\/o:p><\/span><\/p>\n\n<p class=\"MsoNoSpacing\"><span style=\"font-size:16.0pt\">Hora de apertura: 11:00\na.m.<o:p><\/o:p><\/span><\/p>\n\n<p class=\"MsoNoSpacing\"><span style=\"font-size:16.0pt\">Desde esta emisora\ncelebramos y apoyamos los espacios donde el hip hop se vive con sentido,\nconciencia y ra\u00edz comunitaria. El Vagos Fest 2026 es una invitaci\u00f3n abierta a\nllegar temprano, hacer parche y vivir una jornada donde el rap vuelve a ser\nprotagonista.<o:p><\/o:p><\/span><\/p><\/h2><h1 class=\"MsoNormal\"><span lang=\"ES\" style=\"font-size:14.0pt;line-height:115%;\nfont-family:&quot;Arial&quot;,sans-serif\"><o:p><\/o:p><\/span><\/h1>\n<p><iframe src=\"https:\/\/www.facebook.com\/plugins\/video.php?height=476&#038;href=https%3A%2F%2Fwww.facebook.com%2Freel%2F1959922764589743%2F&#038;show_text=false&#038;width=267&#038;t=0\" width=\"267\" height=\"476\" style=\"border:none;overflow:hidden\" scrolling=\"no\" frameborder=\"0\" allowfullscreen=\"true\" allow=\"autoplay; clipboard-write; encrypted-media; picture-in-picture; web-share\" allowFullScreen=\"true\"><\/iframe>\n<\/p>\n<p><iframe src=\"https:\/\/www.facebook.com\/plugins\/video.php?height=476&#038;href=https%3A%2F%2Fwww.facebook.com%2Freel%2F1427748322284795%2F&#038;show_text=false&#038;width=267&#038;t=0\" width=\"267\" height=\"476\" style=\"border:none;overflow:hidden\" scrolling=\"no\" frameborder=\"0\" allowfullscreen=\"true\" allow=\"autoplay; clipboard-write; encrypted-media; picture-in-picture; web-share\" allowFullScreen=\"true\"><\/iframe>\n<\/p>\n<p><iframe src=\"https:\/\/www.facebook.com\/plugins\/video.php?height=476&#038;href=https%3A%2F%2Fwww.facebook.com%2Freel%2F2620276651705121%2F&#038;show_text=false&#038;width=267&#038;t=0\" width=\"267\" height=\"476\" style=\"border:none;overflow:hidden\" scrolling=\"no\" frameborder=\"0\" allowfullscreen=\"true\" allow=\"autoplay; clipboard-write; encrypted-media; picture-in-picture; web-share\" allowFullScreen=\"true\"><\/iframe>\n<\/p>\n<p><iframe src=\"https:\/\/www.facebook.com\/plugins\/video.php?height=476&#038;href=https%3A%2F%2Fwww.facebook.com%2Freel%2F2045892669595561%2F&#038;show_text=false&#038;width=267&#038;t=0\" width=\"267\" height=\"476\" style=\"border:none;overflow:hidden\" scrolling=\"no\" frameborder=\"0\" allowfullscreen=\"true\" allow=\"autoplay; clipboard-write; encrypted-media; picture-in-picture; web-share\" allowFullScreen=\"true\"><\/iframe>\n<\/p>\n<p><iframe src=\"https:\/\/www.facebook.com\/plugins\/video.php?height=476&#038;href=https%3A%2F%2Fwww.facebook.com%2Freel%2F1213309823603480%2F&#038;show_text=false&#038;width=267&#038;t=0\" width=\"267\" height=\"476\" style=\"border:none;overflow:hidden\" scrolling=\"no\" frameborder=\"0\" allowfullscreen=\"true\" allow=\"autoplay; clipboard-write; encrypted-media; picture-in-picture; web-share\" allowFullScreen=\"true\"><\/iframe>\n<\/p>\n<p><iframe src=\"https:\/\/www.facebook.com\/plugins\/video.php?height=476&#038;href=https%3A%2F%2Fwww.facebook.com%2Freel%2F890203030396601%2F&#038;show_text=false&#038;width=267&#038;t=0\" width=\"267\" height=\"476\" style=\"border:none;overflow:hidden\" scrolling=\"no\" frameborder=\"0\" allowfullscreen=\"true\" allow=\"autoplay; clipboard-write; encrypted-media; picture-in-picture; web-share\" allowFullScreen=\"true\"><\/iframe>\n<\/p>\n\n<p>Lorem Ipsum has been the industry&#8217;s standard dummy text ever since the 1500s.<\/p>\n\n\n\n\n\n\n\n\n\n\n","protected":false},"excerpt":{"rendered":"","protected":false},"author":1,"featured_media":0,"parent":188,"menu_order":0,"comment_status":"closed","ping_status":"closed","template":"","meta":{"pagelayer_contact_templates":[],"_pagelayer_content":"","h5ap_radio_sources":[],"footnotes":""},"class_list":["post-5608","page","type-page","status-publish","hentry"],"_links":{"self":[{"href":"https:\/\/www.sonidohiphop.com\/index.php?rest_route=\/wp\/v2\/pages\/5608","targetHints":{"allow":["GET"]}}],"collection":[{"href":"https:\/\/www.sonidohiphop.com\/index.php?rest_route=\/wp\/v2\/pages"}],"about":[{"href":"https:\/\/www.sonidohiphop.com\/index.php?rest_route=\/wp\/v2\/types\/page"}],"author":[{"embeddable":true,"href":"https:\/\/www.sonidohiphop.com\/index.php?rest_route=\/wp\/v2\/users\/1"}],"replies":[{"embeddable":true,"href":"https:\/\/www.sonidohiphop.com\/index.php?rest_route=%2Fwp%2Fv2%2Fcomments&post=5608"}],"version-history":[{"count":14,"href":"https:\/\/www.sonidohiphop.com\/index.php?rest_route=\/wp\/v2\/pages\/5608\/revisions"}],"predecessor-version":[{"id":5685,"href":"https:\/\/www.sonidohiphop.com\/index.php?rest_route=\/wp\/v2\/pages\/5608\/revisions\/5685"}],"up":[{"embeddable":true,"href":"https:\/\/www.sonidohiphop.com\/index.php?rest_route=\/wp\/v2\/pages\/188"}],"wp:attachment":[{"href":"https:\/\/www.sonidohiphop.com\/index.php?rest_route=%2Fwp%2Fv2%2Fmedia&parent=5608"}],"curies":[{"name":"wp","href":"https:\/\/api.w.org\/{rel}","templated":true}]}}