{"id":5641,"date":"2026-02-10T00:26:30","date_gmt":"2026-02-10T05:26:30","guid":{"rendered":"https:\/\/www.sonidohiphop.com\/?page_id=5641"},"modified":"2026-02-10T11:51:19","modified_gmt":"2026-02-10T16:51:19","slug":"vagos-fest-2026-la-media-torta-vibro-al-ritmo-del-hip-hop","status":"publish","type":"page","link":"https:\/\/www.sonidohiphop.com\/?page_id=5641","title":{"rendered":"Vagos Fest 2026: La Media Torta vibr\u00f3 al ritmo del Hip Hop"},"content":{"rendered":"\n\n\n\n<h1><p class=\"MsoNoSpacing\"><span style=\"font-size:16.0pt\"><b>Vagos\nFest 2026: La Media Torta vibr\u00f3 al ritmo del Hip Hop<o:p><\/o:p><\/b><\/span><\/p><\/h1>\n\n\n\n\n\n\n\n\n\n\n\n\n\n\n\n\n\n\n\n\n\n\n\n\n<h1><span style=\"font-size:16.0pt;line-height:107%;\nfont-family:&quot;Calibri&quot;,sans-serif;mso-ascii-theme-font:minor-latin;mso-fareast-font-family:\nCalibri;mso-fareast-theme-font:minor-latin;mso-hansi-theme-font:minor-latin;\nmso-bidi-font-family:&quot;Times New Roman&quot;;mso-bidi-theme-font:minor-bidi;\nmso-ansi-language:ES-CO;mso-fareast-language:EN-US;mso-bidi-language:AR-SA\">Sonido\nHip Hop \u2013 7 de febrero de 2026<\/span><\/h1>\n<p class=\"MsoNoSpacing\" style=\"text-align:justify\"><span style=\"font-size: 16pt;\">La\nMedia Torta volvi\u00f3 a convertirse en un templo de la cultura Hip Hop con la\nrealizaci\u00f3n del Vagos Fest 2026 \u2013 Edici\u00f3n Especial, un evento que reuni\u00f3 a\nartistas, colectivos, gestores culturales y p\u00fablico de distintas localidades de\nla ciudad y la sabana en torno al Hip Hop como expresi\u00f3n art\u00edstica, social y comunitaria.<\/span><\/p>\n\n<p class=\"MsoNoSpacing\" style=\"text-align:justify\"><span style=\"font-size: 16pt;\">Desde\nlas primeras horas de la tarde, el emblem\u00e1tico escenario bogotano se llen\u00f3 de\nrimas, beats y energ\u00eda, consolid\u00e1ndose una vez m\u00e1s como uno de los espacios m\u00e1s\nimportantes para la m\u00fasica y las cultura Hip Hop en la capital. El festival no\nsolo fue una muestra de talento, sino tambi\u00e9n un punto de encuentro para\ndiferentes generaciones que viven y construyen el Hip Hop desde el barrio, el\narte y la resistencia cultural.<\/span><\/p>\n\n<p class=\"MsoNoSpacing\" style=\"text-align:justify\"><span style=\"font-size: 16pt;\">El\nVagos Fest 2026 ofreci\u00f3 una programaci\u00f3n diversa que incluy\u00f3 presentaciones en\nvivo y momentos de conexi\u00f3n directa entre artistas y p\u00fablico, reafirmando el\ncar\u00e1cter del festival como una plataforma para visibilizar procesos\nindependientes y fortalecer la escena local y nacional. Cada show fue recibido\ncon una respuesta contundente del p\u00fablico, que core\u00f3, levant\u00f3 manos y convirti\u00f3\nla Media Torta en un solo coro colectivo.<\/span><\/p>\n\n<p class=\"MsoNoSpacing\" style=\"text-align:justify\"><span style=\"font-size: 16pt;\">M\u00e1s\nall\u00e1 del espect\u00e1culo, el evento dej\u00f3 claro que el Hip Hop sigue siendo una\nherramienta de expresi\u00f3n social, educaci\u00f3n popular y construcci\u00f3n de identidad.\nLas letras, los mensajes y la energ\u00eda del escenario reflejaron las realidades\nde la calle, los sue\u00f1os de los j\u00f3venes y la fuerza de una cultura que no deja\nde crecer en Bogot\u00e1 y en toda Colombia.<\/span><\/p>\n\n<p class=\"MsoNoSpacing\" style=\"text-align:justify\"><span style=\"font-size: 16pt;\">Con\nesta edici\u00f3n, el Vagos Fest se consolida como un referente dentro del circuito\nde festivales urbanos del pa\u00eds, demostrando que los espacios p\u00fablicos pueden y\ndeben ser escenarios vivos para el arte, la m\u00fasica y la cultura independiente.<\/span><\/p>\n\n<p class=\"MsoNoSpacing\" style=\"text-align:justify\"><span style=\"font-size: 16pt;\">La\nMedia Torta fue testigo de una jornada hist\u00f3rica para el Hip Hop, donde qued\u00f3\nclaro que la cultura sigue m\u00e1s viva que nunca y que eventos como este son\nfundamentales para seguir construyendo memoria, escena y futuro.<\/span><\/p>\n\n\n\n\n\n\n\n\n\n\n","protected":false},"excerpt":{"rendered":"","protected":false},"author":1,"featured_media":0,"parent":184,"menu_order":0,"comment_status":"closed","ping_status":"closed","template":"","meta":{"pagelayer_contact_templates":[],"_pagelayer_content":"","h5ap_radio_sources":[],"footnotes":""},"class_list":["post-5641","page","type-page","status-publish","hentry"],"_links":{"self":[{"href":"https:\/\/www.sonidohiphop.com\/index.php?rest_route=\/wp\/v2\/pages\/5641","targetHints":{"allow":["GET"]}}],"collection":[{"href":"https:\/\/www.sonidohiphop.com\/index.php?rest_route=\/wp\/v2\/pages"}],"about":[{"href":"https:\/\/www.sonidohiphop.com\/index.php?rest_route=\/wp\/v2\/types\/page"}],"author":[{"embeddable":true,"href":"https:\/\/www.sonidohiphop.com\/index.php?rest_route=\/wp\/v2\/users\/1"}],"replies":[{"embeddable":true,"href":"https:\/\/www.sonidohiphop.com\/index.php?rest_route=%2Fwp%2Fv2%2Fcomments&post=5641"}],"version-history":[{"count":10,"href":"https:\/\/www.sonidohiphop.com\/index.php?rest_route=\/wp\/v2\/pages\/5641\/revisions"}],"predecessor-version":[{"id":5671,"href":"https:\/\/www.sonidohiphop.com\/index.php?rest_route=\/wp\/v2\/pages\/5641\/revisions\/5671"}],"up":[{"embeddable":true,"href":"https:\/\/www.sonidohiphop.com\/index.php?rest_route=\/wp\/v2\/pages\/184"}],"wp:attachment":[{"href":"https:\/\/www.sonidohiphop.com\/index.php?rest_route=%2Fwp%2Fv2%2Fmedia&parent=5641"}],"curies":[{"name":"wp","href":"https:\/\/api.w.org\/{rel}","templated":true}]}}