{"id":5723,"date":"2026-03-13T13:08:44","date_gmt":"2026-03-13T18:08:44","guid":{"rendered":"https:\/\/www.sonidohiphop.com\/?page_id=5723"},"modified":"2026-03-13T14:03:51","modified_gmt":"2026-03-13T19:03:51","slug":"convocatoria-hip-hop-al-parque-2026","status":"publish","type":"page","link":"https:\/\/www.sonidohiphop.com\/?page_id=5723","title":{"rendered":"Convocatoria Hip Hop Al Parque 2026"},"content":{"rendered":"\n\n\n\n\n<h1><p class=\"MsoNoSpacing\"><b><span lang=\"ES\" style=\"font-size:14.0pt;mso-ansi-language:ES\"><span style=\"color:#000000;\">Abren convocatoria para<br>participar en el Festival Hip Hop al Parque 2026<\/span><\/span><\/b><\/p><\/h1>\n\n\n<p>Lorem Ipsum has been the industry&#8217;s standard dummy text ever since the 1500s.<\/p>\n\n\n\n\n\n\n\n<h1><span style=\"font-size:16.0pt;line-height:107%;\nfont-family:&quot;Calibri&quot;,sans-serif;mso-ascii-theme-font:minor-latin;mso-fareast-font-family:\nCalibri;mso-fareast-theme-font:minor-latin;mso-hansi-theme-font:minor-latin;\nmso-bidi-font-family:&quot;Times New Roman&quot;;mso-bidi-theme-font:minor-bidi;\nmso-ansi-language:ES-CO;mso-fareast-language:EN-US;mso-bidi-language:AR-SA\">Sonido Hip Hop \u2013 12 de marzo de 2026<\/span><\/h1>\n\n<p class=\"MsoNoSpacing\" style=\"text-align:justify\"><span lang=\"ES\" style=\"font-size:12.0pt;mso-ansi-language:ES\">Los proyectos musicales de rap de\nla capital ya pueden prepararse para uno de los escenarios m\u00e1s importantes de\nla cultura urbana en Latinoam\u00e9rica. El Instituto Distrital de las Artes anunci\u00f3\nla apertura de la convocatoria para que agrupaciones y artistas se postulen al\ncomponente MC y DJ del festival Hip Hop al Parque 2026.<o:p><\/o:p><\/span><\/p><p class=\"MsoNoSpacing\" style=\"text-align:justify\"><span lang=\"ES\" style=\"font-size:12.0pt;mso-ansi-language:ES\">La convocatoria es liderada por\nla Gerencia de M\u00fasica de Idartes y hace parte del reconocido programa\nFestivales al Parque, una iniciativa de la Administraci\u00f3n Distrital que busca\npromover la apropiaci\u00f3n del espacio p\u00fablico a trav\u00e9s de la m\u00fasica y las artes.<o:p><\/o:p><\/span><\/p><p class=\"MsoNoSpacing\" style=\"text-align:justify\"><span lang=\"ES\" style=\"font-size:12.0pt;mso-ansi-language:ES\">Un escenario clave para la\ncultura hip hop<o:p><\/o:p><\/span><\/p><p class=\"MsoNoSpacing\" style=\"text-align:justify\"><span lang=\"ES\" style=\"font-size:12.0pt;mso-ansi-language:ES\">Desde hace m\u00e1s de dos d\u00e9cadas,\nHip Hop al Parque se ha consolidado como uno de los festivales m\u00e1s importantes\ndel movimiento hip hop en Am\u00e9rica Latina, reuniendo a miles de asistentes y\nofreciendo una plataforma para que artistas emergentes y consolidados presenten\nsu propuesta ante un p\u00fablico masivo.<o:p><\/o:p><\/span><\/p><p class=\"MsoNoSpacing\" style=\"text-align:justify\"><span lang=\"ES\" style=\"font-size:12.0pt;mso-ansi-language:ES\">A trav\u00e9s de este proceso de\nconvocatoria, Idartes busca seleccionar proyectos musicales que representen la\ndiversidad est\u00e9tica del hip hop actual, integrando tanto las ra\u00edces del g\u00e9nero\ncomo nuevas tendencias y fusiones musicales.<o:p><\/o:p><\/span><\/p><p class=\"MsoNoSpacing\" style=\"text-align:justify\"><span lang=\"ES\" style=\"font-size:12.0pt;mso-ansi-language:ES\">Sobre el programa Festivales al\nParque<o:p><\/o:p><\/span><\/p><p class=\"MsoNoSpacing\" style=\"text-align:justify\"><span lang=\"ES\" style=\"font-size:12.0pt;mso-ansi-language:ES\">El programa Festivales al Parque\nse ha convertido en un referente de gesti\u00f3n cultural p\u00fablica en la ciudad de\nBogot\u00e1. Este modelo promueve el acceso libre a la cultura y fortalece la\nrelaci\u00f3n entre la ciudadan\u00eda y el espacio p\u00fablico mediante grandes encuentros\nmusicales.<o:p><\/o:p><\/span><\/p><p class=\"MsoNoSpacing\" style=\"text-align:justify\"><span lang=\"ES\" style=\"font-size:12.0pt;mso-ansi-language:ES\">Adem\u00e1s de ser un espacio de\ncirculaci\u00f3n art\u00edstica, los festivales tambi\u00e9n fomentan el intercambio cultural,\nel multiculturalismo y la convivencia ciudadana, convirti\u00e9ndose en uno de los\ns\u00edmbolos culturales de la ciudad.<o:p><\/o:p><\/span><\/p><p class=\"MsoNoSpacing\" style=\"text-align:justify\"><span lang=\"ES\" style=\"font-size:12.0pt;mso-ansi-language:ES\">Requisitos para participar<o:p><\/o:p><\/span><\/p><p class=\"MsoNoSpacing\" style=\"text-align:justify\"><span lang=\"ES\" style=\"font-size:12.0pt;mso-ansi-language:ES\">Las agrupaciones interesadas en\nhacer parte del festival deber\u00e1n tener en cuenta algunos requisitos clave\nestablecidos en la convocatoria.<o:p><\/o:p><\/span><\/p><p class=\"MsoNoSpacing\" style=\"text-align:justify\"><span lang=\"ES\" style=\"font-size:12.0pt;mso-ansi-language:ES\">Entre ellos, las propuestas\nmusicales deben incluir el uso de la voz y estar relacionadas con los lenguajes\ndel hip hop, pudiendo integrar nuevas tendencias o fusiones con otras est\u00e9ticas\nmusicales.<o:p><\/o:p><\/span><\/p><p class=\"MsoNoSpacing\" style=\"text-align:justify\"><span lang=\"ES\" style=\"font-size:12.0pt;mso-ansi-language:ES\">Asimismo, los participantes\ndeber\u00e1n demostrar una trayectoria m\u00ednima de tres a\u00f1os. Para ello, ser\u00e1\nobligatorio presentar soportes de actividad art\u00edstica vigente correspondientes\na los a\u00f1os 2023, 2024 y 2025, como lanzamientos musicales, producciones\ndiscogr\u00e1ficas o presentaciones en vivo.<o:p><\/o:p><\/span><\/p><p class=\"MsoNoSpacing\" style=\"text-align:justify\"><span lang=\"ES\" style=\"font-size:12.0pt;mso-ansi-language:ES\">La convocatoria tambi\u00e9n establece\nque al menos el 60 % de los temas o arreglos musicales interpretados deben ser\ncomposiciones propias del proyecto musical.<o:p><\/o:p><\/span><\/p><p class=\"MsoNoSpacing\" style=\"text-align:justify\"><span lang=\"ES\" style=\"font-size:12.0pt;mso-ansi-language:ES\">Otro aspecto importante es que\nlos integrantes de las agrupaciones deber\u00e1n ser personas naturales mayores de\n18 a\u00f1os que participen activamente en la interpretaci\u00f3n musical en escena.<o:p><\/o:p><\/span><\/p><p class=\"MsoNoSpacing\" style=\"text-align:justify\"><span lang=\"ES\" style=\"font-size:12.0pt;mso-ansi-language:ES\">Una oportunidad para el hip hop\nlocal<o:p><\/o:p><\/span><\/p><p class=\"MsoNoSpacing\" style=\"text-align:justify\"><span lang=\"ES\" style=\"font-size:12.0pt;mso-ansi-language:ES\">Esta convocatoria representa una\ngran oportunidad para que los artistas de la escena hip hop de Bogot\u00e1 puedan\nmostrar su talento en uno de los festivales gratuitos m\u00e1s importantes del\ncontinente.<o:p><\/o:p><\/span><\/p><p class=\"MsoNoSpacing\" style=\"text-align:justify\">\n\n\n\n\n\n\n\n\n\n\n\n\n\n\n\n\n\n\n\n\n\n\n\n\n\n\n\n\n\n\n\n<\/p><p class=\"MsoNoSpacing\" style=\"text-align:justify\"><span lang=\"ES\" style=\"font-size:12.0pt;mso-ansi-language:ES\">Hip Hop al Parque contin\u00faa siendo\nun espacio fundamental para la circulaci\u00f3n del rap, el encuentro entre\ngeneraciones del movimiento y el fortalecimiento de la cultura urbana en la\nciudad.<\/span><\/p>\n\n\n\n\n<p\u00a0class=\"msonospacing\" style=\"text-align:justify\"><span lang=\"ES\" style=\"font-size:12.0pt;mso-ansi-language:ES\"><o:p><\/o:p><\/span>\n<\/p\u00a0class=\"msonospacing\">\n\n<p\u00a0class=\"msonospacing\" style=\"text-align:justify\"><span style=\"font-size:14.0pt;\nfont-family:&quot;Arial&quot;,sans-serif\"><o:p><\/o:p><\/span>\n<\/p\u00a0class=\"msonospacing\">\n\n\n\n\n\n\n\n\n\n","protected":false},"excerpt":{"rendered":"","protected":false},"author":1,"featured_media":0,"parent":184,"menu_order":0,"comment_status":"closed","ping_status":"closed","template":"","meta":{"pagelayer_contact_templates":[],"_pagelayer_content":"","h5ap_radio_sources":[],"footnotes":""},"class_list":["post-5723","page","type-page","status-publish","hentry"],"_links":{"self":[{"href":"https:\/\/www.sonidohiphop.com\/index.php?rest_route=\/wp\/v2\/pages\/5723","targetHints":{"allow":["GET"]}}],"collection":[{"href":"https:\/\/www.sonidohiphop.com\/index.php?rest_route=\/wp\/v2\/pages"}],"about":[{"href":"https:\/\/www.sonidohiphop.com\/index.php?rest_route=\/wp\/v2\/types\/page"}],"author":[{"embeddable":true,"href":"https:\/\/www.sonidohiphop.com\/index.php?rest_route=\/wp\/v2\/users\/1"}],"replies":[{"embeddable":true,"href":"https:\/\/www.sonidohiphop.com\/index.php?rest_route=%2Fwp%2Fv2%2Fcomments&post=5723"}],"version-history":[{"count":5,"href":"https:\/\/www.sonidohiphop.com\/index.php?rest_route=\/wp\/v2\/pages\/5723\/revisions"}],"predecessor-version":[{"id":5730,"href":"https:\/\/www.sonidohiphop.com\/index.php?rest_route=\/wp\/v2\/pages\/5723\/revisions\/5730"}],"up":[{"embeddable":true,"href":"https:\/\/www.sonidohiphop.com\/index.php?rest_route=\/wp\/v2\/pages\/184"}],"wp:attachment":[{"href":"https:\/\/www.sonidohiphop.com\/index.php?rest_route=%2Fwp%2Fv2%2Fmedia&parent=5723"}],"curies":[{"name":"wp","href":"https:\/\/api.w.org\/{rel}","templated":true}]}}