{"id":5762,"date":"2026-04-17T12:06:48","date_gmt":"2026-04-17T17:06:48","guid":{"rendered":"https:\/\/www.sonidohiphop.com\/?page_id=5762"},"modified":"2026-04-17T13:45:29","modified_gmt":"2026-04-17T18:45:29","slug":"lanzamiento-la-realidad-detras-de-mis-canciones","status":"publish","type":"page","link":"https:\/\/www.sonidohiphop.com\/?page_id=5762","title":{"rendered":"Lanzamiento &#8211; La Realidad Detr\u00e1s De Mis Canciones"},"content":{"rendered":"\n\n\n\n<h1><strong><span style=\"font-size:16.0pt;font-family:&quot;Arial&quot;,sans-serif\"><span style=\"color:#000000;\">FONT MASTER PRESENTA &#8220;LA REALIDAD DETRAS DE MIS CANCIONES&#8221;,UN LANZAMIENTO CARGADO DE ESCENCIA Y MENSAJE<br><\/span><\/span><\/strong><\/h1>\n\n<p>Lorem Ipsum has been the industry&#8217;s standard dummy text ever since the 1500s.<\/p>\n\n\n\n\n\n\n<h1><span style=\"font-size:16.0pt;line-height:107%;\nfont-family:&quot;Calibri&quot;,sans-serif;mso-ascii-theme-font:minor-latin;mso-fareast-font-family:\nCalibri;mso-fareast-theme-font:minor-latin;mso-hansi-theme-font:minor-latin;\nmso-bidi-font-family:&quot;Times New Roman&quot;;mso-bidi-theme-font:minor-bidi;\nmso-ansi-language:ES-CO;mso-fareast-language:EN-US;mso-bidi-language:AR-SA\">Sonido Hip Hop \u2013 17 de abril de 2026<\/span><\/h1>\n<p class=\"MsoNormal\" style=\"mso-margin-top-alt:auto;mso-margin-bottom-alt:auto;\ntext-align:justify;line-height:normal\"><span style=\"font-size:14.0pt;\nfont-family:&quot;Arial&quot;,sans-serif;mso-fareast-font-family:&quot;Times New Roman&quot;;\nmso-fareast-language:ES-CO\">La escena Hip Hop en la Sabana Occidente se sigue\nfortaleci\u00e9ndose con propuestas aut\u00e9nticas y cargadas de contenido. Este <b>1 de\nmayo<\/b>, el artista Font Master El Rompe Cr\u00e1neos realizar\u00e1 el lanzamiento\noficial de su nueva producci\u00f3n musical titulada <b>\u201cLa Realidad Detr\u00e1s de Mis\nCanciones\u201d<\/b>, un trabajo que promete conectar desde la vivencia, la cr\u00edtica\nsocial y la identidad del Rap conciencia.<o:p><\/o:p><\/span><\/p><p class=\"MsoNormal\" style=\"mso-margin-top-alt:auto;mso-margin-bottom-alt:auto;\ntext-align:justify;line-height:normal\"><span style=\"font-size:14.0pt;\nfont-family:&quot;Arial&quot;,sans-serif;mso-fareast-font-family:&quot;Times New Roman&quot;;\nmso-fareast-language:ES-CO\">El evento se llevar\u00e1 a cabo en el emblem\u00e1tico\nTeatro Caf\u00e9 Bar Macondo, un espacio reconocido por abrir sus puertas a la\ncultura alternativa y a los sonidos que nacen desde el barrio.<o:p><\/o:p><\/span><\/p><p class=\"MsoNormal\" style=\"mso-margin-top-alt:auto;mso-margin-bottom-alt:auto;\ntext-align:justify;line-height:normal;mso-outline-level:2\"><b><span style=\"font-size:14.0pt;font-family:&quot;Arial&quot;,sans-serif;mso-fareast-font-family:\n&quot;Times New Roman&quot;;mso-fareast-language:ES-CO\">Un encuentro con el Hip Hop regional<o:p><\/o:p><\/span><\/b><\/p><p class=\"MsoNormal\" style=\"mso-margin-top-alt:auto;mso-margin-bottom-alt:auto;\ntext-align:justify;line-height:normal\"><span style=\"font-size:14.0pt;\nfont-family:&quot;Arial&quot;,sans-serif;mso-fareast-font-family:&quot;Times New Roman&quot;;\nmso-fareast-language:ES-CO\">M\u00e1s que un simple lanzamiento, esta ser\u00e1 una\nexperiencia en vivo donde el p\u00fablico podr\u00e1 sentir la fuerza de las letras y el\nmensaje directo de Font Master, quien ha construido su camino desde la\nindependencia, manteniendo una l\u00ednea cruda, honesta y representativa del\nmovimiento.<o:p><\/o:p><\/span><\/p><p class=\"MsoNormal\" style=\"mso-margin-top-alt:auto;mso-margin-bottom-alt:auto;\ntext-align:justify;line-height:normal\"><span style=\"font-size:14.0pt;\nfont-family:&quot;Arial&quot;,sans-serif;mso-fareast-font-family:&quot;Times New Roman&quot;;\nmso-fareast-language:ES-CO\">La entrada al evento tendr\u00e1 una din\u00e1mica especial: <b>el\nacceso ser\u00e1 adquiriendo el disco<\/b>, fortaleciendo as\u00ed el apoyo directo al\nartista y a la m\u00fasica independiente.<o:p><\/o:p><\/span><\/p><p class=\"MsoNormal\" style=\"mso-margin-top-alt:auto;mso-margin-bottom-alt:auto;\ntext-align:justify;line-height:normal\"><b><span style=\"font-size:14.0pt;\nfont-family:&quot;Arial&quot;,sans-serif;mso-fareast-font-family:&quot;Times New Roman&quot;;\nmso-fareast-language:ES-CO\">Artistas\ninvitados<\/span><\/b><span style=\"font-size:14.0pt;font-family:&quot;Arial&quot;,sans-serif;\nmso-fareast-font-family:&quot;Times New Roman&quot;;mso-fareast-language:ES-CO\"><o:p><\/o:p><\/span><\/p><p class=\"MsoNormal\" style=\"mso-margin-top-alt:auto;mso-margin-bottom-alt:auto;\ntext-align:justify;line-height:normal\"><span style=\"font-size:14.0pt;\nfont-family:&quot;Arial&quot;,sans-serif;mso-fareast-font-family:&quot;Times New Roman&quot;;\nmso-fareast-language:ES-CO\">La noche contar\u00e1 con la participaci\u00f3n de\nimportantes exponentes de la escena nacional y regional, consolidando un cartel\nque refleja la diversidad y potencia del Hip Hop colombiano:<o:p><\/o:p><\/span><\/p><ul type=\"disc\">\n <li class=\"MsoNormal\" style=\"mso-margin-top-alt:auto;mso-margin-bottom-alt:auto;\n     text-align:justify;line-height:normal;mso-list:l0 level1 lfo1;tab-stops:\n     list 36.0pt\"><span style=\"font-size:14.0pt;font-family:&quot;Arial&quot;,sans-serif;\n     mso-fareast-font-family:&quot;Times New Roman&quot;;mso-fareast-language:ES-CO\">Askoman<o:p><\/o:p><\/span><\/li>\n <li class=\"MsoNormal\" style=\"mso-margin-top-alt:auto;mso-margin-bottom-alt:auto;\n     text-align:justify;line-height:normal;mso-list:l0 level1 lfo1;tab-stops:\n     list 36.0pt\"><span style=\"font-size:14.0pt;font-family:&quot;Arial&quot;,sans-serif;\n     mso-fareast-font-family:&quot;Times New Roman&quot;;mso-fareast-language:ES-CO\">Rastarttatto\n     \u2013 Universalmind <o:p><\/o:p><\/span><\/li>\n <li class=\"MsoNormal\" style=\"mso-margin-top-alt:auto;mso-margin-bottom-alt:auto;\n     text-align:justify;line-height:normal;mso-list:l0 level1 lfo1;tab-stops:\n     list 36.0pt\"><span style=\"font-size:14.0pt;font-family:&quot;Arial&quot;,sans-serif;\n     mso-fareast-font-family:&quot;Times New Roman&quot;;mso-fareast-language:ES-CO\">ZHU\n     Colectivo Underground \u2013 La Nevera Records <o:p><\/o:p><\/span><\/li>\n <li class=\"MsoNormal\" style=\"mso-margin-top-alt:auto;mso-margin-bottom-alt:auto;\n     text-align:justify;line-height:normal;mso-list:l0 level1 lfo1;tab-stops:\n     list 36.0pt\"><span style=\"font-size:14.0pt;font-family:&quot;Arial&quot;,sans-serif;\n     mso-fareast-font-family:&quot;Times New Roman&quot;;mso-fareast-language:ES-CO\">Subito\n     HHC \u2013 Damian The Producer <o:p><\/o:p><\/span><\/li>\n <li class=\"MsoNormal\" style=\"mso-margin-top-alt:auto;mso-margin-bottom-alt:auto;\n     text-align:justify;line-height:normal;mso-list:l0 level1 lfo1;tab-stops:\n     list 36.0pt\"><span style=\"font-size:14.0pt;font-family:&quot;Arial&quot;,sans-serif;\n     mso-fareast-font-family:&quot;Times New Roman&quot;;mso-fareast-language:ES-CO\">Quinel\n     <o:p><\/o:p><\/span><\/li>\n<\/ul><p class=\"MsoNormal\" style=\"mso-margin-top-alt:auto;mso-margin-bottom-alt:auto;\nmargin-left:18.0pt;text-align:justify;line-height:normal\"><span style=\"font-size:14.0pt;font-family:&quot;Arial&quot;,sans-serif;mso-fareast-font-family:\n&quot;Times New Roman&quot;;mso-fareast-language:ES-CO\">Y el anfitri\u00f3n de la noche: Font\nMaster El Rompe Craneos <o:p><\/o:p><\/span><\/p><p class=\"MsoNormal\" style=\"mso-margin-top-alt:auto;mso-margin-bottom-alt:auto;\ntext-align:justify;line-height:normal;mso-outline-level:2\"><b><span style=\"font-size:14.0pt;font-family:&quot;Arial&quot;,sans-serif;mso-fareast-font-family:\n&quot;Times New Roman&quot;;mso-fareast-language:ES-CO\">Detalles del evento<o:p><\/o:p><\/span><\/b><\/p><ul type=\"disc\">\n <li class=\"MsoNormal\" style=\"mso-margin-top-alt:auto;mso-margin-bottom-alt:auto;\n     text-align:justify;line-height:normal;mso-list:l1 level1 lfo2;tab-stops:\n     list 36.0pt\"><b><span style=\"font-size:14.0pt;font-family:&quot;Arial&quot;,sans-serif;\n     mso-fareast-font-family:&quot;Times New Roman&quot;;mso-fareast-language:ES-CO\">Fecha:<\/span><\/b><span style=\"font-size:14.0pt;font-family:&quot;Arial&quot;,sans-serif;mso-fareast-font-family:\n     &quot;Times New Roman&quot;;mso-fareast-language:ES-CO\"> 1 de mayo <o:p><\/o:p><\/span><\/li>\n <li class=\"MsoNormal\" style=\"mso-margin-top-alt:auto;mso-margin-bottom-alt:auto;\n     text-align:justify;line-height:normal;mso-list:l1 level1 lfo2;tab-stops:\n     list 36.0pt\"><b><span style=\"font-size:14.0pt;font-family:&quot;Arial&quot;,sans-serif;\n     mso-fareast-font-family:&quot;Times New Roman&quot;;mso-fareast-language:ES-CO\">Hora:<\/span><\/b><span style=\"font-size:14.0pt;font-family:&quot;Arial&quot;,sans-serif;mso-fareast-font-family:\n     &quot;Times New Roman&quot;;mso-fareast-language:ES-CO\"> 6:00 p.m. <o:p><\/o:p><\/span><\/li>\n <li class=\"MsoNormal\" style=\"mso-margin-top-alt:auto;mso-margin-bottom-alt:auto;\n     text-align:justify;line-height:normal;mso-list:l1 level1 lfo2;tab-stops:\n     list 36.0pt\"><b><span style=\"font-size:14.0pt;font-family:&quot;Arial&quot;,sans-serif;\n     mso-fareast-font-family:&quot;Times New Roman&quot;;mso-fareast-language:ES-CO\">Lugar:<\/span><\/b><span style=\"font-size:14.0pt;font-family:&quot;Arial&quot;,sans-serif;mso-fareast-font-family:\n     &quot;Times New Roman&quot;;mso-fareast-language:ES-CO\"> Teatro Caf\u00e9 Bar Macondo <o:p><\/o:p><\/span><\/li>\n <li class=\"MsoNormal\" style=\"mso-margin-top-alt:auto;mso-margin-bottom-alt:auto;\n     text-align:justify;line-height:normal;mso-list:l1 level1 lfo2;tab-stops:\n     list 36.0pt\"><b><span style=\"font-size:14.0pt;font-family:&quot;Arial&quot;,sans-serif;\n     mso-fareast-font-family:&quot;Times New Roman&quot;;mso-fareast-language:ES-CO\">Entrada:<\/span><\/b><span style=\"font-size:14.0pt;font-family:&quot;Arial&quot;,sans-serif;mso-fareast-font-family:\n     &quot;Times New Roman&quot;;mso-fareast-language:ES-CO\"> El disco <o:p><\/o:p><\/span><\/li>\n<\/ul><p class=\"MsoNormal\" style=\"mso-margin-top-alt:auto;mso-margin-bottom-alt:auto;\ntext-align:justify;line-height:normal\"><b><span style=\"font-size:14.0pt;\nfont-family:&quot;Arial&quot;,sans-serif;mso-fareast-font-family:&quot;Times New Roman&quot;;\nmso-fareast-language:ES-CO\">Importante:<\/span><\/b><span style=\"font-size:14.0pt;\nfont-family:&quot;Arial&quot;,sans-serif;mso-fareast-font-family:&quot;Times New Roman&quot;;\nmso-fareast-language:ES-CO\"><br>\nEl evento es <b>exclusivo para mayores de edad<\/b>. La organizaci\u00f3n se reserva\nel derecho de admisi\u00f3n y permanencia.<o:p><\/o:p><\/span><\/p><p class=\"MsoNormal\" style=\"mso-margin-top-alt:auto;mso-margin-bottom-alt:auto;\ntext-align:justify;line-height:normal;mso-outline-level:2\"><b><span style=\"font-size:14.0pt;font-family:&quot;Arial&quot;,sans-serif;mso-fareast-font-family:\n&quot;Times New Roman&quot;;mso-fareast-language:ES-CO\">Hip Hop con contenido, identidad\ny resistencia<o:p><\/o:p><\/span><\/b><\/p><p class=\"MsoNormal\" style=\"mso-margin-top-alt:auto;mso-margin-bottom-alt:auto;\ntext-align:justify;line-height:normal\"><span style=\"font-size:14.0pt;\nfont-family:&quot;Arial&quot;,sans-serif;mso-fareast-font-family:&quot;Times New Roman&quot;;\nmso-fareast-language:ES-CO\">Este lanzamiento no solo representa un nuevo paso\nen la carrera de Font Master, sino tambi\u00e9n un aporte al fortalecimiento de la\nescena en la regi\u00f3n Sabana De Occidente en el departamento de Cundinamarca,\ndonde la m\u00fasica sigue siendo herramienta de expresi\u00f3n, denuncia y construcci\u00f3n\ncultural.<o:p><\/o:p><\/span><\/p><p class=\"MsoNoSpacing\" style=\"text-align:justify\">\n\n\n\n\n\n\n\n\n\n\n\n\n\n\n\n\n\n\n\n\n\n\n\n\n\n\n\n<\/p><p class=\"MsoNormal\" style=\"mso-margin-top-alt:auto;mso-margin-bottom-alt:auto;\ntext-align:justify;line-height:normal\"><span style=\"font-size:14.0pt;\nfont-family:&quot;Arial&quot;,sans-serif;mso-fareast-font-family:&quot;Times New Roman&quot;;\nmso-fareast-language:ES-CO\">Una cita imperdible para quienes viven el Hip Hop\nm\u00e1s all\u00e1 del sonido: como cultura, como mensaje y como estilo de vida.<\/span><\/p>\n<iframe src=\"https:\/\/www.facebook.com\/plugins\/video.php?height=476&#038;href=https%3A%2F%2Fwww.facebook.com%2Freel%2F2185125295636113%2F&#038;show_text=false&#038;width=267&#038;t=0\" width=\"267\" height=\"476\" style=\"border:none;overflow:hidden\" scrolling=\"no\" frameborder=\"0\" allowfullscreen=\"true\" allow=\"autoplay; clipboard-write; encrypted-media; picture-in-picture; web-share\" allowFullScreen=\"true\"><\/iframe>\n\n<p\u00a0class=\"msonospacing\" style=\"text-align:justify\"><span style=\"font-size:14.0pt;\nfont-family:&quot;Arial&quot;,sans-serif\"><o:p><\/o:p><\/span>\n<\/p\u00a0class=\"msonospacing\">\n\n<p><iframe src=\"https:\/\/www.facebook.com\/plugins\/video.php?height=476&#038;href=https%3A%2F%2Fwww.facebook.com%2Freel%2F944638014941920%2F&#038;show_text=false&#038;width=313&#038;t=0\" width=\"313\" height=\"476\" style=\"border:none;overflow:hidden\" scrolling=\"no\" frameborder=\"0\" allowfullscreen=\"true\" allow=\"autoplay; clipboard-write; encrypted-media; picture-in-picture; web-share\" allowFullScreen=\"true\"><\/iframe><\/p>\n<p><iframe src=\"https:\/\/www.facebook.com\/plugins\/video.php?height=476&#038;href=https%3A%2F%2Fwww.facebook.com%2Freel%2F1839401833401220%2F&#038;show_text=false&#038;width=220&#038;t=0\" width=\"220\" height=\"476\" style=\"border:none;overflow:hidden\" scrolling=\"no\" frameborder=\"0\" allowfullscreen=\"true\" allow=\"autoplay; clipboard-write; encrypted-media; picture-in-picture; web-share\" allowFullScreen=\"true\"><\/iframe><\/p>\n<p><iframe src=\"https:\/\/www.facebook.com\/plugins\/video.php?height=476&#038;href=https%3A%2F%2Fwww.facebook.com%2Freel%2F2152498175507535%2F&#038;show_text=false&#038;width=266&#038;t=0\" width=\"266\" height=\"476\" style=\"border:none;overflow:hidden\" scrolling=\"no\" frameborder=\"0\" allowfullscreen=\"true\" allow=\"autoplay; clipboard-write; encrypted-media; picture-in-picture; web-share\" allowFullScreen=\"true\"><\/iframe><\/p>\n<p><iframe src=\"https:\/\/www.facebook.com\/plugins\/video.php?height=252&#038;href=https%3A%2F%2Fwww.facebook.com%2Freel%2F966435419463800%2F&#038;show_text=false&#038;width=560&#038;t=0\" width=\"560\" height=\"252\" style=\"border:none;overflow:hidden\" scrolling=\"no\" frameborder=\"0\" allowfullscreen=\"true\" allow=\"autoplay; clipboard-write; encrypted-media; picture-in-picture; web-share\" allowFullScreen=\"true\"><\/iframe><\/p>\n<p>Lorem Ipsum has been the industry&#8217;s standard dummy text ever since the 1500s.<\/p>\n\n\n\n\n\n\n\n\n\n","protected":false},"excerpt":{"rendered":"","protected":false},"author":1,"featured_media":0,"parent":184,"menu_order":0,"comment_status":"closed","ping_status":"closed","template":"","meta":{"pagelayer_contact_templates":[],"_pagelayer_content":"","h5ap_radio_sources":[],"footnotes":""},"class_list":["post-5762","page","type-page","status-publish","hentry"],"_links":{"self":[{"href":"https:\/\/www.sonidohiphop.com\/index.php?rest_route=\/wp\/v2\/pages\/5762","targetHints":{"allow":["GET"]}}],"collection":[{"href":"https:\/\/www.sonidohiphop.com\/index.php?rest_route=\/wp\/v2\/pages"}],"about":[{"href":"https:\/\/www.sonidohiphop.com\/index.php?rest_route=\/wp\/v2\/types\/page"}],"author":[{"embeddable":true,"href":"https:\/\/www.sonidohiphop.com\/index.php?rest_route=\/wp\/v2\/users\/1"}],"replies":[{"embeddable":true,"href":"https:\/\/www.sonidohiphop.com\/index.php?rest_route=%2Fwp%2Fv2%2Fcomments&post=5762"}],"version-history":[{"count":6,"href":"https:\/\/www.sonidohiphop.com\/index.php?rest_route=\/wp\/v2\/pages\/5762\/revisions"}],"predecessor-version":[{"id":5777,"href":"https:\/\/www.sonidohiphop.com\/index.php?rest_route=\/wp\/v2\/pages\/5762\/revisions\/5777"}],"up":[{"embeddable":true,"href":"https:\/\/www.sonidohiphop.com\/index.php?rest_route=\/wp\/v2\/pages\/184"}],"wp:attachment":[{"href":"https:\/\/www.sonidohiphop.com\/index.php?rest_route=%2Fwp%2Fv2%2Fmedia&parent=5762"}],"curies":[{"name":"wp","href":"https:\/\/api.w.org\/{rel}","templated":true}]}}