{"id":599,"date":"2025-08-09T16:44:09","date_gmt":"2025-08-09T21:44:09","guid":{"rendered":"https:\/\/www.sonidohiphop.com\/?page_id=599"},"modified":"2025-08-09T16:51:47","modified_gmt":"2025-08-09T21:51:47","slug":"dj-km1kc","status":"publish","type":"page","link":"https:\/\/www.sonidohiphop.com\/?page_id=599","title":{"rendered":"Dj Km1kc"},"content":{"rendered":"\n\n\n\n<h1><font style=\"vertical-align: inherit;\"><font style=\"vertical-align: inherit;\"><font style=\"vertical-align: inherit;\"><font style=\"vertical-align: inherit;\"><font style=\"vertical-align: inherit;\"><font style=\"vertical-align: inherit;\"><font style=\"vertical-align: inherit;\"><font style=\"vertical-align: inherit;\"><font style=\"vertical-align: inherit;\"><font style=\"vertical-align: inherit;\">DJ KM1KC<\/font><\/font><\/font><\/font><\/font><\/font><\/font><\/font><\/font><\/font><\/h1>\n\n\n\n\n\n\n\n\n\n\n\n\n\n\n\n\n\n\n\n\n\n\n<h1><font style=\"vertical-align: inherit;\"><font style=\"vertical-align: inherit;\"><font style=\"vertical-align: inherit;\"><font style=\"vertical-align: inherit;\"><font style=\"vertical-align: inherit;\"><font style=\"vertical-align: inherit;\"><font style=\"vertical-align: inherit;\"><font style=\"vertical-align: inherit;\">Sonido Hip Hop, sabado 09 de agosto de 2025<\/font><\/font><\/font><\/font><\/font><\/font><\/font><\/font><\/h1>\n<p class=\"MsoNoSpacing\" style=\"text-align:justify\"><b><span lang=\"ES\" style=\"font-size:16.0pt;mso-ansi-language:ES\">Leonardo Hern\u00e1ndez<\/span><\/b><span lang=\"ES\" style=\"font-size: 16pt;\">, conocido como DJ KM1KC,\nha consolidado su carrera en la ciudad de Bogot\u00e1, se desempe\u00f1a como Tornamesista\npara la escena del Hip-hop desde el 2012, en su carrera como Dejaay<\/span><\/p><p class=\"MsoNoSpacing\" style=\"text-align:justify\"><span lang=\"ES\" style=\"font-size:16.0pt;mso-ansi-language:ES\">tornamesista ha logrado dominar\nla t\u00e9cnica de scratch en un nivel profesional, adem\u00e1s de ser campe\u00f3n de scratch\nen m\u00faltiples campeonatos y reconocido docente deejay, actualmente DJ KM1KC toca\nen formato abierto lo que le ha permitido experimentar con diferentes g\u00e9neros\nmusicales, siempre sin perder su esencia y haciendo scratch en todos los\nritmos.<o:p><\/o:p><\/span><\/p><p class=\"MsoNoSpacing\" style=\"text-align:justify\"><span lang=\"ES\" style=\"font-size:16.0pt;mso-ansi-language:ES\">&nbsp;<\/span><\/p><p class=\"MsoNoSpacing\" style=\"text-align:justify\"><span lang=\"ES\" style=\"font-size:16.0pt;mso-ansi-language:ES\">DJ KM1KC ha tenido la oportunidad\nde dar Master Class, conferencias, clases privadas y trabajar en Academias de\nla ciudad dictando clases a alumnos.<o:p><\/o:p><\/span><\/p><p class=\"MsoNoSpacing\" style=\"text-align:justify\"><span lang=\"ES\" style=\"font-size:16.0pt;mso-ansi-language:ES\">&nbsp;<\/span><\/p><p class=\"MsoNoSpacing\" style=\"text-align:justify\"><b><span lang=\"ES\" style=\"font-size:16.0pt;mso-ansi-language:ES\">Campeonatos\nGanados<o:p><\/o:p><\/span><\/b><\/p><p class=\"MsoNoSpacing\" style=\"text-align:justify\"><span lang=\"ES\" style=\"font-size:16.0pt;mso-ansi-language:ES\">Los campeonatos de scratch son el\nfuerte de DJ KM1KC en el 2016 gano el t\u00edtulo a campe\u00f3n nacional de scratch en Colombia.<o:p><\/o:p><\/span><\/p><p class=\"MsoNoSpacing\" style=\"text-align:justify\"><span lang=\"ES\" style=\"font-size:16.0pt;mso-ansi-language:ES\">Campeonatos 2014 &amp; 2015<o:p><\/o:p><\/span><\/p><p class=\"MsoNoSpacing\" style=\"text-align:justify\"><span lang=\"ES\" style=\"font-size:16.0pt;mso-ansi-language:ES\">Campe\u00f3n Torneo Elemento DJ\nFestival Hipbosa<o:p><\/o:p><\/span><\/p><p class=\"MsoNoSpacing\" style=\"text-align:justify\"><span lang=\"ES\" style=\"font-size:16.0pt;mso-ansi-language:ES\">Campe\u00f3n Torneo de Scratch semana\nde la juventud Usme Hip Hop.<o:p><\/o:p><\/span><\/p><p class=\"MsoNoSpacing\" style=\"text-align:justify\"><span lang=\"ES\" style=\"font-size:16.0pt;mso-ansi-language:ES\">Campeonatos 2016 &amp; 2017<o:p><\/o:p><\/span><\/p><p class=\"MsoNoSpacing\" style=\"text-align:justify\"><span lang=\"ES\" style=\"font-size:16.0pt;mso-ansi-language:ES\">Campe\u00f3n Torneo DJs Aniversario\nFUSION CREW<o:p><\/o:p><\/span><\/p><p class=\"MsoNoSpacing\" style=\"text-align:justify\"><span style=\"font-size:16.0pt\">Campe\u00f3n\nTorneo Nacional de Scratch \u201cSCRATCH BATTLE 2016\u201d<o:p><\/o:p><\/span><\/p><p class=\"MsoNoSpacing\" style=\"text-align:justify\"><span lang=\"ES\" style=\"font-size:16.0pt;mso-ansi-language:ES\">Torneo DJS festival Hiphop Ciudad\nBolivar 2016.<o:p><\/o:p><\/span><\/p><p class=\"MsoNoSpacing\" style=\"text-align:justify\"><span lang=\"ES\" style=\"font-size:16.0pt;mso-ansi-language:ES\">Campeonatos 2018 &amp; 2019<o:p><\/o:p><\/span><\/p><p class=\"MsoNoSpacing\" style=\"text-align:justify\"><span lang=\"ES\" style=\"font-size:16.0pt;mso-ansi-language:ES\">El arte de ser dj Contest campe\u00f3n\ntornamesismo latinoam\u00e9rica<o:p><\/o:p><\/span><\/p><p class=\"MsoNoSpacing\" style=\"text-align:justify\"><span style=\"font-size:16.0pt\">Campe\u00f3n\ntorneo tornamesismo legends of the old school<o:p><\/o:p><\/span><\/p><p class=\"MsoNoSpacing\" style=\"text-align:justify\"><span lang=\"ES\" style=\"font-size:16.0pt;mso-ansi-language:ES\">Premio al mejor DJ de Colombia premios\nzona 57<o:p><\/o:p><\/span><\/p><p class=\"MsoNoSpacing\" style=\"text-align:justify\"><span lang=\"ES\" style=\"font-size:16.0pt;mso-ansi-language:ES\">Campe\u00f3n Tornamesismo festival\nHipbosa<o:p><\/o:p><\/span><\/p><p class=\"MsoNoSpacing\" style=\"text-align:justify\"><span lang=\"ES\" style=\"font-size:16.0pt;mso-ansi-language:ES\">&nbsp;<\/span><\/p><p class=\"MsoNoSpacing\" style=\"text-align:justify\"><span lang=\"ES\" style=\"font-size:16.0pt;mso-ansi-language:ES\">&nbsp;<\/span><\/p><p class=\"MsoNoSpacing\" style=\"text-align:justify\"><b><span lang=\"ES\" style=\"font-size:16.0pt;mso-ansi-language:ES\">Shows en\nvivo<o:p><\/o:p><\/span><\/b><\/p><p class=\"MsoNoSpacing\" style=\"text-align:justify\"><span lang=\"ES\" style=\"font-size:16.0pt;mso-ansi-language:ES\">DJ KM1KC ha tocado en vivo en\ndiferentes aforos, desde recintos privados hasta grandes festivales.<o:p><\/o:p><\/span><\/p><p class=\"MsoNoSpacing\" style=\"text-align:justify\"><span lang=\"ES\" style=\"font-size:16.0pt;mso-ansi-language:ES\">Shows 2014 &amp; 2015<o:p><\/o:p><\/span><\/p><p class=\"MsoNoSpacing\" style=\"text-align:justify\"><span lang=\"ES\" style=\"font-size:16.0pt;mso-ansi-language:ES\">TEJUNTAS Festival Arte pal parche\nNeiva 4ta edici\u00f3n<o:p><\/o:p><\/span><\/p><p class=\"MsoNoSpacing\" style=\"text-align:justify\"><span lang=\"ES\" style=\"font-size:16.0pt;mso-ansi-language:ES\">Festival HIPHOP CAJAMARCA 2014<o:p><\/o:p><\/span><\/p><p class=\"MsoNoSpacing\" style=\"text-align:justify\"><span lang=\"ES\" style=\"font-size:16.0pt;mso-ansi-language:ES\">Festival HIPHOP AL PARQUE 2015.<o:p><\/o:p><\/span><\/p><p class=\"MsoNoSpacing\" style=\"text-align:justify\"><span lang=\"ES\" style=\"font-size:16.0pt;mso-ansi-language:ES\">Shows 2016 &amp; 2017<o:p><\/o:p><\/span><\/p><p class=\"MsoNoSpacing\" style=\"text-align:justify\"><span lang=\"ES\" style=\"font-size:16.0pt;mso-ansi-language:ES\">Festival HIP HOP AL PARQUE 2016\n(DJ STAN MC)<o:p><\/o:p><\/span><\/p><p class=\"MsoNoSpacing\" style=\"text-align:justify\"><span style=\"font-size:16.0pt\">Camping\nPool Party (DJ THE BEATNUTS &amp; LORD KOSSITY)<o:p><\/o:p><\/span><\/p><p class=\"MsoNoSpacing\" style=\"text-align:justify\"><span lang=\"ES\" style=\"font-size:16.0pt;mso-ansi-language:ES\">Shows 2018 &amp; 2019<o:p><\/o:p><\/span><\/p><p class=\"MsoNoSpacing\" style=\"text-align:justify\"><span lang=\"ES\" style=\"font-size:16.0pt;mso-ansi-language:ES\">DJ de la Gira nacional Crack\nFamily 2018 (Colombia y Ecuador)<o:p><\/o:p><\/span><\/p><p class=\"MsoNoSpacing\" style=\"text-align:justify\"><span lang=\"ES\" style=\"font-size:16.0pt;mso-ansi-language:ES\">Dj de Cella Dwellas &amp; Dj de\nArtifacts (Shows en Colombia)<o:p><\/o:p><\/span><\/p><p class=\"MsoNoSpacing\" style=\"text-align:justify\"><span lang=\"ES\" style=\"font-size:16.0pt;mso-ansi-language:ES\">Por presentaci\u00f3n especial EQAXION\nft ALI. KI\u00d1O &amp; RUZTO.<o:p><\/o:p><\/span><\/p><p class=\"MsoNoSpacing\" style=\"text-align:justify\"><span lang=\"ES\" style=\"font-size:16.0pt;mso-ansi-language:ES\">&nbsp;<\/span><\/p><p class=\"MsoNoSpacing\" style=\"text-align:justify\"><b><span lang=\"ES\" style=\"font-size:16.0pt;mso-ansi-language:ES\">Colaboraciones\ncon artistas<o:p><\/o:p><\/span><\/b><\/p><p class=\"MsoNoSpacing\" style=\"text-align:justify\"><span lang=\"ES\" style=\"font-size:16.0pt;mso-ansi-language:ES\">En su carrera DJ KM1KC ha tenido\nla oportunidad de hacer scratch para diferentes trabajos discogr\u00e1ficos y\nacompa\u00f1ar artistas en sus shows.<o:p><\/o:p><\/span><\/p><p class=\"MsoNoSpacing\" style=\"text-align:justify\"><span lang=\"ES\" style=\"font-size:16.0pt;mso-ansi-language:ES\">Colaboraciones 2016<o:p><\/o:p><\/span><\/p><p class=\"MsoNoSpacing\" style=\"text-align:justify\"><span lang=\"ES\" style=\"font-size:16.0pt;mso-ansi-language:ES\">Scratch para el disco de Radical\nChorencia \u2013 Sinopsis<o:p><\/o:p><\/span><\/p><p class=\"MsoNoSpacing\" style=\"text-align:justify\"><span lang=\"ES\" style=\"font-size:16.0pt;mso-ansi-language:ES\">Colaboraciones 2017<o:p><\/o:p><\/span><\/p><p class=\"MsoNoSpacing\" style=\"text-align:justify\"><span lang=\"ES\" style=\"font-size:16.0pt;mso-ansi-language:ES\">Scratch para el disco de Iyhon\nSecuaz \u2013 Hecho en un pa\u00eds sin reglas<o:p><\/o:p><\/span><\/p><p class=\"MsoNoSpacing\" style=\"text-align:justify\"><span lang=\"ES\" style=\"font-size:16.0pt;mso-ansi-language:ES\">Scratch para el disco de TSH\nSudaca \u2013 Equil\u00e1tero<o:p><\/o:p><\/span><\/p><p class=\"MsoNoSpacing\" style=\"text-align:justify\"><span lang=\"ES\" style=\"font-size:16.0pt;mso-ansi-language:ES\">Colaboraciones 2019<o:p><\/o:p><\/span><\/p><p class=\"MsoNoSpacing\" style=\"text-align:justify\"><span lang=\"ES\" style=\"font-size:16.0pt;mso-ansi-language:ES\">Show en colaboraci\u00f3n con EQAXION <o:p><\/o:p><\/span><\/p><p class=\"MsoNoSpacing\" style=\"text-align:justify\"><span lang=\"ES\" style=\"font-size:16.0pt;mso-ansi-language:ES\">Show junto a RANDY AKOSTA<o:p><\/o:p><\/span><\/p><p class=\"MsoNoSpacing\" style=\"text-align:justify\"><span lang=\"ES\" style=\"font-size:16.0pt;mso-ansi-language:ES\">SOWHAT LEGENDS FEST<o:p><\/o:p><\/span><\/p><p class=\"MsoNoSpacing\" style=\"text-align:justify\"><span lang=\"ES\" style=\"font-size:16.0pt;mso-ansi-language:ES\">PARO NACIONAL \u2013 Plaza de Bol\u00edvar<o:p><\/o:p><\/span><\/p><p class=\"MsoNoSpacing\" style=\"text-align:justify\">\n\n\n\n\n\n\n\n\n\n\n\n\n\n\n\n\n\n\n\n\n\n\n\n\n\n\n\n\n\n\n\n\n\n\n\n\n\n\n\n\n\n\n\n\n\n\n\n\n\n\n\n\n\n\n\n\n\n\n\n\n\n\n\n\n\n\n\n\n\n\n\n\n\n\n\n\n\n\n\n\n\n\n\n\n\n\n\n\n\n\n\n\n\n\n\n<\/p><p class=\"MsoNoSpacing\" style=\"text-align:justify\"><span lang=\"ES\" style=\"font-size:16.0pt;mso-ansi-language:ES\">&nbsp;<\/span><\/p>\n\n\n\n\n\n\n\n\n\n\n","protected":false},"excerpt":{"rendered":"","protected":false},"author":1,"featured_media":0,"parent":184,"menu_order":0,"comment_status":"closed","ping_status":"closed","template":"","meta":{"pagelayer_contact_templates":[],"_pagelayer_content":"","h5ap_radio_sources":[],"footnotes":""},"class_list":["post-599","page","type-page","status-publish","hentry"],"_links":{"self":[{"href":"https:\/\/www.sonidohiphop.com\/index.php?rest_route=\/wp\/v2\/pages\/599","targetHints":{"allow":["GET"]}}],"collection":[{"href":"https:\/\/www.sonidohiphop.com\/index.php?rest_route=\/wp\/v2\/pages"}],"about":[{"href":"https:\/\/www.sonidohiphop.com\/index.php?rest_route=\/wp\/v2\/types\/page"}],"author":[{"embeddable":true,"href":"https:\/\/www.sonidohiphop.com\/index.php?rest_route=\/wp\/v2\/users\/1"}],"replies":[{"embeddable":true,"href":"https:\/\/www.sonidohiphop.com\/index.php?rest_route=%2Fwp%2Fv2%2Fcomments&post=599"}],"version-history":[{"count":4,"href":"https:\/\/www.sonidohiphop.com\/index.php?rest_route=\/wp\/v2\/pages\/599\/revisions"}],"predecessor-version":[{"id":605,"href":"https:\/\/www.sonidohiphop.com\/index.php?rest_route=\/wp\/v2\/pages\/599\/revisions\/605"}],"up":[{"embeddable":true,"href":"https:\/\/www.sonidohiphop.com\/index.php?rest_route=\/wp\/v2\/pages\/184"}],"wp:attachment":[{"href":"https:\/\/www.sonidohiphop.com\/index.php?rest_route=%2Fwp%2Fv2%2Fmedia&parent=599"}],"curies":[{"name":"wp","href":"https:\/\/api.w.org\/{rel}","templated":true}]}}