{"id":652,"date":"2025-09-23T12:34:54","date_gmt":"2025-09-23T17:34:54","guid":{"rendered":"https:\/\/www.sonidohiphop.com\/?page_id=652"},"modified":"2025-09-23T12:54:39","modified_gmt":"2025-09-23T17:54:39","slug":"festival-revolucion-con-sentido-5","status":"publish","type":"page","link":"https:\/\/www.sonidohiphop.com\/?page_id=652","title":{"rendered":"Festival Revoluci\u00f3n Con Sentido 5"},"content":{"rendered":"\n\n\n\n<h1><font style=\"vertical-align: inherit;\"><font style=\"vertical-align: inherit;\"><font style=\"vertical-align: inherit;\"><font style=\"vertical-align: inherit;\"><font style=\"vertical-align: inherit;\"><font style=\"vertical-align: inherit;\"><font style=\"vertical-align: inherit;\"><font style=\"vertical-align: inherit;\"><font dir=\"auto\" style=\"vertical-align: inherit;\"><font dir=\"auto\" style=\"vertical-align: inherit;\">Festival revoluci\u00f3n con sentido 5<\/font><\/font><\/font><\/font><\/font><\/font><\/font><\/font><\/font><\/font><\/h1>\n\n<p>Lorem Ipsum has been the industry&#8217;s standard dummy text ever since the 1500s.<\/p>\n\n<h1><font style=\"vertical-align: inherit;\"><font style=\"vertical-align: inherit;\"><font style=\"vertical-align: inherit;\"><font style=\"vertical-align: inherit;\"><font dir=\"auto\" style=\"vertical-align: inherit;\"><font dir=\"auto\" style=\"vertical-align: inherit;\">Sonido Hip Hop, 22 de septiembre de 2025<\/font><\/font><\/font><\/font><\/font><\/font><\/h1>\n<h1><p class=\"MsoNoSpacing\" style=\"text-align:justify\"><span lang=\"ES\" style=\"font-size:14.0pt;mso-ansi-language:ES\">\u00a1Se viene el Festival Hip Hop\nRevoluci\u00f3n con Sentido! <o:p><\/o:p><\/span><\/p><p class=\"MsoNoSpacing\" style=\"text-align:justify\"><span lang=\"ES\" style=\"font-size:14.0pt;mso-ansi-language:ES\">Una experiencia donde el arte\nurbano se convierte en voz, fuerza y transformaci\u00f3n.<o:p><\/o:p><\/span><\/p><p class=\"MsoNoSpacing\" style=\"text-align:justify\"><span lang=\"ES\" style=\"font-size:14.0pt;mso-ansi-language:ES\">En esta ocasi\u00f3n a trav\u00e9s del\nBreaking, el Rap y el emprendimiento.<o:p><\/o:p><\/span><\/p><p class=\"MsoNoSpacing\" style=\"text-align:justify\"><span lang=\"ES\" style=\"font-size:14.0pt;mso-ansi-language:ES\">Desde el equipo del Festival Hip\nHop Revoluci\u00f3n con Sentido se dio a conocer la jornada de audiciones y el\nlistado de agrupaciones y artistas solistas de m\u00fasica Rap que pasan al\nsiguiente filtro. La jornada clasificatoria se realizar\u00e1 el d\u00eda 21 de\nseptiembre en el Centro Cultural Casa Turquesa Carrera 101 # 23 b 43 desde la 1\npm. <o:p><\/o:p><\/span><\/p><p class=\"MsoNoSpacing\" style=\"text-align:justify\"><span lang=\"ES\" style=\"font-size:14.0pt;mso-ansi-language:ES\">El orden de audici\u00f3n de las\nagrupaciones ser\u00e1 entregado el mismo d\u00edas 15 minutos antes de empezar\naudiciones. Se realizar\u00e1n dos sesiones de formaci\u00f3n de un taller enfocado en la\nproducci\u00f3n de eventos en vivo en peque\u00f1o formato de los cuales ser\u00e1 tenida en\ncuenta la asistencia como parte de la evaluaci\u00f3n para pasar a la siguiente\netapa. <o:p><\/o:p><\/span><\/p><p class=\"MsoNormal\">\n\n\n\n\n\n\n\n\n\n<\/p><p class=\"MsoNoSpacing\" style=\"text-align:justify\"><span lang=\"ES\" style=\"font-size:14.0pt;mso-ansi-language:ES\">&nbsp;<\/span><\/p><\/h1><h1 class=\"MsoNormal\"><span lang=\"ES\" style=\"font-size:14.0pt;line-height:115%;\nfont-family:&quot;Arial&quot;,sans-serif\"><o:p><\/o:p><\/span><\/h1>\n<h1><span style=\"background-color: rgb(255, 255, 255);\">audiciones 21 de septiembre<\/span><\/h1>\n\n<p>Lorem Ipsum has been the industry&#8217;s standard dummy text ever since the 1500s.<\/p>\n\n\n\n\n\n\n\n\n\n\n\n","protected":false},"excerpt":{"rendered":"","protected":false},"author":1,"featured_media":0,"parent":188,"menu_order":0,"comment_status":"closed","ping_status":"closed","template":"","meta":{"pagelayer_contact_templates":[],"_pagelayer_content":"","h5ap_radio_sources":[],"footnotes":""},"class_list":["post-652","page","type-page","status-publish","hentry"],"_links":{"self":[{"href":"https:\/\/www.sonidohiphop.com\/index.php?rest_route=\/wp\/v2\/pages\/652","targetHints":{"allow":["GET"]}}],"collection":[{"href":"https:\/\/www.sonidohiphop.com\/index.php?rest_route=\/wp\/v2\/pages"}],"about":[{"href":"https:\/\/www.sonidohiphop.com\/index.php?rest_route=\/wp\/v2\/types\/page"}],"author":[{"embeddable":true,"href":"https:\/\/www.sonidohiphop.com\/index.php?rest_route=\/wp\/v2\/users\/1"}],"replies":[{"embeddable":true,"href":"https:\/\/www.sonidohiphop.com\/index.php?rest_route=%2Fwp%2Fv2%2Fcomments&post=652"}],"version-history":[{"count":3,"href":"https:\/\/www.sonidohiphop.com\/index.php?rest_route=\/wp\/v2\/pages\/652\/revisions"}],"predecessor-version":[{"id":656,"href":"https:\/\/www.sonidohiphop.com\/index.php?rest_route=\/wp\/v2\/pages\/652\/revisions\/656"}],"up":[{"embeddable":true,"href":"https:\/\/www.sonidohiphop.com\/index.php?rest_route=\/wp\/v2\/pages\/188"}],"wp:attachment":[{"href":"https:\/\/www.sonidohiphop.com\/index.php?rest_route=%2Fwp%2Fv2%2Fmedia&parent=652"}],"curies":[{"name":"wp","href":"https:\/\/api.w.org\/{rel}","templated":true}]}}