{"id":671,"date":"2025-09-24T12:08:36","date_gmt":"2025-09-24T17:08:36","guid":{"rendered":"https:\/\/www.sonidohiphop.com\/?page_id=671"},"modified":"2025-09-24T13:01:12","modified_gmt":"2025-09-24T18:01:12","slug":"la-urban-dc","status":"publish","type":"page","link":"https:\/\/www.sonidohiphop.com\/?page_id=671","title":{"rendered":"La Urban Dc"},"content":{"rendered":"\n\n\n\n<h1>LA URBAN DC<\/h1>\n\n\n\n\n\n\n\n\n\n\n\n\n\n\n\n\n\n\n\n\n\n\n\n\n<h1><font style=\"vertical-align: inherit;\"><font style=\"vertical-align: inherit;\"><font style=\"vertical-align: inherit;\"><font style=\"vertical-align: inherit;\"><font dir=\"auto\" style=\"vertical-align: inherit;\"><font dir=\"auto\" style=\"vertical-align: inherit;\">Sonido Hip Hop, miercoles 24 de septiembre de 2025<\/font><\/font><\/font><\/font><\/font><\/font><\/h1>\n<p class=\"MsoNoSpacing\" style=\"text-align:justify\"><b><span lang=\"ES\" style=\"font-size:14.0pt;font-family:&quot;Arial&quot;,sans-serif;\nmso-ansi-language:ES\">La Urban DC: 19 a\u00f1os de Hip Hop, cultura y resistencia\ndesde Bosa y Kennedy<o:p><\/o:p><\/span><\/b><\/p><p class=\"MsoNoSpacing\" style=\"text-align:justify\"><span lang=\"ES\" style=\"font-size:14.0pt;font-family:&quot;Arial&quot;,sans-serif;mso-ansi-language:ES\">&nbsp;<\/span><\/p><p class=\"MsoNoSpacing\" style=\"text-align:justify\"><span lang=\"ES\" style=\"font-size:14.0pt;font-family:&quot;Arial&quot;,sans-serif;mso-ansi-language:ES\">En\nel 2005, entre grafitis, rimas y beats, naci\u00f3 en el sur de Bogot\u00e1 un colectivo\nque hoy es referente del Hip Hop distrital: La Urban DC. Sus ra\u00edces est\u00e1n en\nlas localidades de Bosa y Kennedy, territorios que han visto crecer a MCs,\ngrafiteros, DJs y bailarines que, con talento y disciplina, han tejido un\nproyecto art\u00edstico integral. Pero m\u00e1s all\u00e1 del rap, este colectivo ha sabido\nvincular la gesti\u00f3n cultural, la producci\u00f3n musical, el sector manufacturero,\nel marketing y la publicidad, convirti\u00e9ndose en un motor cultural con impacto social.<o:p><\/o:p><\/span><\/p><p class=\"MsoNoSpacing\" style=\"text-align:justify\"><span lang=\"ES\" style=\"font-size:14.0pt;font-family:&quot;Arial&quot;,sans-serif;mso-ansi-language:ES\">&nbsp;<\/span><\/p><p class=\"MsoNoSpacing\" style=\"text-align:justify\"><b><span lang=\"ES\" style=\"font-size:14.0pt;font-family:&quot;Arial&quot;,sans-serif;\nmso-ansi-language:ES\">Los or\u00edgenes<o:p><\/o:p><\/span><\/b><\/p><p class=\"MsoNoSpacing\" style=\"text-align:justify\"><span lang=\"ES\" style=\"font-size:14.0pt;font-family:&quot;Arial&quot;,sans-serif;mso-ansi-language:ES\">&nbsp;<\/span><\/p><p class=\"MsoNoSpacing\" style=\"text-align:justify\"><span lang=\"ES\" style=\"font-size:14.0pt;font-family:&quot;Arial&quot;,sans-serif;mso-ansi-language:ES\">Los\nfundadores de La Urban DC son nombres reconocidos en la escena:<o:p><\/o:p><\/span><\/p><p class=\"MsoNoSpacing\" style=\"text-align:justify\"><span lang=\"ES\" style=\"font-size:14.0pt;font-family:&quot;Arial&quot;,sans-serif;mso-ansi-language:ES\">Rub\u00e9n\nDar\u00edo S\u00e1nchez Hern\u00e1ndez (Axioma)<o:p><\/o:p><\/span><\/p><p class=\"MsoNoSpacing\" style=\"text-align:justify\"><span lang=\"ES\" style=\"font-size:14.0pt;font-family:&quot;Arial&quot;,sans-serif;mso-ansi-language:ES\">Jhon\nJairo Arciniegas (J. El Arciniegas)<o:p><\/o:p><\/span><\/p><p class=\"MsoNoSpacing\" style=\"text-align:justify\"><span lang=\"ES\" style=\"font-size:14.0pt;font-family:&quot;Arial&quot;,sans-serif;mso-ansi-language:ES\">Christian\nRafael Moncada Bernal (Natalicio)<o:p><\/o:p><\/span><\/p><p class=\"MsoNoSpacing\" style=\"text-align:justify\"><span lang=\"ES\" style=\"font-size:14.0pt;font-family:&quot;Arial&quot;,sans-serif;mso-ansi-language:ES\">Wilson\nDanilo Cordero Guti\u00e9rrez (Acero Flow) \u2013 representante legal del colectivo.<o:p><\/o:p><\/span><\/p><p class=\"MsoNoSpacing\" style=\"text-align:justify\"><span lang=\"ES\" style=\"font-size:14.0pt;font-family:&quot;Arial&quot;,sans-serif;mso-ansi-language:ES\">A\nellos se suman Arte N\u2019 Zenicero y La Hermandad, socios estrat\u00e9gicos que\nfortalecen la propuesta.<o:p><\/o:p><\/span><\/p><p class=\"MsoNoSpacing\" style=\"text-align:justify\"><span lang=\"ES\" style=\"font-size:14.0pt;font-family:&quot;Arial&quot;,sans-serif;mso-ansi-language:ES\">&nbsp;<\/span><\/p><p class=\"MsoNoSpacing\" style=\"text-align:justify\"><b><span lang=\"ES\" style=\"font-size:14.0pt;font-family:&quot;Arial&quot;,sans-serif;\nmso-ansi-language:ES\">Un camino s\u00f3lido<o:p><\/o:p><\/span><\/b><\/p><p class=\"MsoNoSpacing\" style=\"text-align:justify\"><span lang=\"ES\" style=\"font-size:14.0pt;font-family:&quot;Arial&quot;,sans-serif;mso-ansi-language:ES\">&nbsp;<\/span><\/p><p class=\"MsoNoSpacing\" style=\"text-align:justify\"><span lang=\"ES\" style=\"font-size:14.0pt;font-family:&quot;Arial&quot;,sans-serif;mso-ansi-language:ES\">Con\nm\u00e1s de 14 a\u00f1os de trayectoria, La Urban DC ha dejado huella en proyectos clave\ndel rap bogotano:<o:p><\/o:p><\/span><\/p><p class=\"MsoNoSpacing\" style=\"text-align:justify\"><span lang=\"ES\" style=\"font-size:14.0pt;font-family:&quot;Arial&quot;,sans-serif;mso-ansi-language:ES\">En\n2023 participaron en el \u00e1lbum \u201cReconociendo el pedazo\u201d con el tema \u201cAs\u00ed son las\ncalles\u201d, bajo el sello El Sonido del Javier, cerrando con una muestra musical\nfrente a la Alcald\u00eda de Kennedy.<o:p><\/o:p><\/span><\/p><p class=\"MsoNoSpacing\" style=\"text-align:justify\"><span lang=\"ES\" style=\"font-size:14.0pt;font-family:&quot;Arial&quot;,sans-serif;mso-ansi-language:ES\">En\n2024 fueron parte de \u201cHecho en Kennedy Vol. 1\u201d, proyecto discogr\u00e1fico y\naudiovisual con 15 tracks y 2 memorias f\u00edlmicas que reflejan las vivencias y\nproblem\u00e1ticas de los barrios populares. El lanzamiento se realiz\u00f3 en La Mansi\u00f3n\ndel Rap.<o:p><\/o:p><\/span><\/p><p class=\"MsoNoSpacing\" style=\"text-align:justify\"><span lang=\"ES\" style=\"font-size:14.0pt;font-family:&quot;Arial&quot;,sans-serif;mso-ansi-language:ES\">Ese\nmismo a\u00f1o lanzaron su primer EP, \u201cAdquiriendo Conocimiento\u201d, bajo el sello Real\nAudio The Company. El trabajo, con 6 canciones y una memoria f\u00edlmica, entrega\nliricas expl\u00edcitas y reflexivas sobre la realidad del pa\u00eds.<o:p><\/o:p><\/span><\/p><p class=\"MsoNoSpacing\" style=\"text-align:justify\"><span lang=\"ES\" style=\"font-size:14.0pt;font-family:&quot;Arial&quot;,sans-serif;mso-ansi-language:ES\">&nbsp;<\/span><\/p><p class=\"MsoNoSpacing\" style=\"text-align:justify\"><b><span lang=\"ES\" style=\"font-size:14.0pt;font-family:&quot;Arial&quot;,sans-serif;\nmso-ansi-language:ES\">Colaboraciones y nuevas apuestas<o:p><\/o:p><\/span><\/b><\/p><p class=\"MsoNoSpacing\" style=\"text-align:justify\"><span lang=\"ES\" style=\"font-size:14.0pt;font-family:&quot;Arial&quot;,sans-serif;mso-ansi-language:ES\">&nbsp;<\/span><\/p><p class=\"MsoNoSpacing\" style=\"text-align:justify\"><span lang=\"ES\" style=\"font-size:14.0pt;font-family:&quot;Arial&quot;,sans-serif;mso-ansi-language:ES\">En\n2024 tambi\u00e9n sumaron fuerzas con la agrupaci\u00f3n Sacro C4 de Soacha, lanzando el\ntema \u201cAguerridos\u201d, producido por Rapzuca.<o:p><\/o:p><\/span><\/p><p class=\"MsoNoSpacing\" style=\"text-align:justify\"><span lang=\"ES\" style=\"font-size:14.0pt;font-family:&quot;Arial&quot;,sans-serif;mso-ansi-language:ES\">Actualmente\ntrabajan en lo que ser\u00e1 su proyecto m\u00e1s ambicioso: \u201cEXEG\u00c9SIS\u201d, un \u00e1lbum con 15\ncanciones que buscan sustentar, desde la l\u00edrica y la experiencia, la\ncomplejidad de ser artista urbano en Colombia. Su lanzamiento est\u00e1 previsto\npara finales de 2025.<o:p><\/o:p><\/span><\/p><p class=\"MsoNoSpacing\" style=\"text-align:justify\"><span lang=\"ES\" style=\"font-size:14.0pt;font-family:&quot;Arial&quot;,sans-serif;mso-ansi-language:ES\">&nbsp;<\/span><\/p><p class=\"MsoNoSpacing\" style=\"text-align:justify\"><b><span lang=\"ES\" style=\"font-size:14.0pt;font-family:&quot;Arial&quot;,sans-serif;\nmso-ansi-language:ES\">Misi\u00f3n y visi\u00f3n<o:p><\/o:p><\/span><\/b><\/p><p class=\"MsoNoSpacing\" style=\"text-align:justify\"><span lang=\"ES\" style=\"font-size:14.0pt;font-family:&quot;Arial&quot;,sans-serif;mso-ansi-language:ES\">&nbsp;<\/span><\/p><p class=\"MsoNoSpacing\" style=\"text-align:justify\"><span lang=\"ES\" style=\"font-size:14.0pt;font-family:&quot;Arial&quot;,sans-serif;mso-ansi-language:ES\">La\nUrban DC se define como un colectivo con una misi\u00f3n clara: usar la palabra y la\nm\u00fasica para transmitir mensajes positivos y de reflexi\u00f3n, incentivando a las\nnuevas generaciones de artistas emergentes a transformar sus realidades a\ntrav\u00e9s del arte.<o:p><\/o:p><\/span><\/p><p class=\"MsoNoSpacing\" style=\"text-align:justify\"><span lang=\"ES\" style=\"font-size:14.0pt;font-family:&quot;Arial&quot;,sans-serif;mso-ansi-language:ES\">En\nsu visi\u00f3n, buscan consolidarse como una marca registrada en la industria\nmusical, alcanzando reconocimiento y proyecci\u00f3n nacional con productos de alta\ncalidad.<o:p><\/o:p><\/span><\/p><p class=\"MsoNoSpacing\" style=\"text-align:justify\"><span lang=\"ES\" style=\"font-size:14.0pt;font-family:&quot;Arial&quot;,sans-serif;mso-ansi-language:ES\">&nbsp;<\/span><\/p><p class=\"MsoNoSpacing\" style=\"text-align:justify\"><b><span lang=\"ES\" style=\"font-size:14.0pt;font-family:&quot;Arial&quot;,sans-serif;\nmso-ansi-language:ES\">La fuerza de su show<o:p><\/o:p><\/span><\/b><\/p><p class=\"MsoNoSpacing\" style=\"text-align:justify\"><span lang=\"ES\" style=\"font-size:14.0pt;font-family:&quot;Arial&quot;,sans-serif;mso-ansi-language:ES\">&nbsp;<\/span><\/p><p class=\"MsoNoSpacing\" style=\"text-align:justify\"><span lang=\"ES\" style=\"font-size:14.0pt;font-family:&quot;Arial&quot;,sans-serif;mso-ansi-language:ES\">El\ncolectivo ofrece un espect\u00e1culo vers\u00e1til, con flows y m\u00e9tricas \u00fanicas en cada\nintegrante. Su propuesta mezcla ra\u00edces latinas y americanas, generando un\nimpacto que va m\u00e1s all\u00e1 de lo auditivo: buscan provocar sensaciones, reflexi\u00f3n\ny entretenimiento real.<o:p><\/o:p><\/span><\/p><p class=\"MsoNoSpacing\" style=\"text-align:justify\">\n\n\n\n\n\n\n\n\n\n\n\n\n\n\n\n\n\n\n\n\n\n\n\n\n\n\n\n\n\n\n\n\n\n\n\n\n\n\n\n\n\n\n\n\n\n\n\n\n\n\n\n\n\n\n\n\n\n\n\n\n\n\n\n\n\n<\/p><p class=\"MsoNoSpacing\" style=\"text-align:justify\"><span lang=\"ES\" style=\"font-size:14.0pt;font-family:&quot;Arial&quot;,sans-serif;mso-ansi-language:ES\">La\nUrban DC no solo representa a Bosa y Kennedy; representa la resistencia, la\nautogesti\u00f3n y la potencia transformadora del Hip Hop colombiano.<\/span><\/p>\n<p><br><\/p>\n\n\n\n\n\n\n\n\n\n\n\n\n\n\n\n\n\n\n<p><iframe data-testid=\"embed-iframe\" style=\"border-radius:12px\" src=\"https:\/\/open.spotify.com\/embed\/artist\/0HYkSsdxASYCXhc1ZoMQJf?utm_source=generator\" width=\"100%\" height=\"352\" frameBorder=\"0\" allowfullscreen=\"\" allow=\"autoplay; clipboard-write; encrypted-media; fullscreen; picture-in-picture\" loading=\"lazy\"><\/iframe><\/p>\n\n\n\n\n\n\n\n\n\n\n\n\n\n\n\n\n\n\n\n\n\n\n\n\n\n\n\n\n\n\n\n\n\n\n\n\n\n\n\n\n\n\n\n\n\n\n\n\n\n\n\n\n\n\n\n\n\n\n\n\n\n\n\n\n","protected":false},"excerpt":{"rendered":"","protected":false},"author":1,"featured_media":0,"parent":184,"menu_order":0,"comment_status":"closed","ping_status":"closed","template":"","meta":{"pagelayer_contact_templates":[],"_pagelayer_content":"","h5ap_radio_sources":[],"footnotes":""},"class_list":["post-671","page","type-page","status-publish","hentry"],"_links":{"self":[{"href":"https:\/\/www.sonidohiphop.com\/index.php?rest_route=\/wp\/v2\/pages\/671","targetHints":{"allow":["GET"]}}],"collection":[{"href":"https:\/\/www.sonidohiphop.com\/index.php?rest_route=\/wp\/v2\/pages"}],"about":[{"href":"https:\/\/www.sonidohiphop.com\/index.php?rest_route=\/wp\/v2\/types\/page"}],"author":[{"embeddable":true,"href":"https:\/\/www.sonidohiphop.com\/index.php?rest_route=\/wp\/v2\/users\/1"}],"replies":[{"embeddable":true,"href":"https:\/\/www.sonidohiphop.com\/index.php?rest_route=%2Fwp%2Fv2%2Fcomments&post=671"}],"version-history":[{"count":9,"href":"https:\/\/www.sonidohiphop.com\/index.php?rest_route=\/wp\/v2\/pages\/671\/revisions"}],"predecessor-version":[{"id":684,"href":"https:\/\/www.sonidohiphop.com\/index.php?rest_route=\/wp\/v2\/pages\/671\/revisions\/684"}],"up":[{"embeddable":true,"href":"https:\/\/www.sonidohiphop.com\/index.php?rest_route=\/wp\/v2\/pages\/184"}],"wp:attachment":[{"href":"https:\/\/www.sonidohiphop.com\/index.php?rest_route=%2Fwp%2Fv2%2Fmedia&parent=671"}],"curies":[{"name":"wp","href":"https:\/\/api.w.org\/{rel}","templated":true}]}}