{"id":691,"date":"2025-09-24T13:29:41","date_gmt":"2025-09-24T18:29:41","guid":{"rendered":"https:\/\/www.sonidohiphop.com\/?page_id=691"},"modified":"2025-09-24T13:48:14","modified_gmt":"2025-09-24T18:48:14","slug":"lord-mc","status":"publish","type":"page","link":"https:\/\/www.sonidohiphop.com\/?page_id=691","title":{"rendered":"Lord Mc"},"content":{"rendered":"\n\n\n\n<h1><font dir=\"auto\" style=\"vertical-align: inherit;\"><font dir=\"auto\" style=\"vertical-align: inherit;\">Lord mc<\/font><\/font><\/h1>\n\n\n\n\n\n\n\n\n\n\n\n\n\n\n\n\n\n\n\n\n\n\n\n\n<h1><p class=\"MsoNormal\" style=\"margin-bottom:6.0pt;text-align:justify;line-height:\n21.0pt\"><b><span lang=\"ES\" style=\"font-size:12.0pt;font-family:&quot;Arial&quot;,sans-serif;\nmso-fareast-font-family:&quot;Times New Roman&quot;;color:black;mso-fareast-language:\nES\">Sonido Hip Hop, 02 de Marzo 2023<\/span><\/b><span lang=\"ES\" style=\"font-size:\n12.0pt;font-family:&quot;Arial&quot;,sans-serif;mso-fareast-font-family:&quot;Times New Roman&quot;;\ncolor:black;mso-fareast-language:ES\"><o:p><\/o:p><\/span><\/p><\/h1>\n<p class=\"MsoNoSpacing\" style=\"text-align:justify\"><b style=\"text-align: center;\"><span lang=\"ES\" style=\"font-size: 14pt; font-family: Arial, sans-serif;\">LORD\nMC &#8211; LE\u00d3N DE OCCIDENTE<\/span><\/b><\/p>\n\n<p class=\"MsoNormal\" style=\"margin-bottom:0cm;margin-bottom:.0001pt;text-align:\njustify;line-height:normal\"><span lang=\"ES\" style=\"font-size: 14pt; font-family: Arial, sans-serif;\">Artista profesional e integral de\nla cultura Hip Hop, con un enfoque principalmente en el elemento Mc Productor,\ncon capacidades de trabajar en equipo, con amplio conocimiento en el trabajo\ncultural y comunitario principalmente con j\u00f3venes y ni\u00f1os, en situaciones de\nvulnerabilidad, su experiencia se centra en \u00e1reas art\u00edsticas y pedag\u00f3gicas,\nalrededor del arte urbano principalmente en el Hip Hop, lectura y escritura de\nm\u00fasica Rap, t\u00e9cnicas de interpretaci\u00f3n y conocimiento de la cultura Hip Hop y\nsus cinco elementos, con amplias capacidades en comunicaci\u00f3n social, manejo de\ngrupos , capacitaci\u00f3n y atenci\u00f3n en prevenci\u00f3n y mitigaci\u00f3n de consumo de\nsustancias psicoactivas.<\/span><span lang=\"ES\" style=\"font-size: 10.5pt; font-family: Arial, sans-serif;\"><o:p><\/o:p><\/span><\/p>\n\n<p class=\"MsoNormal\" style=\"margin-bottom:0cm;margin-bottom:.0001pt;text-align:\njustify;line-height:normal\"><span lang=\"ES\" style=\"font-size: 10.5pt; font-family: Arial, sans-serif;\">&nbsp;<o:p><\/o:p><\/span><\/p>\n\n<p class=\"MsoNormal\" style=\"margin-bottom:0cm;margin-bottom:.0001pt;text-align:\njustify;line-height:normal\"><b><span lang=\"ES\" style=\"font-size: 18pt; font-family: Arial, sans-serif;\">Gran Lanzamiento<\/span><\/b><span lang=\"ES\" style=\"font-size: 10.5pt; font-family: Arial, sans-serif;\"><o:p><\/o:p><\/span><\/p>\n\n<p class=\"MsoNormal\" style=\"margin-bottom:0cm;margin-bottom:.0001pt;text-align:\njustify;line-height:normal\"><span lang=\"ES\" style=\"font-size: 14pt; font-family: Arial, sans-serif;\">Lord Mc llega con su nuevo\ntrabajo musical \u201cHaciendo Ruido\u201d, una compilaci\u00f3n de canciones con un sonido\ncl\u00e1sico, letras de vida, amor y revoluci\u00f3n. Esta vez con grandes invitados de\nla vieja y nueva escuela del Rap Bogotano y Colombiano; Bless k demente, tian\nMc, Surcrem, Colibr\u00ed Mc, Nativo Lince, Ares Warrior, con una producci\u00f3n musical\nrealizada por el sello Eternal Music Producciones y la producci\u00f3n ejecutiva por\nparte del centro Cultural Casa Turquesa.<\/span><span lang=\"ES\" style=\"font-size: 12pt; font-family: Arial, sans-serif;\"><br>\n<\/span><span lang=\"ES\" style=\"font-size: 14pt; font-family: Arial, sans-serif;\">Este trabajo musical enfoca su eje conceptual en el\ncrecimiento personal desde el quinto elemento del Hip Hop (Conocimiento), la\nposici\u00f3n pol\u00edtica y social de Lord Mc ante las situaciones cotidianas de la\ncalle y el despertar de una conciencia colectiva entorno a los problemas que\nafronta nuestro pa\u00eds como sociedad.<\/span><span lang=\"ES\" style=\"font-size: 10.5pt; font-family: Arial, sans-serif;\"><o:p><\/o:p><\/span><\/p>\n\n<p class=\"MsoNormal\" style=\"margin-bottom:0cm;margin-bottom:.0001pt;line-height:\nnormal\"><span lang=\"ES\" style=\"font-size:10.5pt;font-family:&quot;Arial&quot;,sans-serif;\nmso-fareast-font-family:&quot;Times New Roman&quot;;color:#333333;mso-fareast-language:\nES\">&nbsp;<o:p><\/o:p><\/span><\/p>\n<p><br><\/p>\n<p><iframe data-testid=\"embed-iframe\" style=\"border-radius:12px\" src=\"https:\/\/open.spotify.com\/embed\/artist\/5M1Rx3GXYDNsb1ajnhKysJ?utm_source=generator\" width=\"100%\" height=\"352\" frameBorder=\"0\" allowfullscreen=\"\" allow=\"autoplay; clipboard-write; encrypted-media; fullscreen; picture-in-picture\" loading=\"lazy\"><\/iframe><\/p>\n\n\n\n\n\n\n\n\n\n\n","protected":false},"excerpt":{"rendered":"","protected":false},"author":1,"featured_media":0,"parent":184,"menu_order":0,"comment_status":"closed","ping_status":"closed","template":"","meta":{"pagelayer_contact_templates":[],"_pagelayer_content":"","h5ap_radio_sources":[],"footnotes":""},"class_list":["post-691","page","type-page","status-publish","hentry"],"_links":{"self":[{"href":"https:\/\/www.sonidohiphop.com\/index.php?rest_route=\/wp\/v2\/pages\/691","targetHints":{"allow":["GET"]}}],"collection":[{"href":"https:\/\/www.sonidohiphop.com\/index.php?rest_route=\/wp\/v2\/pages"}],"about":[{"href":"https:\/\/www.sonidohiphop.com\/index.php?rest_route=\/wp\/v2\/types\/page"}],"author":[{"embeddable":true,"href":"https:\/\/www.sonidohiphop.com\/index.php?rest_route=\/wp\/v2\/users\/1"}],"replies":[{"embeddable":true,"href":"https:\/\/www.sonidohiphop.com\/index.php?rest_route=%2Fwp%2Fv2%2Fcomments&post=691"}],"version-history":[{"count":9,"href":"https:\/\/www.sonidohiphop.com\/index.php?rest_route=\/wp\/v2\/pages\/691\/revisions"}],"predecessor-version":[{"id":700,"href":"https:\/\/www.sonidohiphop.com\/index.php?rest_route=\/wp\/v2\/pages\/691\/revisions\/700"}],"up":[{"embeddable":true,"href":"https:\/\/www.sonidohiphop.com\/index.php?rest_route=\/wp\/v2\/pages\/184"}],"wp:attachment":[{"href":"https:\/\/www.sonidohiphop.com\/index.php?rest_route=%2Fwp%2Fv2%2Fmedia&parent=691"}],"curies":[{"name":"wp","href":"https:\/\/api.w.org\/{rel}","templated":true}]}}